{"id":13,"date":"2022-07-27T13:23:06","date_gmt":"2022-07-27T13:23:06","guid":{"rendered":"http:\/\/havasikatalin.timarweb.hu\/?page_id=13"},"modified":"2025-09-07T19:07:55","modified_gmt":"2025-09-07T19:07:55","slug":"bemutatkozom","status":"publish","type":"page","link":"https:\/\/phpteszt.femstudio.hu\/en\/bemutatkozom\/","title":{"rendered":"Welcome"},"content":{"rendered":"<div class=\"wp-block-image\">\n<figure class=\"alignleft is-resized\"><img loading=\"lazy\" decoding=\"async\" width=\"683\" height=\"1024\" src=\"https:\/\/phpteszt.femstudio.hu\/wp-content\/uploads\/2022\/09\/kati-web-683x1024.jpg\" alt=\"\" class=\"wp-image-68\" style=\"width:198px;height:296px\" srcset=\"https:\/\/phpteszt.femstudio.hu\/wp-content\/uploads\/2022\/09\/kati-web-683x1024.jpg 683w, https:\/\/phpteszt.femstudio.hu\/wp-content\/uploads\/2022\/09\/kati-web-200x300.jpg 200w, https:\/\/phpteszt.femstudio.hu\/wp-content\/uploads\/2022\/09\/kati-web-768x1152.jpg 768w, https:\/\/phpteszt.femstudio.hu\/wp-content\/uploads\/2022\/09\/kati-web-1024x1536.jpg 1024w, https:\/\/phpteszt.femstudio.hu\/wp-content\/uploads\/2022\/09\/kati-web-1365x2048.jpg 1365w, https:\/\/phpteszt.femstudio.hu\/wp-content\/uploads\/2022\/09\/kati-web.jpg 1500w\" sizes=\"auto, (max-width: 683px) 100vw, 683px\" \/><\/figure>\n<\/div>\n\n\n<p>Gondolt\u00e1l m\u00e1r arra, hogy j\u00f3 lenne, ha valaki seg\u00edtene eligazodni az \u00e9letedben \u00fagy, mint egy jelk\u00e9pes idegenvezet\u0151? <\/p>\n\n\n\n<p>Vannak helyzetek, melyeket k\u00f6nnyed\u00e9n siker\u00fcl megoldani az otthonr\u00f3l hozott, vagy id\u0151k\u00f6zben megszerzett megold\u00e1si mechanizmusokkal, de mindenki \u00e9let\u00e9ben ad\u00f3dnak olyan szitu\u00e1ci\u00f3k, melyeket a rendelkez\u00e9s\u00e9re \u00e1ll\u00f3 eszk\u00f6z\u00f6kkel nem tud sikeresen kezelni. S\u0151t, el\u0151fordul, hogy valaki \u00f6nsorsront\u00e1sban \u00e9li az \u00e9let\u00e9t, de nem veszi \u00e9szre addig, am\u00edg valaki nem seg\u00edt felismerni azokat a tudatalatti &#8222;programokat&#8221;, amelyekkel \u00fajra-, \u00e9s \u00fajra ism\u00e9tli a probl\u00e9m\u00e1t.  <\/p>\n\n\n\n<p><\/p>\n\n\n\n<p>Az, hogy vannak probl\u00e9m\u00e1id, term\u00e9szetes. Mindenkinek vannak. K\u00e9rd\u00e9s, hogy elsz\u00e1nod-e magad arra a bizonyos els\u0151 l\u00e9p\u00e9sre ahhoz, hogy meg tudj szabadulni t\u0151l\u00fck?<\/p>\n\n\n\n<p><strong>A t\u00e9m\u00e1k, melyekkel a legt\u00f6bbsz\u00f6r hozz\u00e1m fordulnak:<\/strong><\/p>\n\n\n\n<ul class=\"wp-block-list\">\n<li>konfliktushelyzetek az \u00e9let k\u00fcl\u00f6nb\u00f6z\u0151 ter\u00fcletein,<\/li>\n\n\n\n<li>nyugtalans\u00e1g, megfelel\u00e9si k\u00e9nyszer, \u00f6nbizalom probl\u00e9m\u00e1k,<\/li>\n\n\n\n<li>tests\u00faly k\u00e9rd\u00e9sek,<\/li>\n\n\n\n<li>\u00f6nismeret fejleszt\u00e9se,<\/li>\n\n\n\n<li>tanul\u00e1szavar,<\/li>\n\n\n\n<li>kommunik\u00e1ci\u00f3s k\u00e9szs\u00e9gek-, ill. prezent\u00e1ci\u00f3s k\u00e9szs\u00e9g fejleszt\u00e9se, t\u00e1rgyal\u00e1stechnika;<\/li>\n\n\n\n<li>vezet\u0151i k\u00e9szs\u00e9gek fejleszt\u00e9se,<\/li>\n\n\n\n<li>vesztes\u00e9gfeldolgoz\u00e1s, lez\u00e1r\u00e1s probl\u00e9m\u00e1k,<\/li>\n\n\n\n<li>teljes\u00edtm\u00e9ny n\u00f6vel\u00e9s sportban, m\u0171v\u00e9szeti alkot\u00f3munk\u00e1ban, hagyom\u00e1nyos munkahelyen.<\/li>\n<\/ul>\n\n\n\n<p><strong>Tanulm\u00e1nyaimr\u00f3l \u00e9s szakmai p\u00e1lyafut\u00e1somr\u00f3l a teljess\u00e9g ig\u00e9nye n\u00e9lk\u00fcl: <\/strong><\/p>\n\n\n\n<p>Alapdiplom\u00e1mat kommunik\u00e1ci\u00f3s szakemberk\u00e9nt szereztem a Kodol\u00e1nyi J\u00e1nos F\u0151iskol\u00e1n. Karrieremet az \u00fczleti szf\u00e9r\u00e1ban kezdtem: 20 \u00e9vig dolgoztam nemzetk\u00f6zi nagyv\u00e1llalatokn\u00e1l, ebb\u0151l 10 \u00e9vet fels\u0151 vezet\u0151k\u00e9nt, hum\u00e1n er\u0151forr\u00e1s ter\u00fcleten. 2003 \u00f3ta tartok k\u00e9szs\u00e9gfejleszt\u0151-, \u00f6nismereti \u00e9s vezet\u0151i tr\u00e9ningeket mind a v\u00e1llalati-, mind a civil szf\u00e9ra sz\u00e1m\u00e1ra. <\/p>\n\n\n\n<p>Mindig \u00e9rdekelt az emberi term\u00e9szet,- ill. az \u00e9rzelmek m\u0171k\u00f6d\u00e9se, a legjobban pedig az, hogy kib\u0151l hogyan lehet a legjobbat kihozni \u00f6nmaga sz\u00e1m\u00e1ra. Vezet\u0151i tapasztalataim sarkalltak arra, hogy szerezzek \u00e1tfog\u00f3bb ismereteket a bels\u0151 vil\u00e1g, f\u0151k\u00e9nt az elme tudatalatti m\u0171k\u00f6d\u00e9s\u00e9r\u0151l, \u00edgy jutottam el a kanadai Hypnotism Training Institute of Alberta budapesti kihelyezett kurzusaihoz. 2012-ben szereztem meg az ebben a szakm\u00e1ban el\u00e9rhet\u0151 legmagasabb k\u00e9pes\u00edt\u00e9st, Certified Clinical Hypnotherapistk\u00e9nt (CCHT). 2014. \u00f3ta oktat\u00f3ja is vagyok ennek a nemzetk\u00f6zi k\u00e9pz\u00e9si programnak, az International Hypnosis and Hypnotherapy Academyn\u00e9l tan\u00edtok hipn\u00f3zist az alapokt\u00f3l a professzion\u00e1lis kurzusokig Magyarorsz\u00e1gon, Szlov\u00e1ki\u00e1ban \u00e9s Rom\u00e1ni\u00e1ban. <\/p>\n\n\n\n<p>Szupervizork\u00e9nt t\u00e1mogatom az int\u00e9zm\u00e9ny\u00fcnkben k\u00e9pzett szakembereket, \u00e9s gyakran ny\u00fajtok szakmai t\u00e1mogat\u00e1st m\u00e1s seg\u00edt\u0151 szakm\u00e1k k\u00e9pvisel\u0151inek is. Rendszeresen tartok egy\u00e9ni \u00e9s csoportos \u00f6nismereti hipn\u00f3zist, vezetek SzomatoDr\u00e1ma<strong>\u00ae<\/strong> csoportokat, foglalkozom gy\u00e1sz-, \u00e9s vesztes\u00e9gfeldolgoz\u00e1ssal egy szint\u00e9n nemzetk\u00f6zi akkredit\u00e1ci\u00f3val rendelkez\u0151 m\u00f3dszertan szerint, \u00e9s sz\u00edv\u00fcgyem a szem\u00e9lyis\u00e9gfejleszt\u0151 medit\u00e1ci\u00f3s oktat\u00e1s.<\/p>\n\n\n\n<p>Tal\u00e1n ismer\u0151s a gondolat sz\u00e1modra is, hogy a kulcs probl\u00e9m\u00e1k megold\u00e1s\u00e1hoz mindig a probl\u00e9m\u00e1t hordoz\u00f3 emberben van. Ha el\u00e9rkezettnek l\u00e1tod az id\u0151t, hogy te is megtal\u00e1ld magadban a kulcsot, ami v\u00e1ltoz\u00e1st hozhat az \u00e9letedbe, akkor szeretettel v\u00e1rom jelentkez\u00e9sed el\u00e9rhet\u0151s\u00e9geimen.<\/p>\n\n\n\n<p><\/p>\n\n\n\n<p>Katalin Havasi<\/p>\n\n\n\n<p><em>Hypnotherapist CCHT,  Hypnotherapy instructor (ACHE)<\/em><\/p>\n\n\n\n<p><em>SzomatoDr\u00e1ma<strong>\u00ae<\/strong> <em>, Gy\u00e1szfeldolgoz\u00e1s, Medit\u00e1ci\u00f3 oktat\u00e1s, \u00f6nismereti kurzusok csoportban \u00e9s egy\u00e9nileg<\/em><\/em><\/p>\n\n\n\n<p><\/p>","protected":false},"excerpt":{"rendered":"<p>Gondolt\u00e1l m\u00e1r arra, hogy j\u00f3 lenne, ha valaki seg\u00edtene eligazodni az \u00e9letedben \u00fagy, mint egy jelk\u00e9pes idegenvezet\u0151? Vannak helyzetek, melyeket k\u00f6nnyed\u00e9n siker\u00fcl megoldani az otthonr\u00f3l hozott, vagy id\u0151k\u00f6zben megszerzett megold\u00e1si [&hellip;]<\/p>","protected":false},"author":1,"featured_media":0,"parent":0,"menu_order":0,"comment_status":"closed","ping_status":"closed","template":"template-page.php","meta":{"footnotes":""},"class_list":["post-13","page","type-page","status-publish","hentry"],"acf":[],"yoast_head":"<!-- This site is optimized with the Yoast SEO plugin v25.9 - https:\/\/yoast.com\/wordpress\/plugins\/seo\/ -->\n<title>Havasi Katalin<\/title>\n<meta name=\"robots\" content=\"noindex, follow, max-snippet:-1, max-image-preview:large, max-video-preview:-1\" \/>\n<meta property=\"og:locale\" content=\"en_GB\" \/>\n<meta property=\"og:type\" content=\"article\" \/>\n<meta property=\"og:description\" content=\"Gondolt\u00e1l m\u00e1r arra, hogy j\u00f3 lenne, ha valaki seg\u00edtene eligazodni az \u00e9letben \u00fagy, mint egy jelk\u00e9pes idegenvezet\u0151? Vannak helyzetek, melyeket k\u00f6nnyed\u00e9n siker\u00fcl megoldani az otthonr\u00f3l hozott, vagy id\u0151k\u00f6zben megszerzett megold\u00e1si mechanizmusokkal, de mindenki \u00e9let\u00e9ben ad\u00f3dnak olyan szitu\u00e1ci\u00f3k, melyeket a rendelkez\u00e9s\u00e9re \u00e1ll\u00f3 eszk\u00f6z\u00f6kkel nem tud sikeresen kezelni. S\u0151t, el\u0151fordul, hogy valaki \u00f6nsorsront\u00e1sban \u00e9li az \u00e9let\u00e9t, de nem veszi \u00e9szre addig, am\u00edg valaki nem seg\u00edt felismerni azokat a tudatalatti &quot;programokat&quot;, amelyekkel \u00fajra-, \u00e9s \u00fajra ism\u00e9tli a probl\u00e9m\u00e1t.\" \/>\n<meta property=\"og:url\" content=\"https:\/\/phpteszt.femstudio.hu\/en\/bemutatkozom\/\" \/>\n<meta property=\"og:site_name\" content=\"Havasi Katalin\" \/>\n<meta property=\"article:modified_time\" content=\"2025-09-07T19:07:55+00:00\" \/>\n<meta property=\"og:image\" content=\"https:\/\/phpteszt.femstudio.hu\/wp-content\/uploads\/2023\/03\/hero.webp\" \/>\n\t<meta property=\"og:image:width\" content=\"2000\" \/>\n\t<meta property=\"og:image:height\" content=\"1333\" \/>\n\t<meta property=\"og:image:type\" content=\"image\/webp\" \/>\n<meta name=\"twitter:card\" content=\"summary_large_image\" \/>\n<meta name=\"twitter:label1\" content=\"Estimated reading time\" \/>\n\t<meta name=\"twitter:data1\" content=\"3 minutes\" \/>\n<script type=\"application\/ld+json\" class=\"yoast-schema-graph\">{\"@context\":\"https:\/\/schema.org\",\"@graph\":[{\"@type\":\"WebPage\",\"@id\":\"https:\/\/phpteszt.femstudio.hu\/bemutatkozom\/\",\"url\":\"https:\/\/phpteszt.femstudio.hu\/bemutatkozom\/\",\"name\":\"\",\"isPartOf\":{\"@id\":\"https:\/\/phpteszt.femstudio.hu\/#website\"},\"primaryImageOfPage\":{\"@id\":\"https:\/\/phpteszt.femstudio.hu\/bemutatkozom\/#primaryimage\"},\"image\":{\"@id\":\"https:\/\/phpteszt.femstudio.hu\/bemutatkozom\/#primaryimage\"},\"thumbnailUrl\":\"https:\/\/phpteszt.femstudio.hu\/wp-content\/uploads\/2022\/09\/kati-web-683x1024.jpg\",\"datePublished\":\"2022-07-27T13:23:06+00:00\",\"dateModified\":\"2025-09-07T19:07:55+00:00\",\"breadcrumb\":{\"@id\":\"https:\/\/phpteszt.femstudio.hu\/bemutatkozom\/#breadcrumb\"},\"inLanguage\":\"en-GB\",\"potentialAction\":[{\"@type\":\"ReadAction\",\"target\":[\"https:\/\/phpteszt.femstudio.hu\/bemutatkozom\/\"]}]},{\"@type\":\"ImageObject\",\"inLanguage\":\"en-GB\",\"@id\":\"https:\/\/phpteszt.femstudio.hu\/bemutatkozom\/#primaryimage\",\"url\":\"https:\/\/phpteszt.femstudio.hu\/wp-content\/uploads\/2022\/09\/kati-web-683x1024.jpg\",\"contentUrl\":\"https:\/\/phpteszt.femstudio.hu\/wp-content\/uploads\/2022\/09\/kati-web-683x1024.jpg\"},{\"@type\":\"BreadcrumbList\",\"@id\":\"https:\/\/phpteszt.femstudio.hu\/bemutatkozom\/#breadcrumb\",\"itemListElement\":[{\"@type\":\"ListItem\",\"position\":1,\"name\":\"Kezd\u0151lap\",\"item\":\"https:\/\/phpteszt.femstudio.hu\/\"},{\"@type\":\"ListItem\",\"position\":2,\"name\":\"Szeretettel k\u00f6sz\u00f6ntelek!\"}]},{\"@type\":\"WebSite\",\"@id\":\"https:\/\/phpteszt.femstudio.hu\/#website\",\"url\":\"https:\/\/phpteszt.femstudio.hu\/\",\"name\":\"Havasi Katalin\",\"description\":\"hipn\u00f3zis, \u00f6nismeret, coaching\",\"publisher\":{\"@id\":\"https:\/\/phpteszt.femstudio.hu\/#organization\"},\"potentialAction\":[{\"@type\":\"SearchAction\",\"target\":{\"@type\":\"EntryPoint\",\"urlTemplate\":\"https:\/\/phpteszt.femstudio.hu\/?s={search_term_string}\"},\"query-input\":{\"@type\":\"PropertyValueSpecification\",\"valueRequired\":true,\"valueName\":\"search_term_string\"}}],\"inLanguage\":\"en-GB\"},{\"@type\":\"Organization\",\"@id\":\"https:\/\/phpteszt.femstudio.hu\/#organization\",\"name\":\"Havasi Katalin\",\"url\":\"https:\/\/phpteszt.femstudio.hu\/\",\"logo\":{\"@type\":\"ImageObject\",\"inLanguage\":\"en-GB\",\"@id\":\"https:\/\/phpteszt.femstudio.hu\/#\/schema\/logo\/image\/\",\"url\":\"https:\/\/phpteszt.femstudio.hu\/wp-content\/uploads\/2023\/03\/hero.webp\",\"contentUrl\":\"https:\/\/phpteszt.femstudio.hu\/wp-content\/uploads\/2023\/03\/hero.webp\",\"width\":2000,\"height\":1333,\"caption\":\"Havasi Katalin\"},\"image\":{\"@id\":\"https:\/\/phpteszt.femstudio.hu\/#\/schema\/logo\/image\/\"}}]}<\/script>\n<!-- \/ Yoast SEO plugin. -->","yoast_head_json":{"title":"Katalin Havasi","robots":{"index":"noindex","follow":"follow","max-snippet":"max-snippet:-1","max-image-preview":"max-image-preview:large","max-video-preview":"max-video-preview:-1"},"og_locale":"en_GB","og_type":"article","og_description":"Gondolt\u00e1l m\u00e1r arra, hogy j\u00f3 lenne, ha valaki seg\u00edtene eligazodni az \u00e9letben \u00fagy, mint egy jelk\u00e9pes idegenvezet\u0151? Vannak helyzetek, melyeket k\u00f6nnyed\u00e9n siker\u00fcl megoldani az otthonr\u00f3l hozott, vagy id\u0151k\u00f6zben megszerzett megold\u00e1si mechanizmusokkal, de mindenki \u00e9let\u00e9ben ad\u00f3dnak olyan szitu\u00e1ci\u00f3k, melyeket a rendelkez\u00e9s\u00e9re \u00e1ll\u00f3 eszk\u00f6z\u00f6kkel nem tud sikeresen kezelni. S\u0151t, el\u0151fordul, hogy valaki \u00f6nsorsront\u00e1sban \u00e9li az \u00e9let\u00e9t, de nem veszi \u00e9szre addig, am\u00edg valaki nem seg\u00edt felismerni azokat a tudatalatti \"programokat\", amelyekkel \u00fajra-, \u00e9s \u00fajra ism\u00e9tli a probl\u00e9m\u00e1t.","og_url":"https:\/\/phpteszt.femstudio.hu\/en\/bemutatkozom\/","og_site_name":"Havasi Katalin","article_modified_time":"2025-09-07T19:07:55+00:00","og_image":[{"width":2000,"height":1333,"url":"https:\/\/phpteszt.femstudio.hu\/wp-content\/uploads\/2023\/03\/hero.webp","type":"image\/webp"}],"twitter_card":"summary_large_image","twitter_misc":{"Estimated reading time":"3 minutes"},"schema":{"@context":"https:\/\/schema.org","@graph":[{"@type":"WebPage","@id":"https:\/\/phpteszt.femstudio.hu\/bemutatkozom\/","url":"https:\/\/phpteszt.femstudio.hu\/bemutatkozom\/","name":"","isPartOf":{"@id":"https:\/\/phpteszt.femstudio.hu\/#website"},"primaryImageOfPage":{"@id":"https:\/\/phpteszt.femstudio.hu\/bemutatkozom\/#primaryimage"},"image":{"@id":"https:\/\/phpteszt.femstudio.hu\/bemutatkozom\/#primaryimage"},"thumbnailUrl":"https:\/\/phpteszt.femstudio.hu\/wp-content\/uploads\/2022\/09\/kati-web-683x1024.jpg","datePublished":"2022-07-27T13:23:06+00:00","dateModified":"2025-09-07T19:07:55+00:00","breadcrumb":{"@id":"https:\/\/phpteszt.femstudio.hu\/bemutatkozom\/#breadcrumb"},"inLanguage":"en-GB","potentialAction":[{"@type":"ReadAction","target":["https:\/\/phpteszt.femstudio.hu\/bemutatkozom\/"]}]},{"@type":"ImageObject","inLanguage":"en-GB","@id":"https:\/\/phpteszt.femstudio.hu\/bemutatkozom\/#primaryimage","url":"https:\/\/phpteszt.femstudio.hu\/wp-content\/uploads\/2022\/09\/kati-web-683x1024.jpg","contentUrl":"https:\/\/phpteszt.femstudio.hu\/wp-content\/uploads\/2022\/09\/kati-web-683x1024.jpg"},{"@type":"BreadcrumbList","@id":"https:\/\/phpteszt.femstudio.hu\/bemutatkozom\/#breadcrumb","itemListElement":[{"@type":"ListItem","position":1,"name":"Kezd\u0151lap","item":"https:\/\/phpteszt.femstudio.hu\/"},{"@type":"ListItem","position":2,"name":"Szeretettel k\u00f6sz\u00f6ntelek!"}]},{"@type":"WebSite","@id":"https:\/\/phpteszt.femstudio.hu\/#website","url":"https:\/\/phpteszt.femstudio.hu\/","name":"Katalin Havasi","description":"hipn\u00f3zis, \u00f6nismeret, coaching","publisher":{"@id":"https:\/\/phpteszt.femstudio.hu\/#organization"},"potentialAction":[{"@type":"SearchAction","target":{"@type":"EntryPoint","urlTemplate":"https:\/\/phpteszt.femstudio.hu\/?s={search_term_string}"},"query-input":{"@type":"PropertyValueSpecification","valueRequired":true,"valueName":"search_term_string"}}],"inLanguage":"en-GB"},{"@type":"Organization","@id":"https:\/\/phpteszt.femstudio.hu\/#organization","name":"Katalin Havasi","url":"https:\/\/phpteszt.femstudio.hu\/","logo":{"@type":"ImageObject","inLanguage":"en-GB","@id":"https:\/\/phpteszt.femstudio.hu\/#\/schema\/logo\/image\/","url":"https:\/\/phpteszt.femstudio.hu\/wp-content\/uploads\/2023\/03\/hero.webp","contentUrl":"https:\/\/phpteszt.femstudio.hu\/wp-content\/uploads\/2023\/03\/hero.webp","width":2000,"height":1333,"caption":"Havasi Katalin"},"image":{"@id":"https:\/\/phpteszt.femstudio.hu\/#\/schema\/logo\/image\/"}}]}},"_links":{"self":[{"href":"https:\/\/phpteszt.femstudio.hu\/en\/wp-json\/wp\/v2\/pages\/13","targetHints":{"allow":["GET"]}}],"collection":[{"href":"https:\/\/phpteszt.femstudio.hu\/en\/wp-json\/wp\/v2\/pages"}],"about":[{"href":"https:\/\/phpteszt.femstudio.hu\/en\/wp-json\/wp\/v2\/types\/page"}],"author":[{"embeddable":true,"href":"https:\/\/phpteszt.femstudio.hu\/en\/wp-json\/wp\/v2\/users\/1"}],"replies":[{"embeddable":true,"href":"https:\/\/phpteszt.femstudio.hu\/en\/wp-json\/wp\/v2\/comments?post=13"}],"version-history":[{"count":7,"href":"https:\/\/phpteszt.femstudio.hu\/en\/wp-json\/wp\/v2\/pages\/13\/revisions"}],"predecessor-version":[{"id":830,"href":"https:\/\/phpteszt.femstudio.hu\/en\/wp-json\/wp\/v2\/pages\/13\/revisions\/830"}],"wp:attachment":[{"href":"https:\/\/phpteszt.femstudio.hu\/en\/wp-json\/wp\/v2\/media?parent=13"}],"curies":[{"name":"wp","href":"https:\/\/api.w.org\/{rel}","templated":true}]}}