{"id":15,"date":"2022-07-27T13:23:48","date_gmt":"2022-07-27T13:23:48","guid":{"rendered":"http:\/\/havasikatalin.timarweb.hu\/?page_id=15"},"modified":"2024-05-06T06:37:02","modified_gmt":"2024-05-06T06:37:02","slug":"egyeni-foglalkozas","status":"publish","type":"page","link":"https:\/\/phpteszt.femstudio.hu\/en\/egyeni-foglalkozas\/","title":{"rendered":"Egy\u00e9ni foglalkoz\u00e1s"},"content":{"rendered":"<figure class=\"wp-block-image size-full\"><img loading=\"lazy\" decoding=\"async\" width=\"1000\" height=\"750\" src=\"https:\/\/phpteszt.femstudio.hu\/wp-content\/uploads\/2023\/06\/Depositphotos_38702993_S.jpg\" alt=\"\" class=\"wp-image-493\" srcset=\"https:\/\/phpteszt.femstudio.hu\/wp-content\/uploads\/2023\/06\/Depositphotos_38702993_S.jpg 1000w, https:\/\/phpteszt.femstudio.hu\/wp-content\/uploads\/2023\/06\/Depositphotos_38702993_S-300x225.jpg 300w, https:\/\/phpteszt.femstudio.hu\/wp-content\/uploads\/2023\/06\/Depositphotos_38702993_S-768x576.jpg 768w\" sizes=\"auto, (max-width: 1000px) 100vw, 1000px\" \/><\/figure>\n\n\n\n<p>A megoldhatatlannak t\u0171n\u0151 gondok \u00e1ltal\u00e1ban egy vagy t\u00f6bb feldolgozatlan helyzet, f\u00e1j\u00f3 eml\u00e9k t\u00fcnetei. Ezek az eml\u00e9kek tele vannak \u00e9rzelmekkel \u00e9s befoly\u00e1solj\u00e1k napi m\u0171k\u00f6d\u00e9s\u00fcnket. Az elakad\u00e1sok ism\u00e9tl\u0151d\u0151 neh\u00e9zs\u00e9geket hoznak az \u00e9letbe: rossz d\u00f6nt\u00e9sek, rossz v\u00e1laszt\u00e1sok, minden \u00fatel\u00e1gaz\u00e1sn\u00e1l abba az ir\u00e1nyba megy\u00fcnk, ahol \u00fajabb s\u00e9r\u00fcl\u00e9sek v\u00e1rnak. A m\u00falt feldolgoz\u00e1sa seg\u00edt kiz\u00f6kkenni azokb\u00f3l a neh\u00e9z helyzetekb\u0151l, amelyek rabs\u00e1gban tartanak, \u00e9s hi\u00e1ba akartad nagyon, eddig nem tudt\u00e1l megszabadulni t\u0151l\u00fck. Ellazult, hipnotikus \u00e1llapotban felid\u00e9zheted a probl\u00e9m\u00e1id m\u00f6g\u00f6tt megh\u00faz\u00f3d\u00f3 m\u00faltb\u00e9li esem\u00e9nyeket. Felismerheted \u00e9rzelmi mint\u00e1zataidat, t\u00fcneteid \u00e9s \u00e9rzelmeid \u00f6sszef\u00fcgg\u00e9seit.<\/p>\n\n\n\n<p><strong>Mi t\u00f6rt\u00e9nik veled az \u00fcl\u00e9sek sor\u00e1n?<\/strong><\/p>\n\n\n\n<p>Miel\u0151tt belev\u00e1gsz, fontos tudni, hogy a hipnotikus \u00e1llapot az agy term\u00e9szetes \u00e1llapota. Minden nap hipn\u00f3zisban vagy t\u00f6bbsz\u00f6r is: \u00e1tlagosan 7 \u00f3r\u00e1t alfa-, n\u00e9ha m\u00e9lyebb tudat\u00e1llapotban t\u00f6lt az agyad, de \u00e9ppen ennek term\u00e9szetess\u00e9ge miatt nem biztos, hogy \u00e9szre veszed. Ezt az \u00e1llapotot id\u00e9zz\u00fck el\u0151, \u00e9s m\u00e9ly\u00edtj\u00fck a gyakorlatok sor\u00e1n, hogy min\u00e9l hat\u00e9konyabban tudjunk dolgozni. <\/p>\n\n\n\n<p>Kapcsolatba ker\u00fclsz a tudatoddal, \u00e9s \u00fajra \u00edrhatod a bels\u0151 programjaidat, megv\u00e1ltoztathatod \u00e9rzelmi reflexeidet. K\u00f6zben csak olyan dolgok t\u00f6rt\u00e9nhetnek veled, amelyeket megengedsz magadnak, ez\u00e1ltal teljes biztons\u00e1gban vagy. Ugyanezen okb\u00f3l sz\u00fcks\u00e9ges, hogy l\u00e9gy nyitott a v\u00e1ltoz\u00e1sra, \u00e9s ne csak akard, de meg is engedd magadnak, hogy megt\u00f6rt\u00e9njen.<\/p>\n\n\n\n<p>Hipnotikus \u00e1llapotban v\u00e9gig n\u00e9zni \u00e9leted filmj\u00e9t nagyon \u00e9rdekes \u00e9lm\u00e9ny. Egy-egy gyakorlat v\u00e9g\u00e9n lelki er\u0151dben megsokszorozva t\u00e9rsz vissza a h\u00e9tk\u00f6znapjaidba. Az esetek t\u00f6bbs\u00e9g\u00e9ben n\u00e9h\u00e1ny gyakorlat ut\u00e1n beindul a pozit\u00edv v\u00e1ltoz\u00e1s, de ennek temp\u00f3ja \u00e9s min\u0151s\u00e9ge azon m\u00falik, hogy te magad mennyire vagy k\u00e9sz arra, hogy az \u00e9leted megv\u00e1ltozzon. A m\u00f3dszer vil\u00e1gszerte nagy elismer\u00e9snek \u00f6rvend a hat\u00e9konys\u00e1ga miatt, de a siker kulcsa, hogy a te egy\u00fcttm\u0171k\u00f6d\u00e9sed is sz\u00fcks\u00e9ges ahhoz, hogy el\u00e9rd a c\u00e9lt, ami\u00e9rt megkerest\u00e9l. <\/p>\n\n\n\n<p>Alkalmank\u00e9nt 1.5 \u00f3r\u00e1t dolgozunk, a tal\u00e1lkoz\u00f3k d\u00edja 25.000 Ft. Ha k\u00e9rd\u00e9sed van, akkor minden elk\u00f6telezetts\u00e9g n\u00e9lk\u00fcl keress b\u00e1tran a az al\u00e1bbi el\u00e9rhet\u0151s\u00e9geimen.<\/p>","protected":false},"excerpt":{"rendered":"<p>A megoldhatatlannak t\u0171n\u0151 gondok \u00e1ltal\u00e1ban egy vagy t\u00f6bb feldolgozatlan helyzet, f\u00e1j\u00f3 eml\u00e9k t\u00fcnetei. Ezek az eml\u00e9kek tele vannak \u00e9rzelmekkel \u00e9s befoly\u00e1solj\u00e1k napi m\u0171k\u00f6d\u00e9s\u00fcnket. Az elakad\u00e1sok ism\u00e9tl\u0151d\u0151 neh\u00e9zs\u00e9geket hoznak az \u00e9letbe: [&hellip;]<\/p>","protected":false},"author":1,"featured_media":0,"parent":0,"menu_order":0,"comment_status":"closed","ping_status":"closed","template":"template-page.php","meta":{"footnotes":""},"class_list":["post-15","page","type-page","status-publish","hentry"],"acf":[],"yoast_head":"<!-- This site is optimized with the Yoast SEO plugin v25.9 - https:\/\/yoast.com\/wordpress\/plugins\/seo\/ -->\n<title>Havasi Katalin<\/title>\n<meta name=\"robots\" content=\"noindex, follow, max-snippet:-1, max-image-preview:large, max-video-preview:-1\" \/>\n<meta property=\"og:locale\" content=\"en_GB\" \/>\n<meta property=\"og:type\" content=\"article\" \/>\n<meta property=\"og:description\" content=\"Gondolt\u00e1l m\u00e1r arra, hogy j\u00f3 lenne, ha valaki seg\u00edtene eligazodni az \u00e9letben \u00fagy, mint egy jelk\u00e9pes idegenvezet\u0151? Vannak helyzetek, melyeket k\u00f6nnyed\u00e9n siker\u00fcl megoldani az otthonr\u00f3l hozott, vagy id\u0151k\u00f6zben megszerzett megold\u00e1si mechanizmusokkal, de mindenki \u00e9let\u00e9ben ad\u00f3dnak olyan szitu\u00e1ci\u00f3k, melyeket a rendelkez\u00e9s\u00e9re \u00e1ll\u00f3 eszk\u00f6z\u00f6kkel nem tud sikeresen kezelni. S\u0151t, el\u0151fordul, hogy valaki \u00f6nsorsront\u00e1sban \u00e9li az \u00e9let\u00e9t, de nem veszi \u00e9szre addig, am\u00edg valaki nem seg\u00edt felismerni azokat a tudatalatti &quot;programokat&quot;, amelyekkel \u00fajra-, \u00e9s \u00fajra ism\u00e9tli a probl\u00e9m\u00e1t.\" \/>\n<meta property=\"og:url\" content=\"https:\/\/phpteszt.femstudio.hu\/en\/egyeni-foglalkozas\/\" \/>\n<meta property=\"og:site_name\" content=\"Havasi Katalin\" \/>\n<meta property=\"article:modified_time\" content=\"2024-05-06T06:37:02+00:00\" \/>\n<meta property=\"og:image\" content=\"https:\/\/phpteszt.femstudio.hu\/wp-content\/uploads\/2023\/03\/hero.webp\" \/>\n\t<meta property=\"og:image:width\" content=\"2000\" \/>\n\t<meta property=\"og:image:height\" content=\"1333\" \/>\n\t<meta property=\"og:image:type\" content=\"image\/webp\" \/>\n<meta name=\"twitter:card\" content=\"summary_large_image\" \/>\n<meta name=\"twitter:label1\" content=\"Estimated reading time\" \/>\n\t<meta name=\"twitter:data1\" content=\"2 minutes\" \/>\n<script type=\"application\/ld+json\" class=\"yoast-schema-graph\">{\"@context\":\"https:\/\/schema.org\",\"@graph\":[{\"@type\":\"WebPage\",\"@id\":\"https:\/\/phpteszt.femstudio.hu\/egyeni-foglalkozas\/\",\"url\":\"https:\/\/phpteszt.femstudio.hu\/egyeni-foglalkozas\/\",\"name\":\"\",\"isPartOf\":{\"@id\":\"https:\/\/phpteszt.femstudio.hu\/#website\"},\"primaryImageOfPage\":{\"@id\":\"https:\/\/phpteszt.femstudio.hu\/egyeni-foglalkozas\/#primaryimage\"},\"image\":{\"@id\":\"https:\/\/phpteszt.femstudio.hu\/egyeni-foglalkozas\/#primaryimage\"},\"thumbnailUrl\":\"https:\/\/phpteszt.femstudio.hu\/wp-content\/uploads\/2023\/06\/Depositphotos_38702993_S.jpg\",\"datePublished\":\"2022-07-27T13:23:48+00:00\",\"dateModified\":\"2024-05-06T06:37:02+00:00\",\"breadcrumb\":{\"@id\":\"https:\/\/phpteszt.femstudio.hu\/egyeni-foglalkozas\/#breadcrumb\"},\"inLanguage\":\"en-GB\",\"potentialAction\":[{\"@type\":\"ReadAction\",\"target\":[\"https:\/\/phpteszt.femstudio.hu\/egyeni-foglalkozas\/\"]}]},{\"@type\":\"ImageObject\",\"inLanguage\":\"en-GB\",\"@id\":\"https:\/\/phpteszt.femstudio.hu\/egyeni-foglalkozas\/#primaryimage\",\"url\":\"https:\/\/phpteszt.femstudio.hu\/wp-content\/uploads\/2023\/06\/Depositphotos_38702993_S.jpg\",\"contentUrl\":\"https:\/\/phpteszt.femstudio.hu\/wp-content\/uploads\/2023\/06\/Depositphotos_38702993_S.jpg\"},{\"@type\":\"BreadcrumbList\",\"@id\":\"https:\/\/phpteszt.femstudio.hu\/egyeni-foglalkozas\/#breadcrumb\",\"itemListElement\":[{\"@type\":\"ListItem\",\"position\":1,\"name\":\"Kezd\u0151lap\",\"item\":\"https:\/\/phpteszt.femstudio.hu\/\"},{\"@type\":\"ListItem\",\"position\":2,\"name\":\"Egy\u00e9ni foglalkoz\u00e1s\"}]},{\"@type\":\"WebSite\",\"@id\":\"https:\/\/phpteszt.femstudio.hu\/#website\",\"url\":\"https:\/\/phpteszt.femstudio.hu\/\",\"name\":\"Havasi Katalin\",\"description\":\"hipn\u00f3zis, \u00f6nismeret, coaching\",\"publisher\":{\"@id\":\"https:\/\/phpteszt.femstudio.hu\/#organization\"},\"potentialAction\":[{\"@type\":\"SearchAction\",\"target\":{\"@type\":\"EntryPoint\",\"urlTemplate\":\"https:\/\/phpteszt.femstudio.hu\/?s={search_term_string}\"},\"query-input\":{\"@type\":\"PropertyValueSpecification\",\"valueRequired\":true,\"valueName\":\"search_term_string\"}}],\"inLanguage\":\"en-GB\"},{\"@type\":\"Organization\",\"@id\":\"https:\/\/phpteszt.femstudio.hu\/#organization\",\"name\":\"Havasi Katalin\",\"url\":\"https:\/\/phpteszt.femstudio.hu\/\",\"logo\":{\"@type\":\"ImageObject\",\"inLanguage\":\"en-GB\",\"@id\":\"https:\/\/phpteszt.femstudio.hu\/#\/schema\/logo\/image\/\",\"url\":\"https:\/\/phpteszt.femstudio.hu\/wp-content\/uploads\/2023\/03\/hero.webp\",\"contentUrl\":\"https:\/\/phpteszt.femstudio.hu\/wp-content\/uploads\/2023\/03\/hero.webp\",\"width\":2000,\"height\":1333,\"caption\":\"Havasi Katalin\"},\"image\":{\"@id\":\"https:\/\/phpteszt.femstudio.hu\/#\/schema\/logo\/image\/\"}}]}<\/script>\n<!-- \/ Yoast SEO plugin. -->","yoast_head_json":{"title":"Katalin Havasi","robots":{"index":"noindex","follow":"follow","max-snippet":"max-snippet:-1","max-image-preview":"max-image-preview:large","max-video-preview":"max-video-preview:-1"},"og_locale":"en_GB","og_type":"article","og_description":"Gondolt\u00e1l m\u00e1r arra, hogy j\u00f3 lenne, ha valaki seg\u00edtene eligazodni az \u00e9letben \u00fagy, mint egy jelk\u00e9pes idegenvezet\u0151? Vannak helyzetek, melyeket k\u00f6nnyed\u00e9n siker\u00fcl megoldani az otthonr\u00f3l hozott, vagy id\u0151k\u00f6zben megszerzett megold\u00e1si mechanizmusokkal, de mindenki \u00e9let\u00e9ben ad\u00f3dnak olyan szitu\u00e1ci\u00f3k, melyeket a rendelkez\u00e9s\u00e9re \u00e1ll\u00f3 eszk\u00f6z\u00f6kkel nem tud sikeresen kezelni. S\u0151t, el\u0151fordul, hogy valaki \u00f6nsorsront\u00e1sban \u00e9li az \u00e9let\u00e9t, de nem veszi \u00e9szre addig, am\u00edg valaki nem seg\u00edt felismerni azokat a tudatalatti \"programokat\", amelyekkel \u00fajra-, \u00e9s \u00fajra ism\u00e9tli a probl\u00e9m\u00e1t.","og_url":"https:\/\/phpteszt.femstudio.hu\/en\/egyeni-foglalkozas\/","og_site_name":"Havasi Katalin","article_modified_time":"2024-05-06T06:37:02+00:00","og_image":[{"width":2000,"height":1333,"url":"https:\/\/phpteszt.femstudio.hu\/wp-content\/uploads\/2023\/03\/hero.webp","type":"image\/webp"}],"twitter_card":"summary_large_image","twitter_misc":{"Estimated reading time":"2 minutes"},"schema":{"@context":"https:\/\/schema.org","@graph":[{"@type":"WebPage","@id":"https:\/\/phpteszt.femstudio.hu\/egyeni-foglalkozas\/","url":"https:\/\/phpteszt.femstudio.hu\/egyeni-foglalkozas\/","name":"","isPartOf":{"@id":"https:\/\/phpteszt.femstudio.hu\/#website"},"primaryImageOfPage":{"@id":"https:\/\/phpteszt.femstudio.hu\/egyeni-foglalkozas\/#primaryimage"},"image":{"@id":"https:\/\/phpteszt.femstudio.hu\/egyeni-foglalkozas\/#primaryimage"},"thumbnailUrl":"https:\/\/phpteszt.femstudio.hu\/wp-content\/uploads\/2023\/06\/Depositphotos_38702993_S.jpg","datePublished":"2022-07-27T13:23:48+00:00","dateModified":"2024-05-06T06:37:02+00:00","breadcrumb":{"@id":"https:\/\/phpteszt.femstudio.hu\/egyeni-foglalkozas\/#breadcrumb"},"inLanguage":"en-GB","potentialAction":[{"@type":"ReadAction","target":["https:\/\/phpteszt.femstudio.hu\/egyeni-foglalkozas\/"]}]},{"@type":"ImageObject","inLanguage":"en-GB","@id":"https:\/\/phpteszt.femstudio.hu\/egyeni-foglalkozas\/#primaryimage","url":"https:\/\/phpteszt.femstudio.hu\/wp-content\/uploads\/2023\/06\/Depositphotos_38702993_S.jpg","contentUrl":"https:\/\/phpteszt.femstudio.hu\/wp-content\/uploads\/2023\/06\/Depositphotos_38702993_S.jpg"},{"@type":"BreadcrumbList","@id":"https:\/\/phpteszt.femstudio.hu\/egyeni-foglalkozas\/#breadcrumb","itemListElement":[{"@type":"ListItem","position":1,"name":"Kezd\u0151lap","item":"https:\/\/phpteszt.femstudio.hu\/"},{"@type":"ListItem","position":2,"name":"Egy\u00e9ni foglalkoz\u00e1s"}]},{"@type":"WebSite","@id":"https:\/\/phpteszt.femstudio.hu\/#website","url":"https:\/\/phpteszt.femstudio.hu\/","name":"Katalin Havasi","description":"hipn\u00f3zis, \u00f6nismeret, coaching","publisher":{"@id":"https:\/\/phpteszt.femstudio.hu\/#organization"},"potentialAction":[{"@type":"SearchAction","target":{"@type":"EntryPoint","urlTemplate":"https:\/\/phpteszt.femstudio.hu\/?s={search_term_string}"},"query-input":{"@type":"PropertyValueSpecification","valueRequired":true,"valueName":"search_term_string"}}],"inLanguage":"en-GB"},{"@type":"Organization","@id":"https:\/\/phpteszt.femstudio.hu\/#organization","name":"Katalin Havasi","url":"https:\/\/phpteszt.femstudio.hu\/","logo":{"@type":"ImageObject","inLanguage":"en-GB","@id":"https:\/\/phpteszt.femstudio.hu\/#\/schema\/logo\/image\/","url":"https:\/\/phpteszt.femstudio.hu\/wp-content\/uploads\/2023\/03\/hero.webp","contentUrl":"https:\/\/phpteszt.femstudio.hu\/wp-content\/uploads\/2023\/03\/hero.webp","width":2000,"height":1333,"caption":"Havasi Katalin"},"image":{"@id":"https:\/\/phpteszt.femstudio.hu\/#\/schema\/logo\/image\/"}}]}},"_links":{"self":[{"href":"https:\/\/phpteszt.femstudio.hu\/en\/wp-json\/wp\/v2\/pages\/15","targetHints":{"allow":["GET"]}}],"collection":[{"href":"https:\/\/phpteszt.femstudio.hu\/en\/wp-json\/wp\/v2\/pages"}],"about":[{"href":"https:\/\/phpteszt.femstudio.hu\/en\/wp-json\/wp\/v2\/types\/page"}],"author":[{"embeddable":true,"href":"https:\/\/phpteszt.femstudio.hu\/en\/wp-json\/wp\/v2\/users\/1"}],"replies":[{"embeddable":true,"href":"https:\/\/phpteszt.femstudio.hu\/en\/wp-json\/wp\/v2\/comments?post=15"}],"version-history":[{"count":14,"href":"https:\/\/phpteszt.femstudio.hu\/en\/wp-json\/wp\/v2\/pages\/15\/revisions"}],"predecessor-version":[{"id":688,"href":"https:\/\/phpteszt.femstudio.hu\/en\/wp-json\/wp\/v2\/pages\/15\/revisions\/688"}],"wp:attachment":[{"href":"https:\/\/phpteszt.femstudio.hu\/en\/wp-json\/wp\/v2\/media?parent=15"}],"curies":[{"name":"wp","href":"https:\/\/api.w.org\/{rel}","templated":true}]}}