{"id":19,"date":"2022-07-27T13:24:18","date_gmt":"2022-07-27T13:24:18","guid":{"rendered":"http:\/\/havasikatalin.timarweb.hu\/?page_id=19"},"modified":"2025-09-08T17:42:15","modified_gmt":"2025-09-08T17:42:15","slug":"szomatodrama","status":"publish","type":"page","link":"https:\/\/phpteszt.femstudio.hu\/en\/szomatodrama\/","title":{"rendered":"SzomatoDr\u00e1ma\u00ae"},"content":{"rendered":"<div class=\"wp-block-image\">\n<figure class=\"aligncenter size-full is-resized\"><img loading=\"lazy\" decoding=\"async\" width=\"1000\" height=\"310\" src=\"https:\/\/phpteszt.femstudio.hu\/wp-content\/uploads\/2025\/09\/Depositphotos_442001710_S.jpg\" alt=\"\" class=\"wp-image-824\" style=\"width:591px;height:auto\" srcset=\"https:\/\/phpteszt.femstudio.hu\/wp-content\/uploads\/2025\/09\/Depositphotos_442001710_S.jpg 1000w, https:\/\/phpteszt.femstudio.hu\/wp-content\/uploads\/2025\/09\/Depositphotos_442001710_S-300x93.jpg 300w, https:\/\/phpteszt.femstudio.hu\/wp-content\/uploads\/2025\/09\/Depositphotos_442001710_S-768x238.jpg 768w\" sizes=\"auto, (max-width: 1000px) 100vw, 1000px\" \/><\/figure>\n<\/div>\n\n\n<p><\/p>\n\n\n\n<p><em>\u201c(\u2026) Seg\u00edts\u00fcnk felt\u00e1rni mindazt, ami a gy\u00f3gyul\u00e1s \u00fatj\u00e1ban \u00e1ll, ami akad\u00e1lyozza, hogy a term\u00e9szetes \u00f6ngy\u00f3gy\u00edt\u00f3 folyamatok a maguk organikuss\u00e1g\u00e1ban m\u0171k\u00f6djenek. Ehhez tud seg\u00edts\u00e9g\u00e9t ny\u00fajtani a Gy\u00f3gy\u00edt\u00f3 J\u00e1t\u00e9k \u2013 \u00e1m nem maga a Szomatodr\u00e1ma, pl\u00e1ne nem a J\u00e1t\u00e9k vezet\u0151je gy\u00f3gy\u00edt, sokkal ink\u00e1bba J\u00e1t\u00e9k \u00e1t\u00e9l\u00e9se.\u201d (Dr. Buda L\u00e1szl\u00f3)<\/em><\/p>\n\n\n\n<p><\/p>\n\n\n\n<p>Szeretettel h\u00edvlak a &#8222;&#8221;L\u00e9lekmes\u00e9k&#8221; SzomatoDr\u00e1ma<strong>\u00ae<\/strong> programra, ahol j\u00e1t\u00e9kos \u00e9s \u00e9rzelmekkel teli gyakorlatokon kereszt\u00fcl fejlesztheted kapcsol\u00f3d\u00e1sodat \u00f6nmagaddal. A nap sor\u00e1n olyan p\u00e1ros-, ill. csoportos helyzeteken kereszt\u00fcl kommunik\u00e1lhatsz egyes probl\u00e9m\u00e1s \u00e9nr\u00e9szeiddel, melyek v\u00e9g\u00fcl seg\u00edtenek egys\u00e9gg\u00e9 integr\u00e1lni a testet \u00e9s lelket, \u00e9s megteremteni a harm\u00f3ni\u00e1t.<\/p>\n\n\n\n<p>Ha mag\u00e1n\u00e9leti vagy eg\u00e9szs\u00e9g\u00fcgyi neh\u00e9zs\u00e9gekkel k\u00fczdesz, konfliktusok vannak az \u00e9letedben-, akkor ezen a programon k\u00fcl\u00f6nleges m\u00f3don kaphatsz r\u00e1l\u00e1t\u00e1st a bens\u0151 folyamataidra. Dolgozni fogsz a testeddel, a testeden kereszt\u00fcl az \u00e9rzelmeiddel, emberi kapcsolataiddal, \u00e9s mindennel, ami az \u00e9letben hol tudatosan, hol tudat alatt fesz\u00edt. A SzomatoDr\u00e1ma<strong>\u00ae<\/strong> elk\u00eds\u00e9r az izol\u00e1ci\u00f3t\u00f3l az \u00f6nszeretetig, seg\u00edt a harm\u00f3nia megteremt\u00e9s\u00e9ben. R\u00e1l\u00e1t\u00e1st nyerhetsz arra is, hogy mi volna az a fejl\u0151d\u00e9si ir\u00e1ny, ami eredm\u00e9nyess\u00e9 teheti er\u0151fesz\u00edt\u00e9seidet az \u00f6nismeret \u00fatj\u00e1n. <\/p>\n\n\n\n<p>Sz\u00e1mtalan pozit\u00edv kifut\u00e1sa lehet a SzomatoDr\u00e1m\u00e1val<strong>\u00ae<\/strong> t\u00f6lt\u00f6tt napnak, de egy biztos: aki a L\u00e9lekmes\u00e9k programon id\u0151t t\u00f6lt id\u0151t \u00f6nmag\u00e1val, v\u00e9g\u00fcl megk\u00f6nnyebb\u00fclt sz\u00edvvel, tiszt\u00e1bb bels\u0151 l\u00e1t\u00e1ssal \u00e9s tal\u00e1n n\u00e9h\u00e1ny \u00faj bar\u00e1ts\u00e1ggal z\u00e1rja a napot.<\/p>\n\n\n\n<p><strong>A k\u00f6vetkez\u0151 L\u00e9lekmes\u00e9k program: 2025. november 8.<\/strong> <strong>10.00-18.00 \u00f3r\u00e1ig. R\u00e9szv\u00e9teli d\u00edj: 25.000 Ft Jelentkez\u00e9s: katalin.havasi@gmail.com. <\/strong>Ha esetleg nem kedvez\u0151 sz\u00e1modra ez a d\u00e1tum, akkor k\u00e9rlek,  jelezz emailen, hogy egy m\u00e1sik alkalomra sz\u00edvesen elj\u00f6nn\u00e9l.<\/p>\n\n\n\n<p><\/p>\n\n\n\n<p><\/p>\n\n\n\n<p><\/p>","protected":false},"excerpt":{"rendered":"<p>\u201c(\u2026) Seg\u00edts\u00fcnk felt\u00e1rni mindazt, ami a gy\u00f3gyul\u00e1s \u00fatj\u00e1ban \u00e1ll, ami akad\u00e1lyozza, hogy a term\u00e9szetes \u00f6ngy\u00f3gy\u00edt\u00f3 folyamatok a maguk organikuss\u00e1g\u00e1ban m\u0171k\u00f6djenek. Ehhez tud seg\u00edts\u00e9g\u00e9t ny\u00fajtani a Gy\u00f3gy\u00edt\u00f3 J\u00e1t\u00e9k \u2013 \u00e1m nem [&hellip;]<\/p>","protected":false},"author":1,"featured_media":0,"parent":0,"menu_order":0,"comment_status":"closed","ping_status":"closed","template":"template-page.php","meta":{"footnotes":""},"class_list":["post-19","page","type-page","status-publish","hentry"],"acf":[],"yoast_head":"<!-- This site is optimized with the Yoast SEO plugin v25.9 - https:\/\/yoast.com\/wordpress\/plugins\/seo\/ -->\n<title>Havasi Katalin<\/title>\n<meta name=\"robots\" content=\"noindex, follow, max-snippet:-1, max-image-preview:large, max-video-preview:-1\" \/>\n<meta property=\"og:locale\" content=\"en_GB\" \/>\n<meta property=\"og:type\" content=\"article\" \/>\n<meta property=\"og:description\" content=\"Gondolt\u00e1l m\u00e1r arra, hogy j\u00f3 lenne, ha valaki seg\u00edtene eligazodni az \u00e9letben \u00fagy, mint egy jelk\u00e9pes idegenvezet\u0151? Vannak helyzetek, melyeket k\u00f6nnyed\u00e9n siker\u00fcl megoldani az otthonr\u00f3l hozott, vagy id\u0151k\u00f6zben megszerzett megold\u00e1si mechanizmusokkal, de mindenki \u00e9let\u00e9ben ad\u00f3dnak olyan szitu\u00e1ci\u00f3k, melyeket a rendelkez\u00e9s\u00e9re \u00e1ll\u00f3 eszk\u00f6z\u00f6kkel nem tud sikeresen kezelni. S\u0151t, el\u0151fordul, hogy valaki \u00f6nsorsront\u00e1sban \u00e9li az \u00e9let\u00e9t, de nem veszi \u00e9szre addig, am\u00edg valaki nem seg\u00edt felismerni azokat a tudatalatti &quot;programokat&quot;, amelyekkel \u00fajra-, \u00e9s \u00fajra ism\u00e9tli a probl\u00e9m\u00e1t.\" \/>\n<meta property=\"og:url\" content=\"https:\/\/phpteszt.femstudio.hu\/en\/szomatodrama\/\" \/>\n<meta property=\"og:site_name\" content=\"Havasi Katalin\" \/>\n<meta property=\"article:modified_time\" content=\"2025-09-08T17:42:15+00:00\" \/>\n<meta property=\"og:image\" content=\"https:\/\/phpteszt.femstudio.hu\/wp-content\/uploads\/2023\/03\/hero.webp\" \/>\n\t<meta property=\"og:image:width\" content=\"2000\" \/>\n\t<meta property=\"og:image:height\" content=\"1333\" \/>\n\t<meta property=\"og:image:type\" content=\"image\/webp\" \/>\n<meta name=\"twitter:card\" content=\"summary_large_image\" \/>\n<meta name=\"twitter:label1\" content=\"Estimated reading time\" \/>\n\t<meta name=\"twitter:data1\" content=\"2 minutes\" \/>\n<script type=\"application\/ld+json\" class=\"yoast-schema-graph\">{\"@context\":\"https:\/\/schema.org\",\"@graph\":[{\"@type\":\"WebPage\",\"@id\":\"https:\/\/phpteszt.femstudio.hu\/szomatodrama\/\",\"url\":\"https:\/\/phpteszt.femstudio.hu\/szomatodrama\/\",\"name\":\"\",\"isPartOf\":{\"@id\":\"https:\/\/phpteszt.femstudio.hu\/#website\"},\"primaryImageOfPage\":{\"@id\":\"https:\/\/phpteszt.femstudio.hu\/szomatodrama\/#primaryimage\"},\"image\":{\"@id\":\"https:\/\/phpteszt.femstudio.hu\/szomatodrama\/#primaryimage\"},\"thumbnailUrl\":\"https:\/\/phpteszt.femstudio.hu\/wp-content\/uploads\/2025\/09\/Depositphotos_442001710_S.jpg\",\"datePublished\":\"2022-07-27T13:24:18+00:00\",\"dateModified\":\"2025-09-08T17:42:15+00:00\",\"breadcrumb\":{\"@id\":\"https:\/\/phpteszt.femstudio.hu\/szomatodrama\/#breadcrumb\"},\"inLanguage\":\"en-GB\",\"potentialAction\":[{\"@type\":\"ReadAction\",\"target\":[\"https:\/\/phpteszt.femstudio.hu\/szomatodrama\/\"]}]},{\"@type\":\"ImageObject\",\"inLanguage\":\"en-GB\",\"@id\":\"https:\/\/phpteszt.femstudio.hu\/szomatodrama\/#primaryimage\",\"url\":\"https:\/\/phpteszt.femstudio.hu\/wp-content\/uploads\/2025\/09\/Depositphotos_442001710_S.jpg\",\"contentUrl\":\"https:\/\/phpteszt.femstudio.hu\/wp-content\/uploads\/2025\/09\/Depositphotos_442001710_S.jpg\"},{\"@type\":\"BreadcrumbList\",\"@id\":\"https:\/\/phpteszt.femstudio.hu\/szomatodrama\/#breadcrumb\",\"itemListElement\":[{\"@type\":\"ListItem\",\"position\":1,\"name\":\"Kezd\u0151lap\",\"item\":\"https:\/\/phpteszt.femstudio.hu\/\"},{\"@type\":\"ListItem\",\"position\":2,\"name\":\"SzomatoDr\u00e1ma\u00ae\"}]},{\"@type\":\"WebSite\",\"@id\":\"https:\/\/phpteszt.femstudio.hu\/#website\",\"url\":\"https:\/\/phpteszt.femstudio.hu\/\",\"name\":\"Havasi Katalin\",\"description\":\"hipn\u00f3zis, \u00f6nismeret, coaching\",\"publisher\":{\"@id\":\"https:\/\/phpteszt.femstudio.hu\/#organization\"},\"potentialAction\":[{\"@type\":\"SearchAction\",\"target\":{\"@type\":\"EntryPoint\",\"urlTemplate\":\"https:\/\/phpteszt.femstudio.hu\/?s={search_term_string}\"},\"query-input\":{\"@type\":\"PropertyValueSpecification\",\"valueRequired\":true,\"valueName\":\"search_term_string\"}}],\"inLanguage\":\"en-GB\"},{\"@type\":\"Organization\",\"@id\":\"https:\/\/phpteszt.femstudio.hu\/#organization\",\"name\":\"Havasi Katalin\",\"url\":\"https:\/\/phpteszt.femstudio.hu\/\",\"logo\":{\"@type\":\"ImageObject\",\"inLanguage\":\"en-GB\",\"@id\":\"https:\/\/phpteszt.femstudio.hu\/#\/schema\/logo\/image\/\",\"url\":\"https:\/\/phpteszt.femstudio.hu\/wp-content\/uploads\/2023\/03\/hero.webp\",\"contentUrl\":\"https:\/\/phpteszt.femstudio.hu\/wp-content\/uploads\/2023\/03\/hero.webp\",\"width\":2000,\"height\":1333,\"caption\":\"Havasi Katalin\"},\"image\":{\"@id\":\"https:\/\/phpteszt.femstudio.hu\/#\/schema\/logo\/image\/\"}}]}<\/script>\n<!-- \/ Yoast SEO plugin. -->","yoast_head_json":{"title":"Katalin Havasi","robots":{"index":"noindex","follow":"follow","max-snippet":"max-snippet:-1","max-image-preview":"max-image-preview:large","max-video-preview":"max-video-preview:-1"},"og_locale":"en_GB","og_type":"article","og_description":"Gondolt\u00e1l m\u00e1r arra, hogy j\u00f3 lenne, ha valaki seg\u00edtene eligazodni az \u00e9letben \u00fagy, mint egy jelk\u00e9pes idegenvezet\u0151? Vannak helyzetek, melyeket k\u00f6nnyed\u00e9n siker\u00fcl megoldani az otthonr\u00f3l hozott, vagy id\u0151k\u00f6zben megszerzett megold\u00e1si mechanizmusokkal, de mindenki \u00e9let\u00e9ben ad\u00f3dnak olyan szitu\u00e1ci\u00f3k, melyeket a rendelkez\u00e9s\u00e9re \u00e1ll\u00f3 eszk\u00f6z\u00f6kkel nem tud sikeresen kezelni. S\u0151t, el\u0151fordul, hogy valaki \u00f6nsorsront\u00e1sban \u00e9li az \u00e9let\u00e9t, de nem veszi \u00e9szre addig, am\u00edg valaki nem seg\u00edt felismerni azokat a tudatalatti \"programokat\", amelyekkel \u00fajra-, \u00e9s \u00fajra ism\u00e9tli a probl\u00e9m\u00e1t.","og_url":"https:\/\/phpteszt.femstudio.hu\/en\/szomatodrama\/","og_site_name":"Havasi Katalin","article_modified_time":"2025-09-08T17:42:15+00:00","og_image":[{"width":2000,"height":1333,"url":"https:\/\/phpteszt.femstudio.hu\/wp-content\/uploads\/2023\/03\/hero.webp","type":"image\/webp"}],"twitter_card":"summary_large_image","twitter_misc":{"Estimated reading time":"2 minutes"},"schema":{"@context":"https:\/\/schema.org","@graph":[{"@type":"WebPage","@id":"https:\/\/phpteszt.femstudio.hu\/szomatodrama\/","url":"https:\/\/phpteszt.femstudio.hu\/szomatodrama\/","name":"","isPartOf":{"@id":"https:\/\/phpteszt.femstudio.hu\/#website"},"primaryImageOfPage":{"@id":"https:\/\/phpteszt.femstudio.hu\/szomatodrama\/#primaryimage"},"image":{"@id":"https:\/\/phpteszt.femstudio.hu\/szomatodrama\/#primaryimage"},"thumbnailUrl":"https:\/\/phpteszt.femstudio.hu\/wp-content\/uploads\/2025\/09\/Depositphotos_442001710_S.jpg","datePublished":"2022-07-27T13:24:18+00:00","dateModified":"2025-09-08T17:42:15+00:00","breadcrumb":{"@id":"https:\/\/phpteszt.femstudio.hu\/szomatodrama\/#breadcrumb"},"inLanguage":"en-GB","potentialAction":[{"@type":"ReadAction","target":["https:\/\/phpteszt.femstudio.hu\/szomatodrama\/"]}]},{"@type":"ImageObject","inLanguage":"en-GB","@id":"https:\/\/phpteszt.femstudio.hu\/szomatodrama\/#primaryimage","url":"https:\/\/phpteszt.femstudio.hu\/wp-content\/uploads\/2025\/09\/Depositphotos_442001710_S.jpg","contentUrl":"https:\/\/phpteszt.femstudio.hu\/wp-content\/uploads\/2025\/09\/Depositphotos_442001710_S.jpg"},{"@type":"BreadcrumbList","@id":"https:\/\/phpteszt.femstudio.hu\/szomatodrama\/#breadcrumb","itemListElement":[{"@type":"ListItem","position":1,"name":"Kezd\u0151lap","item":"https:\/\/phpteszt.femstudio.hu\/"},{"@type":"ListItem","position":2,"name":"SzomatoDr\u00e1ma\u00ae"}]},{"@type":"WebSite","@id":"https:\/\/phpteszt.femstudio.hu\/#website","url":"https:\/\/phpteszt.femstudio.hu\/","name":"Katalin Havasi","description":"hipn\u00f3zis, \u00f6nismeret, coaching","publisher":{"@id":"https:\/\/phpteszt.femstudio.hu\/#organization"},"potentialAction":[{"@type":"SearchAction","target":{"@type":"EntryPoint","urlTemplate":"https:\/\/phpteszt.femstudio.hu\/?s={search_term_string}"},"query-input":{"@type":"PropertyValueSpecification","valueRequired":true,"valueName":"search_term_string"}}],"inLanguage":"en-GB"},{"@type":"Organization","@id":"https:\/\/phpteszt.femstudio.hu\/#organization","name":"Katalin Havasi","url":"https:\/\/phpteszt.femstudio.hu\/","logo":{"@type":"ImageObject","inLanguage":"en-GB","@id":"https:\/\/phpteszt.femstudio.hu\/#\/schema\/logo\/image\/","url":"https:\/\/phpteszt.femstudio.hu\/wp-content\/uploads\/2023\/03\/hero.webp","contentUrl":"https:\/\/phpteszt.femstudio.hu\/wp-content\/uploads\/2023\/03\/hero.webp","width":2000,"height":1333,"caption":"Havasi Katalin"},"image":{"@id":"https:\/\/phpteszt.femstudio.hu\/#\/schema\/logo\/image\/"}}]}},"_links":{"self":[{"href":"https:\/\/phpteszt.femstudio.hu\/en\/wp-json\/wp\/v2\/pages\/19","targetHints":{"allow":["GET"]}}],"collection":[{"href":"https:\/\/phpteszt.femstudio.hu\/en\/wp-json\/wp\/v2\/pages"}],"about":[{"href":"https:\/\/phpteszt.femstudio.hu\/en\/wp-json\/wp\/v2\/types\/page"}],"author":[{"embeddable":true,"href":"https:\/\/phpteszt.femstudio.hu\/en\/wp-json\/wp\/v2\/users\/1"}],"replies":[{"embeddable":true,"href":"https:\/\/phpteszt.femstudio.hu\/en\/wp-json\/wp\/v2\/comments?post=19"}],"version-history":[{"count":17,"href":"https:\/\/phpteszt.femstudio.hu\/en\/wp-json\/wp\/v2\/pages\/19\/revisions"}],"predecessor-version":[{"id":883,"href":"https:\/\/phpteszt.femstudio.hu\/en\/wp-json\/wp\/v2\/pages\/19\/revisions\/883"}],"wp:attachment":[{"href":"https:\/\/phpteszt.femstudio.hu\/en\/wp-json\/wp\/v2\/media?parent=19"}],"curies":[{"name":"wp","href":"https:\/\/api.w.org\/{rel}","templated":true}]}}