{"id":21,"date":"2022-07-27T13:24:34","date_gmt":"2022-07-27T13:24:34","guid":{"rendered":"http:\/\/havasikatalin.timarweb.hu\/?page_id=21"},"modified":"2023-06-05T13:59:08","modified_gmt":"2023-06-05T13:59:08","slug":"onismereti-trening","status":"publish","type":"page","link":"https:\/\/phpteszt.femstudio.hu\/en\/onismereti-trening\/","title":{"rendered":"\u00d6nismereti tr\u00e9ning"},"content":{"rendered":"<figure class=\"wp-block-image size-large\"><img loading=\"lazy\" decoding=\"async\" width=\"1024\" height=\"646\" src=\"https:\/\/phpteszt.femstudio.hu\/wp-content\/uploads\/2023\/04\/onismeret_01-1024x646.jpg\" alt=\"\" class=\"wp-image-283\" srcset=\"https:\/\/phpteszt.femstudio.hu\/wp-content\/uploads\/2023\/04\/onismeret_01-1024x646.jpg 1024w, https:\/\/phpteszt.femstudio.hu\/wp-content\/uploads\/2023\/04\/onismeret_01-300x189.jpg 300w, https:\/\/phpteszt.femstudio.hu\/wp-content\/uploads\/2023\/04\/onismeret_01-768x485.jpg 768w, https:\/\/phpteszt.femstudio.hu\/wp-content\/uploads\/2023\/04\/onismeret_01-1536x969.jpg 1536w, https:\/\/phpteszt.femstudio.hu\/wp-content\/uploads\/2023\/04\/onismeret_01.jpg 1586w\" sizes=\"auto, (max-width: 1024px) 100vw, 1024px\" \/><\/figure>\n\n\n\n<p>N\u00e9h\u00e1ny gondolat a tr\u00e9ningr\u0151l a hozz\u00e1m \u00e9rkezett k\u00e9rd\u00e9sek kapcs\u00e1n: Mindannyian komplex l\u00e9nyek vagyunk, m\u00e9gis sokszor csak lelki (\u00e9rzelmi)-, vagy szellemi s\u00edkon-, van, hogy csak a testben \u00e9l\u00fcnk. Jav\u00edtgatjuk, fejlesztj\u00fck, csinos\u00edtgatjuk ezt a sokat haszn\u00e1lt vagy legink\u00e1bb tudatos\u00edtott r\u00e9sz\u00fcnket, majd meglep\u0151d\u00fcnk, hogy m\u00e9gsem vagyunk boldogok, eg\u00e9szs\u00e9gesek vagy el\u00e9gedettek. Ennek a tr\u00e9ningnek az a c\u00e9lja, hogy minden a hely\u00e9re ker\u00fclj\u00f6n, \u00e9s v\u00e9gre azok legy\u00fcnk, akik szeretn\u00e9nk, azt az \u00e9letet \u00e9lj\u00fck, amit valaha eltervezt\u00fcnk. Ehhez mindh\u00e1rom r\u00e9sz\u00fcnkkel tal\u00e1lkoznunk kell, \u00e9s meg kell ismern\u00fcnk \u00f6nmagunkat mindh\u00e1rom aspektusb\u00f3l. V\u00e1rlak titeket szeretettel!<\/p>\n\n\n\n<p><strong>Egys\u00e9g \u00f6nmagunkkal: Test-l\u00e9lek-szellem tr\u00e9ning<\/strong><\/p>\n\n\n\n<p>Egy \u00faj, holisztikus szeml\u00e9let\u0171 tr\u00e9ningre h\u00edvlak most: 3 h\u00e9tv\u00e9g\u00e9n kereszt\u00fcl \u00fajabb-, \u00e9s \u00fajabb n\u00e9z\u0151pontb\u00f3l ismerkedhetsz meg \u00f6nmagaddal. A kurzus v\u00e9g\u00e9n megval\u00f3sul az egys\u00e9g, meg\u00e9rted tested jelz\u00e9seit \u00e9s \u00e9leted esem\u00e9nyeit, \u00f6sszef\u00fcgg\u00e9seit. V\u00e1laszt kapsz a mi\u00e9rtekre, \u00e9s megtal\u00e1lhatod spiritu\u00e1lis k\u00fcldet\u00e9sedet. Megalapozott elm\u00e9leti h\u00e1tt\u00e9r \u00e9s sok gyakorlat v\u00e1r azokra, akik belev\u00e1gnak ebbe az izgalmas kalandba.<\/p>\n\n\n\n<p><strong>A Test h\u00e9tv\u00e9g\u00e9n<\/strong> a test \u00e9s l\u00e9lek \u00f6sszef\u00fcgg\u00e9sei ker\u00fclnek f\u00f3kuszba. A t\u00f6bb m\u00f3dszereken alapul\u00f3 izgalmas szerepj\u00e1t\u00e9kokon kereszt\u00fcl mindenki kapcsolatba l\u00e9p a test\u00e9vel, meg\u00e9rti jelz\u00e9seit. Az egy\u00e9ni-, \u00e9s t\u00e1rsas j\u00e1t\u00e9kok sor\u00e1n messzebbre juthatsz a testi \u00fczenetek meg\u00e9rt\u00e9s\u00e9ben, mint valaha, megtal\u00e1lod a kapcsolatot a test \u00e9s l\u00e9lek k\u00f6z\u00f6tt. Ezen a h\u00e9tv\u00e9g\u00e9n katartikus \u00e9lm\u00e9nyek v\u00e1rnak r\u00e1d, melyek \u00e9lm\u00e9ny\u00e9t a kor\u00e1bbi csoportok t\u00f6bb r\u00e9sztvev\u0151je is \u00e9letre sz\u00f3l\u00f3nak tartja.<\/p>\n\n\n\n<p><strong>A L\u00e9lek h\u00e9tv\u00e9ge az \u00e9rzelmek\u00e9.<\/strong> Kicsit pszichologiz\u00e1lunk, megismerked\u00fcnk az \u00e9rzelmi folyamatokkal, \u00e9s a tudatalatti m\u0171k\u00f6d\u00e9s\u00e9vel. \u00c1ttekintj\u00fck a lelki fejl\u0151d\u00e9s \u00e1llom\u00e1sait csecsem\u0151kort\u00f3l-id\u0151s korig, t\u00f6bb szem\u00e9lyis\u00e9gelemz\u0151 m\u00f3dszeren kereszt\u00fcl k\u00e9pet kapsz szem\u00e9lyis\u00e9ged rejtett titkair\u00f3l. Foglalkozunk a gyermekkor s\u00e9relmeivel, a feln\u0151ttkor kih\u00edv\u00e1saival: \u00e1ltal\u00e1nos kapcsolatok, p\u00e1rkapcsolatok, sz\u00fcl\u0151v\u00e9 v\u00e1l\u00e1s. \u00c9rzelmes, \u00e9s felismer\u00e9sekben gazdag h\u00e9tv\u00e9ge lesz, mely seg\u00edt abban, hogy \u00e9leted korm\u00e1nykerek\u00e9t a kezedbe vedd.<\/p>\n\n\n\n<p><strong>A Szellem h\u00e9tv\u00e9ge a spiritualit\u00e1s\u00e9.<\/strong> Kapcsolatba l\u00e9p\u00fcnk szellemi \u00e9n\u00fcnkkel, hogy felt\u00e1rulhasson a nagy titok, hogy kik is vagyunk val\u00f3j\u00e1ban. T\u00e9m\u00e1ink lesznek az \u00e9let \u00e9s hal\u00e1l nagy k\u00e9rd\u00e9sei, az \u00e9letfeladat fogalma. Kultur\u00e1lis k\u00f6rutaz\u00e1st tesz\u00fcnk a hal\u00e1l ut\u00e1ni \u00e9let t\u00e9m\u00e1j\u00e1ban. Sz\u00f3ba ker\u00fcl az ego, szellem, karma, reinkarn\u00e1ci\u00f3, mind-mind saj\u00e1t \u00e9lm\u00e9ny alapon, sok gyakorlattal. Ez a h\u00e9tv\u00e9ge sz\u00e9les spektrumon t\u00e1lalja a v\u00e1laszt azokra az \u00e9lettel, l\u00e9lekkel \u00e9s a hal\u00e1llal kapcsolatos k\u00e9rd\u00e9sekre, melyekre ak\u00e1r m\u00e1r gyermekkorod \u00f3ta keresed a v\u00e1laszt.<\/p>","protected":false},"excerpt":{"rendered":"<p>N\u00e9h\u00e1ny gondolat a tr\u00e9ningr\u0151l a hozz\u00e1m \u00e9rkezett k\u00e9rd\u00e9sek kapcs\u00e1n: Mindannyian komplex l\u00e9nyek vagyunk, m\u00e9gis sokszor csak lelki (\u00e9rzelmi)-, vagy szellemi s\u00edkon-, van, hogy csak a testben \u00e9l\u00fcnk. Jav\u00edtgatjuk, fejlesztj\u00fck, csinos\u00edtgatjuk [&hellip;]<\/p>","protected":false},"author":1,"featured_media":0,"parent":0,"menu_order":0,"comment_status":"closed","ping_status":"closed","template":"template-page.php","meta":{"footnotes":""},"class_list":["post-21","page","type-page","status-publish","hentry"],"acf":[],"yoast_head":"<!-- This site is optimized with the Yoast SEO plugin v25.9 - https:\/\/yoast.com\/wordpress\/plugins\/seo\/ -->\n<title>Havasi Katalin<\/title>\n<meta name=\"robots\" content=\"noindex, follow, max-snippet:-1, max-image-preview:large, max-video-preview:-1\" \/>\n<meta property=\"og:locale\" content=\"en_GB\" \/>\n<meta property=\"og:type\" content=\"article\" \/>\n<meta property=\"og:description\" content=\"Gondolt\u00e1l m\u00e1r arra, hogy j\u00f3 lenne, ha valaki seg\u00edtene eligazodni az \u00e9letben \u00fagy, mint egy jelk\u00e9pes idegenvezet\u0151? Vannak helyzetek, melyeket k\u00f6nnyed\u00e9n siker\u00fcl megoldani az otthonr\u00f3l hozott, vagy id\u0151k\u00f6zben megszerzett megold\u00e1si mechanizmusokkal, de mindenki \u00e9let\u00e9ben ad\u00f3dnak olyan szitu\u00e1ci\u00f3k, melyeket a rendelkez\u00e9s\u00e9re \u00e1ll\u00f3 eszk\u00f6z\u00f6kkel nem tud sikeresen kezelni. S\u0151t, el\u0151fordul, hogy valaki \u00f6nsorsront\u00e1sban \u00e9li az \u00e9let\u00e9t, de nem veszi \u00e9szre addig, am\u00edg valaki nem seg\u00edt felismerni azokat a tudatalatti &quot;programokat&quot;, amelyekkel \u00fajra-, \u00e9s \u00fajra ism\u00e9tli a probl\u00e9m\u00e1t.\" \/>\n<meta property=\"og:url\" content=\"https:\/\/phpteszt.femstudio.hu\/en\/onismereti-trening\/\" \/>\n<meta property=\"og:site_name\" content=\"Havasi Katalin\" \/>\n<meta property=\"article:modified_time\" content=\"2023-06-05T13:59:08+00:00\" \/>\n<meta property=\"og:image\" content=\"https:\/\/phpteszt.femstudio.hu\/wp-content\/uploads\/2023\/03\/hero.webp\" \/>\n\t<meta property=\"og:image:width\" content=\"2000\" \/>\n\t<meta property=\"og:image:height\" content=\"1333\" \/>\n\t<meta property=\"og:image:type\" content=\"image\/webp\" \/>\n<meta name=\"twitter:card\" content=\"summary_large_image\" \/>\n<meta name=\"twitter:label1\" content=\"Estimated reading time\" \/>\n\t<meta name=\"twitter:data1\" content=\"3 minutes\" \/>\n<script type=\"application\/ld+json\" class=\"yoast-schema-graph\">{\"@context\":\"https:\/\/schema.org\",\"@graph\":[{\"@type\":\"WebPage\",\"@id\":\"https:\/\/phpteszt.femstudio.hu\/onismereti-trening\/\",\"url\":\"https:\/\/phpteszt.femstudio.hu\/onismereti-trening\/\",\"name\":\"\",\"isPartOf\":{\"@id\":\"https:\/\/phpteszt.femstudio.hu\/#website\"},\"primaryImageOfPage\":{\"@id\":\"https:\/\/phpteszt.femstudio.hu\/onismereti-trening\/#primaryimage\"},\"image\":{\"@id\":\"https:\/\/phpteszt.femstudio.hu\/onismereti-trening\/#primaryimage\"},\"thumbnailUrl\":\"https:\/\/phpteszt.femstudio.hu\/wp-content\/uploads\/2023\/04\/onismeret_01-1024x646.jpg\",\"datePublished\":\"2022-07-27T13:24:34+00:00\",\"dateModified\":\"2023-06-05T13:59:08+00:00\",\"breadcrumb\":{\"@id\":\"https:\/\/phpteszt.femstudio.hu\/onismereti-trening\/#breadcrumb\"},\"inLanguage\":\"en-GB\",\"potentialAction\":[{\"@type\":\"ReadAction\",\"target\":[\"https:\/\/phpteszt.femstudio.hu\/onismereti-trening\/\"]}]},{\"@type\":\"ImageObject\",\"inLanguage\":\"en-GB\",\"@id\":\"https:\/\/phpteszt.femstudio.hu\/onismereti-trening\/#primaryimage\",\"url\":\"https:\/\/phpteszt.femstudio.hu\/wp-content\/uploads\/2023\/04\/onismeret_01-1024x646.jpg\",\"contentUrl\":\"https:\/\/phpteszt.femstudio.hu\/wp-content\/uploads\/2023\/04\/onismeret_01-1024x646.jpg\"},{\"@type\":\"BreadcrumbList\",\"@id\":\"https:\/\/phpteszt.femstudio.hu\/onismereti-trening\/#breadcrumb\",\"itemListElement\":[{\"@type\":\"ListItem\",\"position\":1,\"name\":\"Kezd\u0151lap\",\"item\":\"https:\/\/phpteszt.femstudio.hu\/\"},{\"@type\":\"ListItem\",\"position\":2,\"name\":\"\u00d6nismereti tr\u00e9ning\"}]},{\"@type\":\"WebSite\",\"@id\":\"https:\/\/phpteszt.femstudio.hu\/#website\",\"url\":\"https:\/\/phpteszt.femstudio.hu\/\",\"name\":\"Havasi Katalin\",\"description\":\"hipn\u00f3zis, \u00f6nismeret, coaching\",\"publisher\":{\"@id\":\"https:\/\/phpteszt.femstudio.hu\/#organization\"},\"potentialAction\":[{\"@type\":\"SearchAction\",\"target\":{\"@type\":\"EntryPoint\",\"urlTemplate\":\"https:\/\/phpteszt.femstudio.hu\/?s={search_term_string}\"},\"query-input\":{\"@type\":\"PropertyValueSpecification\",\"valueRequired\":true,\"valueName\":\"search_term_string\"}}],\"inLanguage\":\"en-GB\"},{\"@type\":\"Organization\",\"@id\":\"https:\/\/phpteszt.femstudio.hu\/#organization\",\"name\":\"Havasi Katalin\",\"url\":\"https:\/\/phpteszt.femstudio.hu\/\",\"logo\":{\"@type\":\"ImageObject\",\"inLanguage\":\"en-GB\",\"@id\":\"https:\/\/phpteszt.femstudio.hu\/#\/schema\/logo\/image\/\",\"url\":\"https:\/\/phpteszt.femstudio.hu\/wp-content\/uploads\/2023\/03\/hero.webp\",\"contentUrl\":\"https:\/\/phpteszt.femstudio.hu\/wp-content\/uploads\/2023\/03\/hero.webp\",\"width\":2000,\"height\":1333,\"caption\":\"Havasi Katalin\"},\"image\":{\"@id\":\"https:\/\/phpteszt.femstudio.hu\/#\/schema\/logo\/image\/\"}}]}<\/script>\n<!-- \/ Yoast SEO plugin. -->","yoast_head_json":{"title":"Katalin Havasi","robots":{"index":"noindex","follow":"follow","max-snippet":"max-snippet:-1","max-image-preview":"max-image-preview:large","max-video-preview":"max-video-preview:-1"},"og_locale":"en_GB","og_type":"article","og_description":"Gondolt\u00e1l m\u00e1r arra, hogy j\u00f3 lenne, ha valaki seg\u00edtene eligazodni az \u00e9letben \u00fagy, mint egy jelk\u00e9pes idegenvezet\u0151? Vannak helyzetek, melyeket k\u00f6nnyed\u00e9n siker\u00fcl megoldani az otthonr\u00f3l hozott, vagy id\u0151k\u00f6zben megszerzett megold\u00e1si mechanizmusokkal, de mindenki \u00e9let\u00e9ben ad\u00f3dnak olyan szitu\u00e1ci\u00f3k, melyeket a rendelkez\u00e9s\u00e9re \u00e1ll\u00f3 eszk\u00f6z\u00f6kkel nem tud sikeresen kezelni. S\u0151t, el\u0151fordul, hogy valaki \u00f6nsorsront\u00e1sban \u00e9li az \u00e9let\u00e9t, de nem veszi \u00e9szre addig, am\u00edg valaki nem seg\u00edt felismerni azokat a tudatalatti \"programokat\", amelyekkel \u00fajra-, \u00e9s \u00fajra ism\u00e9tli a probl\u00e9m\u00e1t.","og_url":"https:\/\/phpteszt.femstudio.hu\/en\/onismereti-trening\/","og_site_name":"Havasi Katalin","article_modified_time":"2023-06-05T13:59:08+00:00","og_image":[{"width":2000,"height":1333,"url":"https:\/\/phpteszt.femstudio.hu\/wp-content\/uploads\/2023\/03\/hero.webp","type":"image\/webp"}],"twitter_card":"summary_large_image","twitter_misc":{"Estimated reading time":"3 minutes"},"schema":{"@context":"https:\/\/schema.org","@graph":[{"@type":"WebPage","@id":"https:\/\/phpteszt.femstudio.hu\/onismereti-trening\/","url":"https:\/\/phpteszt.femstudio.hu\/onismereti-trening\/","name":"","isPartOf":{"@id":"https:\/\/phpteszt.femstudio.hu\/#website"},"primaryImageOfPage":{"@id":"https:\/\/phpteszt.femstudio.hu\/onismereti-trening\/#primaryimage"},"image":{"@id":"https:\/\/phpteszt.femstudio.hu\/onismereti-trening\/#primaryimage"},"thumbnailUrl":"https:\/\/phpteszt.femstudio.hu\/wp-content\/uploads\/2023\/04\/onismeret_01-1024x646.jpg","datePublished":"2022-07-27T13:24:34+00:00","dateModified":"2023-06-05T13:59:08+00:00","breadcrumb":{"@id":"https:\/\/phpteszt.femstudio.hu\/onismereti-trening\/#breadcrumb"},"inLanguage":"en-GB","potentialAction":[{"@type":"ReadAction","target":["https:\/\/phpteszt.femstudio.hu\/onismereti-trening\/"]}]},{"@type":"ImageObject","inLanguage":"en-GB","@id":"https:\/\/phpteszt.femstudio.hu\/onismereti-trening\/#primaryimage","url":"https:\/\/phpteszt.femstudio.hu\/wp-content\/uploads\/2023\/04\/onismeret_01-1024x646.jpg","contentUrl":"https:\/\/phpteszt.femstudio.hu\/wp-content\/uploads\/2023\/04\/onismeret_01-1024x646.jpg"},{"@type":"BreadcrumbList","@id":"https:\/\/phpteszt.femstudio.hu\/onismereti-trening\/#breadcrumb","itemListElement":[{"@type":"ListItem","position":1,"name":"Kezd\u0151lap","item":"https:\/\/phpteszt.femstudio.hu\/"},{"@type":"ListItem","position":2,"name":"\u00d6nismereti tr\u00e9ning"}]},{"@type":"WebSite","@id":"https:\/\/phpteszt.femstudio.hu\/#website","url":"https:\/\/phpteszt.femstudio.hu\/","name":"Katalin Havasi","description":"hipn\u00f3zis, \u00f6nismeret, coaching","publisher":{"@id":"https:\/\/phpteszt.femstudio.hu\/#organization"},"potentialAction":[{"@type":"SearchAction","target":{"@type":"EntryPoint","urlTemplate":"https:\/\/phpteszt.femstudio.hu\/?s={search_term_string}"},"query-input":{"@type":"PropertyValueSpecification","valueRequired":true,"valueName":"search_term_string"}}],"inLanguage":"en-GB"},{"@type":"Organization","@id":"https:\/\/phpteszt.femstudio.hu\/#organization","name":"Katalin Havasi","url":"https:\/\/phpteszt.femstudio.hu\/","logo":{"@type":"ImageObject","inLanguage":"en-GB","@id":"https:\/\/phpteszt.femstudio.hu\/#\/schema\/logo\/image\/","url":"https:\/\/phpteszt.femstudio.hu\/wp-content\/uploads\/2023\/03\/hero.webp","contentUrl":"https:\/\/phpteszt.femstudio.hu\/wp-content\/uploads\/2023\/03\/hero.webp","width":2000,"height":1333,"caption":"Havasi Katalin"},"image":{"@id":"https:\/\/phpteszt.femstudio.hu\/#\/schema\/logo\/image\/"}}]}},"_links":{"self":[{"href":"https:\/\/phpteszt.femstudio.hu\/en\/wp-json\/wp\/v2\/pages\/21","targetHints":{"allow":["GET"]}}],"collection":[{"href":"https:\/\/phpteszt.femstudio.hu\/en\/wp-json\/wp\/v2\/pages"}],"about":[{"href":"https:\/\/phpteszt.femstudio.hu\/en\/wp-json\/wp\/v2\/types\/page"}],"author":[{"embeddable":true,"href":"https:\/\/phpteszt.femstudio.hu\/en\/wp-json\/wp\/v2\/users\/1"}],"replies":[{"embeddable":true,"href":"https:\/\/phpteszt.femstudio.hu\/en\/wp-json\/wp\/v2\/comments?post=21"}],"version-history":[{"count":1,"href":"https:\/\/phpteszt.femstudio.hu\/en\/wp-json\/wp\/v2\/pages\/21\/revisions"}],"predecessor-version":[{"id":504,"href":"https:\/\/phpteszt.femstudio.hu\/en\/wp-json\/wp\/v2\/pages\/21\/revisions\/504"}],"wp:attachment":[{"href":"https:\/\/phpteszt.femstudio.hu\/en\/wp-json\/wp\/v2\/media?parent=21"}],"curies":[{"name":"wp","href":"https:\/\/api.w.org\/{rel}","templated":true}]}}