{"id":216,"date":"2023-03-08T17:57:05","date_gmt":"2023-03-08T17:57:05","guid":{"rendered":"http:\/\/havasikatalin.timarweb.hu\/?page_id=216"},"modified":"2025-04-17T08:52:13","modified_gmt":"2025-04-17T08:52:13","slug":"az-onfeltaras-muveszete","status":"publish","type":"page","link":"https:\/\/phpteszt.femstudio.hu\/en\/hipnozis-oktatas\/az-onfeltaras-muveszete\/","title":{"rendered":"Basic hypnosis-self hypnosis\/Hipn\u00f3zis alapk\u00e9pz\u00e9s, az \u00f6nfelt\u00e1r\u00e1s m\u0171v\u00e9szete"},"content":{"rendered":"<p>Az \u00f6nfelt\u00e1r\u00e1s m\u0171v\u00e9szete alap hipn\u00f3zis \/ \u00f6n-hipn\u00f3zis tanfolyam (2 nap \/ 16 \u00f3ra)<\/p>\n\n\n\n<p><strong>K\u00f6vetkez\u0151 kurzus:<\/strong> 2025. szeptember 13-14. (m\u00e1r zajlik a jelentkez\u00e9s)<\/p>\n\n\n\n<p><strong>Helysz\u00edn<\/strong>: Budapest XII. ker\u00fclet<\/p>\n\n\n\n<p><strong>Jelentkez\u00e9s<\/strong>: katalin.havasi@gmail.com<\/p>\n\n\n\n<p><strong>Id\u0151tartam<\/strong>: naponta 10.00-18.00 \u00f3r\u00e1ig<\/p>\n\n\n\n<p><strong>Felt\u00e9tele<\/strong>: \u00c9retts\u00e9gi bizony\u00edtv\u00e1ny. A tanfolyam elv\u00e9gz\u00e9s\u00e9t angol nyelv\u0171, n\u00e9vre sz\u00f3l\u00f3 Basic Hypnosis &#8211; Self-Hypnosis oklev\u00e9llel igazoljuk. <\/p>\n\n\n\n<p><strong>D\u00edja:<\/strong> 500 CAD, amit a mindenkori MNB k\u00f6z\u00e9p\u00e1rfolyamon forintban kell fizetni. A kurzusra 50% befizet\u00e9s\u00e9vel lehet regisztr\u00e1lni.(<a href=\"https:\/\/www.mnb.hu\/arfolyamok\">https:\/\/www.mnb.hu\/arfolyamok<\/a>) A tanfolyam d\u00edja tartalmazza a kanadai oklev\u00e9l d\u00edj\u00e1t, \u00e9s annak postak\u00f6lts\u00e9g\u00e9t, ill. a nyomtatott jegyzetet.<\/p>\n\n\n\n<p>Ez a kurzus k\u00e9pz\u00e9si rendszer\u00fcnk alapoz\u00f3 tanfolyama, amely sor\u00e1n a r\u00e9sztvev\u0151k \u00f6nismeret\u00fckben, szem\u00e9lyis\u00e9gfejl\u0151d\u00e9s\u00fckben m\u00e9lyebb ismereteket szereznek, sz\u00e1mos \u00f6nhipn\u00f3zis technik\u00e1t elsaj\u00e1t\u00edtanak, egy\u00fattal megismerik a hipn\u00f3zis alapjait \u00e9s felfedezik annak felhaszn\u00e1l\u00e1si lehet\u0151s\u00e9geit a mindennapi \u00e9letben. A kurzus magyar nyelv\u0171, a tananyag magyarra ford\u00edtott.<\/p>\n\n\n\n<p>A tanfolyamok mind elm\u00e9leti, mind gyakorlati s\u00edkon m\u00e9lyen sz\u00e1nt\u00f3 ismeretanyagot k\u00f6zvet\u00edtenek, az al\u00e1bbi pontok csup\u00e1n c\u00edmszavakban jel\u00f6lik a vonatkoz\u00f3 tartalmat.<\/p>\n\n\n\n<p><strong>T\u00e9m\u00e1i<\/strong>:<\/p>\n\n\n\n<ul class=\"wp-block-list\">\n<li>Hipn\u00f3zis alapismeretek<\/li>\n\n\n\n<li>A tudatalatti m\u0171k\u00f6d\u00e9s\u00e9nek alapjai<\/li>\n\n\n\n<li>A hipn\u00f3zis fogalma \u00e9s alaptechnik\u00e1i<\/li>\n\n\n\n<li>6 alap indukci\u00f3s technika elsaj\u00e1t\u00edt\u00e1sa<\/li>\n\n\n\n<li>Indukci\u00f3s \u00e9lm\u00e9nyek \u00e1t\u00e9l\u00e9se<\/li>\n\n\n\n<li>A hipn\u00f3zis bemutat\u00e1sa \u00e9s biztons\u00e1gos befejez\u00e9se<\/li>\n\n\n\n<li>A hipnotikus transz megismer\u00e9se, az els\u0151 igazi hipnotikus relax\u00e1l\u00e1s \u00e1t\u00e9l\u00e9se, gyakorl\u00e1sa<\/li>\n\n\n\n<li>A saj\u00e1t pszich\u00e9 motiv\u00e1l\u00f3 erej\u00e9nek felismer\u00e9se<\/li>\n\n\n\n<li>A tudatalatti elme funkci\u00f3inak, m\u0171k\u00f6d\u00e9s\u00e9nek meg\u00e9rt\u00e9se \u00e9s kontroll\u00e1l\u00e1sa<\/li>\n\n\n\n<li>A tudatalatti \u00e9s a tudatos elme funkcion\u00e1lis szerepei<\/li>\n\n\n\n<li>A szavak hatalm\u00e1nak val\u00f3di ereje<\/li>\n\n\n\n<li>A szuggeszti\u00f3k m\u0171v\u00e9szete<\/li>\n\n\n\n<li>A val\u00f3di pozit\u00edv gondolkod\u00e1s titka<\/li>\n\n\n\n<li>A test \u00e9s az agy egy\u00fcttm\u0171k\u00f6d\u00e9s\u00e9nek mechanizmusa<\/li>\n\n\n\n<li>A neur\u00f3zis kialakul\u00e1sa<\/li>\n\n\n\n<li>Az elme \u00e9s test val\u00f3s kapcsolata<\/li>\n\n\n\n<li>Hitrendszerek pozit\u00edv \u00fajraprogramoz\u00e1sa<\/li>\n\n\n\n<li>Az \u00f6nbecs\u00fcl\u00e9s \u00e9s az \u00f6n\u00e9rt\u00e9kel\u00e9s megv\u00e1ltoztat\u00e1s\u00e1nak mik\u00e9ntjei<\/li>\n\n\n\n<li>Az \u00f6nhipn\u00f3zis technik\u00e1inak, m\u00f3dszereinek megismer\u00e9se<\/li>\n\n\n\n<li>A hipn\u00f3zis gyakorlati alkalmaz\u00e1sa<\/li>\n<\/ul>","protected":false},"excerpt":{"rendered":"<p>Az \u00f6nfelt\u00e1r\u00e1s m\u0171v\u00e9szete alap hipn\u00f3zis \/ \u00f6n-hipn\u00f3zis tanfolyam (2 nap \/ 16 \u00f3ra) K\u00f6vetkez\u0151 kurzus: 2025. szeptember 13-14. (m\u00e1r zajlik a jelentkez\u00e9s) Helysz\u00edn: Budapest XII. ker\u00fclet Jelentkez\u00e9s: katalin.havasi@gmail.com Id\u0151tartam: naponta [&hellip;]<\/p>","protected":false},"author":1,"featured_media":0,"parent":17,"menu_order":0,"comment_status":"closed","ping_status":"closed","template":"template-hypno-subpage.php","meta":{"footnotes":""},"class_list":["post-216","page","type-page","status-publish","hentry"],"acf":[],"yoast_head":"<!-- This site is optimized with the Yoast SEO plugin v25.9 - https:\/\/yoast.com\/wordpress\/plugins\/seo\/ -->\n<title>Havasi Katalin<\/title>\n<meta name=\"robots\" content=\"noindex, follow, max-snippet:-1, max-image-preview:large, max-video-preview:-1\" \/>\n<meta property=\"og:locale\" content=\"en_GB\" \/>\n<meta property=\"og:type\" content=\"article\" \/>\n<meta property=\"og:description\" content=\"Gondolt\u00e1l m\u00e1r arra, hogy j\u00f3 lenne, ha valaki seg\u00edtene eligazodni az \u00e9letben \u00fagy, mint egy jelk\u00e9pes idegenvezet\u0151? Vannak helyzetek, melyeket k\u00f6nnyed\u00e9n siker\u00fcl megoldani az otthonr\u00f3l hozott, vagy id\u0151k\u00f6zben megszerzett megold\u00e1si mechanizmusokkal, de mindenki \u00e9let\u00e9ben ad\u00f3dnak olyan szitu\u00e1ci\u00f3k, melyeket a rendelkez\u00e9s\u00e9re \u00e1ll\u00f3 eszk\u00f6z\u00f6kkel nem tud sikeresen kezelni. S\u0151t, el\u0151fordul, hogy valaki \u00f6nsorsront\u00e1sban \u00e9li az \u00e9let\u00e9t, de nem veszi \u00e9szre addig, am\u00edg valaki nem seg\u00edt felismerni azokat a tudatalatti &quot;programokat&quot;, amelyekkel \u00fajra-, \u00e9s \u00fajra ism\u00e9tli a probl\u00e9m\u00e1t.\" \/>\n<meta property=\"og:url\" content=\"https:\/\/phpteszt.femstudio.hu\/en\/hipnozis-oktatas\/az-onfeltaras-muveszete\/\" \/>\n<meta property=\"og:site_name\" content=\"Havasi Katalin\" \/>\n<meta property=\"article:modified_time\" content=\"2025-04-17T08:52:13+00:00\" \/>\n<meta property=\"og:image\" content=\"https:\/\/phpteszt.femstudio.hu\/wp-content\/uploads\/2023\/03\/hero.webp\" \/>\n\t<meta property=\"og:image:width\" content=\"2000\" \/>\n\t<meta property=\"og:image:height\" content=\"1333\" \/>\n\t<meta property=\"og:image:type\" content=\"image\/webp\" \/>\n<meta name=\"twitter:card\" content=\"summary_large_image\" \/>\n<meta name=\"twitter:label1\" content=\"Estimated reading time\" \/>\n\t<meta name=\"twitter:data1\" content=\"2 minutes\" \/>\n<script type=\"application\/ld+json\" class=\"yoast-schema-graph\">{\"@context\":\"https:\/\/schema.org\",\"@graph\":[{\"@type\":\"WebPage\",\"@id\":\"https:\/\/phpteszt.femstudio.hu\/hipnozis-oktatas\/az-onfeltaras-muveszete\/\",\"url\":\"https:\/\/phpteszt.femstudio.hu\/hipnozis-oktatas\/az-onfeltaras-muveszete\/\",\"name\":\"\",\"isPartOf\":{\"@id\":\"https:\/\/phpteszt.femstudio.hu\/#website\"},\"datePublished\":\"2023-03-08T17:57:05+00:00\",\"dateModified\":\"2025-04-17T08:52:13+00:00\",\"breadcrumb\":{\"@id\":\"https:\/\/phpteszt.femstudio.hu\/hipnozis-oktatas\/az-onfeltaras-muveszete\/#breadcrumb\"},\"inLanguage\":\"en-GB\",\"potentialAction\":[{\"@type\":\"ReadAction\",\"target\":[\"https:\/\/phpteszt.femstudio.hu\/hipnozis-oktatas\/az-onfeltaras-muveszete\/\"]}]},{\"@type\":\"BreadcrumbList\",\"@id\":\"https:\/\/phpteszt.femstudio.hu\/hipnozis-oktatas\/az-onfeltaras-muveszete\/#breadcrumb\",\"itemListElement\":[{\"@type\":\"ListItem\",\"position\":1,\"name\":\"Kezd\u0151lap\",\"item\":\"https:\/\/phpteszt.femstudio.hu\/\"},{\"@type\":\"ListItem\",\"position\":2,\"name\":\"Hipn\u00f3zis oktat\u00e1s\",\"item\":\"https:\/\/phpteszt.femstudio.hu\/hipnozis-oktatas\/\"},{\"@type\":\"ListItem\",\"position\":3,\"name\":\"Basic hypnosis-self hypnosis\/Hipn\u00f3zis alapk\u00e9pz\u00e9s, az \u00f6nfelt\u00e1r\u00e1s m\u0171v\u00e9szete\"}]},{\"@type\":\"WebSite\",\"@id\":\"https:\/\/phpteszt.femstudio.hu\/#website\",\"url\":\"https:\/\/phpteszt.femstudio.hu\/\",\"name\":\"Havasi Katalin\",\"description\":\"hipn\u00f3zis, \u00f6nismeret, coaching\",\"publisher\":{\"@id\":\"https:\/\/phpteszt.femstudio.hu\/#organization\"},\"potentialAction\":[{\"@type\":\"SearchAction\",\"target\":{\"@type\":\"EntryPoint\",\"urlTemplate\":\"https:\/\/phpteszt.femstudio.hu\/?s={search_term_string}\"},\"query-input\":{\"@type\":\"PropertyValueSpecification\",\"valueRequired\":true,\"valueName\":\"search_term_string\"}}],\"inLanguage\":\"en-GB\"},{\"@type\":\"Organization\",\"@id\":\"https:\/\/phpteszt.femstudio.hu\/#organization\",\"name\":\"Havasi Katalin\",\"url\":\"https:\/\/phpteszt.femstudio.hu\/\",\"logo\":{\"@type\":\"ImageObject\",\"inLanguage\":\"en-GB\",\"@id\":\"https:\/\/phpteszt.femstudio.hu\/#\/schema\/logo\/image\/\",\"url\":\"https:\/\/phpteszt.femstudio.hu\/wp-content\/uploads\/2023\/03\/hero.webp\",\"contentUrl\":\"https:\/\/phpteszt.femstudio.hu\/wp-content\/uploads\/2023\/03\/hero.webp\",\"width\":2000,\"height\":1333,\"caption\":\"Havasi Katalin\"},\"image\":{\"@id\":\"https:\/\/phpteszt.femstudio.hu\/#\/schema\/logo\/image\/\"}}]}<\/script>\n<!-- \/ Yoast SEO plugin. -->","yoast_head_json":{"title":"Katalin Havasi","robots":{"index":"noindex","follow":"follow","max-snippet":"max-snippet:-1","max-image-preview":"max-image-preview:large","max-video-preview":"max-video-preview:-1"},"og_locale":"en_GB","og_type":"article","og_description":"Gondolt\u00e1l m\u00e1r arra, hogy j\u00f3 lenne, ha valaki seg\u00edtene eligazodni az \u00e9letben \u00fagy, mint egy jelk\u00e9pes idegenvezet\u0151? Vannak helyzetek, melyeket k\u00f6nnyed\u00e9n siker\u00fcl megoldani az otthonr\u00f3l hozott, vagy id\u0151k\u00f6zben megszerzett megold\u00e1si mechanizmusokkal, de mindenki \u00e9let\u00e9ben ad\u00f3dnak olyan szitu\u00e1ci\u00f3k, melyeket a rendelkez\u00e9s\u00e9re \u00e1ll\u00f3 eszk\u00f6z\u00f6kkel nem tud sikeresen kezelni. S\u0151t, el\u0151fordul, hogy valaki \u00f6nsorsront\u00e1sban \u00e9li az \u00e9let\u00e9t, de nem veszi \u00e9szre addig, am\u00edg valaki nem seg\u00edt felismerni azokat a tudatalatti \"programokat\", amelyekkel \u00fajra-, \u00e9s \u00fajra ism\u00e9tli a probl\u00e9m\u00e1t.","og_url":"https:\/\/phpteszt.femstudio.hu\/en\/hipnozis-oktatas\/az-onfeltaras-muveszete\/","og_site_name":"Havasi Katalin","article_modified_time":"2025-04-17T08:52:13+00:00","og_image":[{"width":2000,"height":1333,"url":"https:\/\/phpteszt.femstudio.hu\/wp-content\/uploads\/2023\/03\/hero.webp","type":"image\/webp"}],"twitter_card":"summary_large_image","twitter_misc":{"Estimated reading time":"2 minutes"},"schema":{"@context":"https:\/\/schema.org","@graph":[{"@type":"WebPage","@id":"https:\/\/phpteszt.femstudio.hu\/hipnozis-oktatas\/az-onfeltaras-muveszete\/","url":"https:\/\/phpteszt.femstudio.hu\/hipnozis-oktatas\/az-onfeltaras-muveszete\/","name":"","isPartOf":{"@id":"https:\/\/phpteszt.femstudio.hu\/#website"},"datePublished":"2023-03-08T17:57:05+00:00","dateModified":"2025-04-17T08:52:13+00:00","breadcrumb":{"@id":"https:\/\/phpteszt.femstudio.hu\/hipnozis-oktatas\/az-onfeltaras-muveszete\/#breadcrumb"},"inLanguage":"en-GB","potentialAction":[{"@type":"ReadAction","target":["https:\/\/phpteszt.femstudio.hu\/hipnozis-oktatas\/az-onfeltaras-muveszete\/"]}]},{"@type":"BreadcrumbList","@id":"https:\/\/phpteszt.femstudio.hu\/hipnozis-oktatas\/az-onfeltaras-muveszete\/#breadcrumb","itemListElement":[{"@type":"ListItem","position":1,"name":"Kezd\u0151lap","item":"https:\/\/phpteszt.femstudio.hu\/"},{"@type":"ListItem","position":2,"name":"Hipn\u00f3zis oktat\u00e1s","item":"https:\/\/phpteszt.femstudio.hu\/hipnozis-oktatas\/"},{"@type":"ListItem","position":3,"name":"Basic hypnosis-self hypnosis\/Hipn\u00f3zis alapk\u00e9pz\u00e9s, az \u00f6nfelt\u00e1r\u00e1s m\u0171v\u00e9szete"}]},{"@type":"WebSite","@id":"https:\/\/phpteszt.femstudio.hu\/#website","url":"https:\/\/phpteszt.femstudio.hu\/","name":"Katalin Havasi","description":"hipn\u00f3zis, \u00f6nismeret, coaching","publisher":{"@id":"https:\/\/phpteszt.femstudio.hu\/#organization"},"potentialAction":[{"@type":"SearchAction","target":{"@type":"EntryPoint","urlTemplate":"https:\/\/phpteszt.femstudio.hu\/?s={search_term_string}"},"query-input":{"@type":"PropertyValueSpecification","valueRequired":true,"valueName":"search_term_string"}}],"inLanguage":"en-GB"},{"@type":"Organization","@id":"https:\/\/phpteszt.femstudio.hu\/#organization","name":"Katalin Havasi","url":"https:\/\/phpteszt.femstudio.hu\/","logo":{"@type":"ImageObject","inLanguage":"en-GB","@id":"https:\/\/phpteszt.femstudio.hu\/#\/schema\/logo\/image\/","url":"https:\/\/phpteszt.femstudio.hu\/wp-content\/uploads\/2023\/03\/hero.webp","contentUrl":"https:\/\/phpteszt.femstudio.hu\/wp-content\/uploads\/2023\/03\/hero.webp","width":2000,"height":1333,"caption":"Havasi Katalin"},"image":{"@id":"https:\/\/phpteszt.femstudio.hu\/#\/schema\/logo\/image\/"}}]}},"_links":{"self":[{"href":"https:\/\/phpteszt.femstudio.hu\/en\/wp-json\/wp\/v2\/pages\/216","targetHints":{"allow":["GET"]}}],"collection":[{"href":"https:\/\/phpteszt.femstudio.hu\/en\/wp-json\/wp\/v2\/pages"}],"about":[{"href":"https:\/\/phpteszt.femstudio.hu\/en\/wp-json\/wp\/v2\/types\/page"}],"author":[{"embeddable":true,"href":"https:\/\/phpteszt.femstudio.hu\/en\/wp-json\/wp\/v2\/users\/1"}],"replies":[{"embeddable":true,"href":"https:\/\/phpteszt.femstudio.hu\/en\/wp-json\/wp\/v2\/comments?post=216"}],"version-history":[{"count":11,"href":"https:\/\/phpteszt.femstudio.hu\/en\/wp-json\/wp\/v2\/pages\/216\/revisions"}],"predecessor-version":[{"id":754,"href":"https:\/\/phpteszt.femstudio.hu\/en\/wp-json\/wp\/v2\/pages\/216\/revisions\/754"}],"up":[{"embeddable":true,"href":"https:\/\/phpteszt.femstudio.hu\/en\/wp-json\/wp\/v2\/pages\/17"}],"wp:attachment":[{"href":"https:\/\/phpteszt.femstudio.hu\/en\/wp-json\/wp\/v2\/media?parent=216"}],"curies":[{"name":"wp","href":"https:\/\/api.w.org\/{rel}","templated":true}]}}