{"id":225,"date":"2023-03-08T18:06:32","date_gmt":"2023-03-08T18:06:32","guid":{"rendered":"http:\/\/havasikatalin.timarweb.hu\/?page_id=225"},"modified":"2025-04-17T08:55:59","modified_gmt":"2025-04-17T08:55:59","slug":"mester-hipnozis-tanfolyam","status":"publish","type":"page","link":"https:\/\/phpteszt.femstudio.hu\/en\/hipnozis-oktatas\/mester-hipnozis-tanfolyam\/","title":{"rendered":"Master hypnotist\/Mester hipn\u00f3zis (MHT)"},"content":{"rendered":"<p>Analitikus hipn\u00f3zis (50 \u00f3ra \/ 5 nap)<\/p>\n\n\n\n<p><strong>K\u00f6vetkez\u0151 kurzus: <\/strong>2026. janu\u00e1r 21-25.<\/p>\n\n\n\n<p><strong>Felt\u00e9tele<\/strong>: A Basic Hypnosis (BH), \u00e9s a Hypnotist Tanfolyam (HT) sikeres teljes\u00edt\u00e9se<br><strong>D\u00edja<\/strong>: 1470 CAD, fizetend\u0151 Forintban, MNB k\u00f6z\u00e9p\u00e1rfolyamon<br>A tanfolyam elv\u00e9gz\u00e9se ut\u00e1n a r\u00e9sztvev\u0151 jogosultt\u00e1 v\u00e1lik a MASTER HYPNOTIST titulusra, melyr\u0151l angol nyelv\u0171 oklevelet adunk ki<\/p>\n\n\n\n<p><strong>Jelentkez\u00e9s<\/strong>: katalin.havasi@gmail.com<\/p>\n\n\n\n<p><strong>T\u00e9m\u00e1i<\/strong>:<\/p>\n\n\n\n<ul class=\"wp-block-list\">\n<li>Analitikus hipn\u00f3zis elm\u00e9lete \u00e9s gyakorlata<\/li>\n\n\n\n<li>Tudatalatti programoz\u00e1s<\/li>\n\n\n\n<li>A tudatos \u00e9s a tudatalatti elme m\u0171k\u00f6d\u00e9s\u00e9nek funkci\u00f3ja, defin\u00edci\u00f3ja<\/li>\n\n\n\n<li>Szem\u00e9lyre szabott hipn\u00e1bilit\u00e1s, hipnotiz\u00e1lhat\u00f3s\u00e1g fokoz\u00e1sa<\/li>\n\n\n\n<li>A hipn\u00f3zis maxim\u00e1lis fokoz\u00e1sa<\/li>\n\n\n\n<li>A hipnoter\u00e1pia funkci\u00f3i<\/li>\n\n\n\n<li>Az elme szab\u00e1lyai \u00e9s ezek gyakorlati alkalmaz\u00e1sa<\/li>\n\n\n\n<li>4 F\u00e1zis\u00fa protokoll<\/li>\n\n\n\n<li>Konf\u00fazi\u00f3s technik\u00e1k<\/li>\n\n\n\n<li>Leghat\u00e1sosabb indukci\u00f3k<\/li>\n\n\n\n<li>A szuggeszti\u00f3k t\u00f6rv\u00e9nyei<\/li>\n\n\n\n<li>A szuggeszti\u00f3k tulajdons\u00e1gai<\/li>\n\n\n\n<li>A reakci\u00f3k min\u0151s\u00e9ge<\/li>\n\n\n\n<li>Szomnabul transz \/ indukci\u00f3<\/li>\n\n\n\n<li>Ericksoni hipn\u00f3zis technik\u00e1k<\/li>\n\n\n\n<li>Szuggeszti\u00f3-l\u00e1ncol\u00e1sok<\/li>\n\n\n\n<li>Metaforikus modellez\u00e9s<\/li>\n\n\n\n<li>Ideomotor jelek alkalmaz\u00e1sa hipn\u00f3zisban<\/li>\n\n\n\n<li>\u00c9ber hipn\u00f3zis<\/li>\n\n\n\n<li>Hipn\u00f3zis alkalmaz\u00e1sa sportol\u00f3kn\u00e1l<\/li>\n\n\n\n<li>Hipn\u00f3zis gyerekekn\u00e9l<\/li>\n\n\n\n<li>Vertigo indukci\u00f3<\/li>\n\n\n\n<li>K\u00e1ros szok\u00e1sok, szenved\u00e9lyek \u201c\u00e1t\u00edr\u00e1sa\u201d hipn\u00f3zissal<\/li>\n<\/ul>","protected":false},"excerpt":{"rendered":"<p>Analitikus hipn\u00f3zis (50 \u00f3ra \/ 5 nap) K\u00f6vetkez\u0151 kurzus: 2026. janu\u00e1r 21-25. Felt\u00e9tele: A Basic Hypnosis (BH), \u00e9s a Hypnotist Tanfolyam (HT) sikeres teljes\u00edt\u00e9seD\u00edja: 1470 CAD, fizetend\u0151 Forintban, MNB k\u00f6z\u00e9p\u00e1rfolyamonA [&hellip;]<\/p>","protected":false},"author":1,"featured_media":0,"parent":17,"menu_order":0,"comment_status":"closed","ping_status":"closed","template":"template-hypno-subpage.php","meta":{"footnotes":""},"class_list":["post-225","page","type-page","status-publish","hentry"],"acf":[],"yoast_head":"<!-- This site is optimized with the Yoast SEO plugin v25.9 - https:\/\/yoast.com\/wordpress\/plugins\/seo\/ -->\n<title>Havasi Katalin<\/title>\n<meta name=\"robots\" content=\"noindex, follow, max-snippet:-1, max-image-preview:large, max-video-preview:-1\" \/>\n<meta property=\"og:locale\" content=\"en_GB\" \/>\n<meta property=\"og:type\" content=\"article\" \/>\n<meta property=\"og:description\" content=\"Gondolt\u00e1l m\u00e1r arra, hogy j\u00f3 lenne, ha valaki seg\u00edtene eligazodni az \u00e9letben \u00fagy, mint egy jelk\u00e9pes idegenvezet\u0151? Vannak helyzetek, melyeket k\u00f6nnyed\u00e9n siker\u00fcl megoldani az otthonr\u00f3l hozott, vagy id\u0151k\u00f6zben megszerzett megold\u00e1si mechanizmusokkal, de mindenki \u00e9let\u00e9ben ad\u00f3dnak olyan szitu\u00e1ci\u00f3k, melyeket a rendelkez\u00e9s\u00e9re \u00e1ll\u00f3 eszk\u00f6z\u00f6kkel nem tud sikeresen kezelni. S\u0151t, el\u0151fordul, hogy valaki \u00f6nsorsront\u00e1sban \u00e9li az \u00e9let\u00e9t, de nem veszi \u00e9szre addig, am\u00edg valaki nem seg\u00edt felismerni azokat a tudatalatti &quot;programokat&quot;, amelyekkel \u00fajra-, \u00e9s \u00fajra ism\u00e9tli a probl\u00e9m\u00e1t.\" \/>\n<meta property=\"og:url\" content=\"https:\/\/phpteszt.femstudio.hu\/en\/hipnozis-oktatas\/mester-hipnozis-tanfolyam\/\" \/>\n<meta property=\"og:site_name\" content=\"Havasi Katalin\" \/>\n<meta property=\"article:modified_time\" content=\"2025-04-17T08:55:59+00:00\" \/>\n<meta property=\"og:image\" content=\"https:\/\/phpteszt.femstudio.hu\/wp-content\/uploads\/2023\/03\/hero.webp\" \/>\n\t<meta property=\"og:image:width\" content=\"2000\" \/>\n\t<meta property=\"og:image:height\" content=\"1333\" \/>\n\t<meta property=\"og:image:type\" content=\"image\/webp\" \/>\n<meta name=\"twitter:card\" content=\"summary_large_image\" \/>\n<meta name=\"twitter:label1\" content=\"Estimated reading time\" \/>\n\t<meta name=\"twitter:data1\" content=\"1 minute\" \/>\n<script type=\"application\/ld+json\" class=\"yoast-schema-graph\">{\"@context\":\"https:\/\/schema.org\",\"@graph\":[{\"@type\":\"WebPage\",\"@id\":\"https:\/\/phpteszt.femstudio.hu\/hipnozis-oktatas\/mester-hipnozis-tanfolyam\/\",\"url\":\"https:\/\/phpteszt.femstudio.hu\/hipnozis-oktatas\/mester-hipnozis-tanfolyam\/\",\"name\":\"\",\"isPartOf\":{\"@id\":\"https:\/\/phpteszt.femstudio.hu\/#website\"},\"datePublished\":\"2023-03-08T18:06:32+00:00\",\"dateModified\":\"2025-04-17T08:55:59+00:00\",\"breadcrumb\":{\"@id\":\"https:\/\/phpteszt.femstudio.hu\/hipnozis-oktatas\/mester-hipnozis-tanfolyam\/#breadcrumb\"},\"inLanguage\":\"en-GB\",\"potentialAction\":[{\"@type\":\"ReadAction\",\"target\":[\"https:\/\/phpteszt.femstudio.hu\/hipnozis-oktatas\/mester-hipnozis-tanfolyam\/\"]}]},{\"@type\":\"BreadcrumbList\",\"@id\":\"https:\/\/phpteszt.femstudio.hu\/hipnozis-oktatas\/mester-hipnozis-tanfolyam\/#breadcrumb\",\"itemListElement\":[{\"@type\":\"ListItem\",\"position\":1,\"name\":\"Kezd\u0151lap\",\"item\":\"https:\/\/phpteszt.femstudio.hu\/\"},{\"@type\":\"ListItem\",\"position\":2,\"name\":\"Hipn\u00f3zis oktat\u00e1s\",\"item\":\"https:\/\/phpteszt.femstudio.hu\/hipnozis-oktatas\/\"},{\"@type\":\"ListItem\",\"position\":3,\"name\":\"Master hypnotist\/Mester hipn\u00f3zis (MHT)\"}]},{\"@type\":\"WebSite\",\"@id\":\"https:\/\/phpteszt.femstudio.hu\/#website\",\"url\":\"https:\/\/phpteszt.femstudio.hu\/\",\"name\":\"Havasi Katalin\",\"description\":\"hipn\u00f3zis, \u00f6nismeret, coaching\",\"publisher\":{\"@id\":\"https:\/\/phpteszt.femstudio.hu\/#organization\"},\"potentialAction\":[{\"@type\":\"SearchAction\",\"target\":{\"@type\":\"EntryPoint\",\"urlTemplate\":\"https:\/\/phpteszt.femstudio.hu\/?s={search_term_string}\"},\"query-input\":{\"@type\":\"PropertyValueSpecification\",\"valueRequired\":true,\"valueName\":\"search_term_string\"}}],\"inLanguage\":\"en-GB\"},{\"@type\":\"Organization\",\"@id\":\"https:\/\/phpteszt.femstudio.hu\/#organization\",\"name\":\"Havasi Katalin\",\"url\":\"https:\/\/phpteszt.femstudio.hu\/\",\"logo\":{\"@type\":\"ImageObject\",\"inLanguage\":\"en-GB\",\"@id\":\"https:\/\/phpteszt.femstudio.hu\/#\/schema\/logo\/image\/\",\"url\":\"https:\/\/phpteszt.femstudio.hu\/wp-content\/uploads\/2023\/03\/hero.webp\",\"contentUrl\":\"https:\/\/phpteszt.femstudio.hu\/wp-content\/uploads\/2023\/03\/hero.webp\",\"width\":2000,\"height\":1333,\"caption\":\"Havasi Katalin\"},\"image\":{\"@id\":\"https:\/\/phpteszt.femstudio.hu\/#\/schema\/logo\/image\/\"}}]}<\/script>\n<!-- \/ Yoast SEO plugin. -->","yoast_head_json":{"title":"Katalin Havasi","robots":{"index":"noindex","follow":"follow","max-snippet":"max-snippet:-1","max-image-preview":"max-image-preview:large","max-video-preview":"max-video-preview:-1"},"og_locale":"en_GB","og_type":"article","og_description":"Gondolt\u00e1l m\u00e1r arra, hogy j\u00f3 lenne, ha valaki seg\u00edtene eligazodni az \u00e9letben \u00fagy, mint egy jelk\u00e9pes idegenvezet\u0151? Vannak helyzetek, melyeket k\u00f6nnyed\u00e9n siker\u00fcl megoldani az otthonr\u00f3l hozott, vagy id\u0151k\u00f6zben megszerzett megold\u00e1si mechanizmusokkal, de mindenki \u00e9let\u00e9ben ad\u00f3dnak olyan szitu\u00e1ci\u00f3k, melyeket a rendelkez\u00e9s\u00e9re \u00e1ll\u00f3 eszk\u00f6z\u00f6kkel nem tud sikeresen kezelni. S\u0151t, el\u0151fordul, hogy valaki \u00f6nsorsront\u00e1sban \u00e9li az \u00e9let\u00e9t, de nem veszi \u00e9szre addig, am\u00edg valaki nem seg\u00edt felismerni azokat a tudatalatti \"programokat\", amelyekkel \u00fajra-, \u00e9s \u00fajra ism\u00e9tli a probl\u00e9m\u00e1t.","og_url":"https:\/\/phpteszt.femstudio.hu\/en\/hipnozis-oktatas\/mester-hipnozis-tanfolyam\/","og_site_name":"Havasi Katalin","article_modified_time":"2025-04-17T08:55:59+00:00","og_image":[{"width":2000,"height":1333,"url":"https:\/\/phpteszt.femstudio.hu\/wp-content\/uploads\/2023\/03\/hero.webp","type":"image\/webp"}],"twitter_card":"summary_large_image","twitter_misc":{"Estimated reading time":"1 minute"},"schema":{"@context":"https:\/\/schema.org","@graph":[{"@type":"WebPage","@id":"https:\/\/phpteszt.femstudio.hu\/hipnozis-oktatas\/mester-hipnozis-tanfolyam\/","url":"https:\/\/phpteszt.femstudio.hu\/hipnozis-oktatas\/mester-hipnozis-tanfolyam\/","name":"","isPartOf":{"@id":"https:\/\/phpteszt.femstudio.hu\/#website"},"datePublished":"2023-03-08T18:06:32+00:00","dateModified":"2025-04-17T08:55:59+00:00","breadcrumb":{"@id":"https:\/\/phpteszt.femstudio.hu\/hipnozis-oktatas\/mester-hipnozis-tanfolyam\/#breadcrumb"},"inLanguage":"en-GB","potentialAction":[{"@type":"ReadAction","target":["https:\/\/phpteszt.femstudio.hu\/hipnozis-oktatas\/mester-hipnozis-tanfolyam\/"]}]},{"@type":"BreadcrumbList","@id":"https:\/\/phpteszt.femstudio.hu\/hipnozis-oktatas\/mester-hipnozis-tanfolyam\/#breadcrumb","itemListElement":[{"@type":"ListItem","position":1,"name":"Kezd\u0151lap","item":"https:\/\/phpteszt.femstudio.hu\/"},{"@type":"ListItem","position":2,"name":"Hipn\u00f3zis oktat\u00e1s","item":"https:\/\/phpteszt.femstudio.hu\/hipnozis-oktatas\/"},{"@type":"ListItem","position":3,"name":"Master hypnotist\/Mester hipn\u00f3zis (MHT)"}]},{"@type":"WebSite","@id":"https:\/\/phpteszt.femstudio.hu\/#website","url":"https:\/\/phpteszt.femstudio.hu\/","name":"Katalin Havasi","description":"hipn\u00f3zis, \u00f6nismeret, coaching","publisher":{"@id":"https:\/\/phpteszt.femstudio.hu\/#organization"},"potentialAction":[{"@type":"SearchAction","target":{"@type":"EntryPoint","urlTemplate":"https:\/\/phpteszt.femstudio.hu\/?s={search_term_string}"},"query-input":{"@type":"PropertyValueSpecification","valueRequired":true,"valueName":"search_term_string"}}],"inLanguage":"en-GB"},{"@type":"Organization","@id":"https:\/\/phpteszt.femstudio.hu\/#organization","name":"Katalin Havasi","url":"https:\/\/phpteszt.femstudio.hu\/","logo":{"@type":"ImageObject","inLanguage":"en-GB","@id":"https:\/\/phpteszt.femstudio.hu\/#\/schema\/logo\/image\/","url":"https:\/\/phpteszt.femstudio.hu\/wp-content\/uploads\/2023\/03\/hero.webp","contentUrl":"https:\/\/phpteszt.femstudio.hu\/wp-content\/uploads\/2023\/03\/hero.webp","width":2000,"height":1333,"caption":"Havasi Katalin"},"image":{"@id":"https:\/\/phpteszt.femstudio.hu\/#\/schema\/logo\/image\/"}}]}},"_links":{"self":[{"href":"https:\/\/phpteszt.femstudio.hu\/en\/wp-json\/wp\/v2\/pages\/225","targetHints":{"allow":["GET"]}}],"collection":[{"href":"https:\/\/phpteszt.femstudio.hu\/en\/wp-json\/wp\/v2\/pages"}],"about":[{"href":"https:\/\/phpteszt.femstudio.hu\/en\/wp-json\/wp\/v2\/types\/page"}],"author":[{"embeddable":true,"href":"https:\/\/phpteszt.femstudio.hu\/en\/wp-json\/wp\/v2\/users\/1"}],"replies":[{"embeddable":true,"href":"https:\/\/phpteszt.femstudio.hu\/en\/wp-json\/wp\/v2\/comments?post=225"}],"version-history":[{"count":5,"href":"https:\/\/phpteszt.femstudio.hu\/en\/wp-json\/wp\/v2\/pages\/225\/revisions"}],"predecessor-version":[{"id":756,"href":"https:\/\/phpteszt.femstudio.hu\/en\/wp-json\/wp\/v2\/pages\/225\/revisions\/756"}],"up":[{"embeddable":true,"href":"https:\/\/phpteszt.femstudio.hu\/en\/wp-json\/wp\/v2\/pages\/17"}],"wp:attachment":[{"href":"https:\/\/phpteszt.femstudio.hu\/en\/wp-json\/wp\/v2\/media?parent=225"}],"curies":[{"name":"wp","href":"https:\/\/api.w.org\/{rel}","templated":true}]}}