{"id":23,"date":"2022-07-27T13:24:53","date_gmt":"2022-07-27T13:24:53","guid":{"rendered":"http:\/\/havasikatalin.timarweb.hu\/?page_id=23"},"modified":"2023-06-05T14:07:08","modified_gmt":"2023-06-05T14:07:08","slug":"vezeto-kepzes","status":"publish","type":"page","link":"https:\/\/phpteszt.femstudio.hu\/en\/vezeto-kepzes\/","title":{"rendered":"Vezet\u0151 k\u00e9pz\u00e9s &#8211; Hipnocoaching"},"content":{"rendered":"<figure class=\"wp-block-image size-large\"><img loading=\"lazy\" decoding=\"async\" width=\"1024\" height=\"576\" src=\"https:\/\/phpteszt.femstudio.hu\/wp-content\/uploads\/2023\/04\/vezetoi_02-1024x576.jpg\" alt=\"\" class=\"wp-image-281\" srcset=\"https:\/\/phpteszt.femstudio.hu\/wp-content\/uploads\/2023\/04\/vezetoi_02-1024x576.jpg 1024w, https:\/\/phpteszt.femstudio.hu\/wp-content\/uploads\/2023\/04\/vezetoi_02-300x169.jpg 300w, https:\/\/phpteszt.femstudio.hu\/wp-content\/uploads\/2023\/04\/vezetoi_02-768x432.jpg 768w, https:\/\/phpteszt.femstudio.hu\/wp-content\/uploads\/2023\/04\/vezetoi_02.jpg 1200w\" sizes=\"auto, (max-width: 1024px) 100vw, 1024px\" \/><\/figure>\n\n\n\n<p><strong>Hipnocoaching a jobb munkahelyi teljes\u00edtm\u00e9ny\u00e9rt<\/strong><\/p>\n\n\n\n<p>Eredm\u00e9nyes c\u00e9get csak eredm\u00e9nyes munkat\u00e1rsakkal lehet m\u0171k\u00f6dtetni. 20 \u00e9ves HR-es p\u00e1lyafut\u00e1som alatt t\u00f6bb olyan nagyv\u00e1llalatn\u00e1l siker\u00fclt tapasztalatot szereznem, ahol nagy hangs\u00falyt fektettek a munkat\u00e1rsak szakmai \u00e9s kompetencia fejleszt\u00e9s\u00e9re. Visszat\u00e9r\u0151 k\u00e9rd\u00e9s volt, hogy a k\u00e9pz\u00e9sek k\u00f6lts\u00e9gesek, \u00e9s b\u00e1r a munkat\u00e1rsak szeretik, hossz\u00fa t\u00e1v\u00fa hat\u00e1suk nehezen m\u00e9rhet\u0151. Gyakori jelens\u00e9g volt, hogy a tr\u00e9ning ut\u00e1ni pozit\u00edv v\u00e1ltoz\u00e1s ideiglenesnek bizonyult, \u00e9s n\u00e9h\u00e1ny h\u00e9ttel k\u00e9s\u0151bb a koll\u00e9g\u00e1k visszat\u00e9rtek r\u00e9gebbi m\u0171k\u00f6d\u00e9si mechanizmusaikhoz, szok\u00e1saikhoz. Hasonl\u00f3 tapasztalatok sz\u00fclettek az egy\u00e9ni vezet\u0151fejleszt\u00e9s, coaching kapcs\u00e1n is.<\/p>\n\n\n\n<p><strong>A tr\u00e9ningekr\u0151l \u00e9s az egy\u00e9ni fejleszt\u00e9sr\u0151l<\/strong><\/p>\n\n\n\n<p>Mi\u00e9rt van, hogy a tr\u00e9ningeket gyakran haszontalannak \u00e9rt\u00e9kelik a vezet\u0151k? A c\u00e9g akkor k\u00f6lt sz\u00edvesen b\u00e1rmilyen fejleszt\u00e9sre, ha az miel\u0151bb megt\u00e9r\u00fcl, a jelen helyzetet el\u0151re mozd\u00edtja, ill. el\u0151bb-ut\u00f3bb profitot gener\u00e1l. Egy\u00e9ni szintre \u00e9s a k\u00e9pz\u00e9sekre lebontva ez azt jelenti, hogy szeretn\u00e9, ha a dolgoz\u00f3i, akik r\u00e9szt vettek 3-4 f\u00e9le k\u00e9pz\u00e9sen-, vagy esetleg kaptak egy\u00e9ni coachingot, miel\u0151bb jobb, hat\u00e9konyabb munkat\u00e1rsak \u00e9s vezet\u0151k legyenek. Felt\u00e9telezv\u00e9n, hogy a kiv\u00e1lasztott tr\u00e9ning c\u00e9g vagy coach j\u00f3l dolgozik, min m\u00falik az, hogy el\u00e9rj\u00fck a k\u00edv\u00e1nt eredm\u00e9nyt?<\/p>\n\n\n\n<p>A v\u00e1lasz a r\u00e9sztvev\u0151ben van. Nem mindegy, hogy valaki milyen ment\u00e1lis, fizikai \u00e9s szellemi \u00e1llapotban \u00e9l \u00e9s dolgozik. B\u00e1r a vel\u00fcnk dolgoz\u00f3ra kiz\u00e1r\u00f3lag munkat\u00e1rsk\u00e9nt tekint\u00fcnk, \u00e9s csak azt v\u00e1rjuk el, hogy minden nap j\u00f3l v\u00e9gezze a munk\u00e1j\u00e1t, \u0151 m\u00e9giscsak egy olyan ember, akit nem reggel 8-t\u00f3l este 6-ig \u00e9rnek k\u00f6rnyezeti hat\u00e1sok, hanem eg\u00e9sz nap, s\u0151t, eg\u00e9sz \u00e9let\u00e9ben. Ezek a hat\u00e1sok \u00f6sszead\u00f3dva, \u00f6sszekeveredve adj\u00e1k azt a k\u00f6nyvel\u0151t, programoz\u00f3t, \u00e9rt\u00e9kes\u00edt\u0151t, stb. akivel az irod\u00e1ban egy\u00fctt dolgozunk. Hatv\u00e1nyozottan igaz ez a vezet\u0151kre, akik d\u00f6nt\u00e9seikkel m\u00e1s munkat\u00e1rsak m\u0171k\u00f6d\u00e9s\u00e9t, ill. nagyobb horderej\u0171 folyamatokat befoly\u00e1solnak. A v\u00e1llalatokn\u00e1l \u00e1ltal\u00e1ban haszn\u00e1lt fejleszt\u00e9si folyamat ez\u00e9rt minden kidolgozotts\u00e1ga-, c\u00e9gre szabotts\u00e1ga \u00e9s el\u0151retekint\u0151 jellemz\u0151je mellett hamar el\u00e9rheti hat\u00e1rait.<\/p>\n\n\n\n<p>Term\u00e9szetesen sz\u00fcks\u00e9g van a tr\u00e9ningekre, \u00e9s nagy sz\u00fcks\u00e9g van a vezet\u0151k\u00e9pz\u00e9sre, a munkat\u00e1rsak maguk is ig\u00e9nylik ezt. Annak a c\u00e9gnek mindig nagyobb a preszt\u00edzse a munkat\u00e1rsak k\u00f6r\u00e9ben, amelyik fontosnak tartja fejleszt\u00e9s\u00fcket. Magam is fantasztikus tr\u00e9nerekkel \u00e9s coachokkal dolgoztam az \u00e9vek sor\u00e1n k\u00fcl\u00f6nb\u00f6z\u0151 programokban. Ezen szakemberek m\u0171k\u00f6d\u00e9si ter\u00fclete a munkat\u00e1rs munkahelyi szok\u00e1saira, a munk\u00e1j\u00e1val kapcsolatos k\u00e9szs\u00e9geire \u00e9s teljes\u00edtm\u00e9ny\u00e9re terjed ki. A munkahelyi teljes\u00edtm\u00e9ny probl\u00e9ma gy\u00f6kere viszont gyakran a fenti bekezd\u00e9sben eml\u00edtett non-stop k\u00f6rnyezeti hat\u00e1s miatt sokszor enn\u00e9l m\u00e9lyebben van. Emiatt az eg\u00e9sz fejleszt\u00e9si folyamat kudarcba fulladhat, hiszen a tr\u00e9ner\/coach mag\u00e1n\u00e9leti, szem\u00e9lyis\u00e9gbeli \u00e9s \u00e9letvezet\u00e9si k\u00e9rd\u00e9sekben nem avatkozhat j\u00f3 sz\u00e1nd\u00e9kkal sem kliense \u00e9let\u00e9be.<\/p>\n\n\n\n<p><strong>M\u00f3dszertan: hipnocoaching<\/strong><\/p>\n\n\n\n<p>A hipnocoaching t\u00fall\u00e9p a hagyom\u00e1nyos coaching hat\u00e1rokon. Olyan gyakorlatokkal, technik\u00e1kkal dolgozik, melyekkel felt\u00e1rhat\u00f3k azok a szem\u00e9lyis\u00e9gben rejl\u0151 tudatalatti mechanizmusok, melyek akad\u00e1lyozz\u00e1k az alanyt abban, hogy a megtanult vagy hagyom\u00e1nyos fejleszt\u00e9ssel megismert eszk\u00f6z\u00f6ket hat\u00e9konyan alkalmazza. Tudatalatti m\u0171k\u00f6d\u00e9s\u00fcnk befoly\u00e1solja a kitart\u00e1sunkat, \u00f6n\u00e9rt\u00e9kel\u00e9s\u00fcnket, emberi kapcsolatainkat, szorgalmunkat. Befoly\u00e1solja tov\u00e1bb\u00e1 vezet\u0151i k\u00e9szs\u00e9geinket, kapcsolatunkat az id\u0151vel, sikerrel, kudarccal, stb. Bizony\u00e1ra ismer\u0151sen hangzik, hogy \u201eFejben d\u0151l el minden, ott kell rendet tenni\u201d \u2013 nos, ez az, ami hipnocoachinggal t\u00f6rt\u00e9nik. A hipnocoach megfelel\u0151en k\u00e9pzett arra, hogy alany\u00e1t teljes szem\u00e9lyk\u00e9nt tekintse, \u00e9s ne csak a munkahelyen mutatott, hanem a komplex szem\u00e9lyis\u00e9ggel dolgozzon.<\/p>\n\n\n\n<p>A m\u00f3dszer hat\u00e9konys\u00e1ga abban rejlik, hogy egy k\u00f6nny\u0171 transz\u00e1llapotban az elme sokkal befogad\u00f3bb a v\u00e1ltoz\u00e1sra, mert jobban tudunk hatni azokra a tudatalatti \u00e9rzelmekre, amik a v\u00e1ltoz\u00e1st el\u0151seg\u00edtik. Az \u00e1ltal\u00e1nos t\u00e9vhittel szemben a a relax\u00e1ci\u00f3 egy term\u00e9szetes tudat\u00e1llapot, amit agyunk spont\u00e1n m\u00f3don naponta t\u00f6bbsz\u00f6r is felvesz. B\u00e1r k\u00edv\u00fclr\u0151l egy elr\u00e9v\u00fclt \u00e1llapotnak t\u0171nik, val\u00f3j\u00e1ban egy nagyon is \u00e9ber, \u00e9l\u00e9nk befel\u00e9 figyel\u00e9sr\u0151l van sz\u00f3. Ilyenkor is tudat\u00e1ban vagyunk \u00f6nmagunknak, k\u00e9pesek vagyunk kontroll\u00e1lni cselekedeteinket. Ezek azok az ellazult, elm\u00e9ly\u00fclt pillanatok, amikor b\u00e1r \u00e9rz\u00e9kelj\u00fck, mi t\u00f6rt\u00e9nik k\u00f6r\u00fcl\u00f6tt\u00fcnk, m\u00e9gis \u201eelbambulunk\u201d. Utaz\u00e1s, olvas\u00e1s, b\u00e1rmely rutin tev\u00e9kenys\u00e9g, p\u00e9ld\u00e1ul aut\u00f3vezet\u00e9s k\u00f6zben szinte kiv\u00e9tel n\u00e9lk\u00fcl kikapcsolunk, \u00e9s relax\u00e1lunk. Sz\u00e1mtalan cikk, inform\u00e1ci\u00f3, kutat\u00e1si eredm\u00e9ny, MRI vizsg\u00e1lat t\u00e1masztja al\u00e1 a m\u00f3dszer j\u00f3t\u00e9kony hat\u00e1s\u00e1t, \u00e9ppen ez\u00e9rt m\u00e1r nem csak a ter\u00e1pi\u00e1kban, gy\u00f3gy\u00edt\u00e1sban haszn\u00e1lj\u00e1k vil\u00e1gszerte, hanem a sportban, \u00fczleti \u00e9letben \u00e9s azokban a helyzetekben, amikor valaki b\u00e1rmilyen tekintetben jobb teljes\u00edtm\u00e9nyt szeretne el\u00e9rni.<\/p>\n\n\n\n<p><strong>A teljess\u00e9g ig\u00e9nye n\u00e9lk\u00fcl n\u00e9h\u00e1ny nemzetk\u00f6zi p\u00e9lda arra, hogy kik \u00e9s milyen c\u00e9lra haszn\u00e1lt\u00e1k a m\u00f3dszert:<\/strong><\/p>\n\n\n\n<ul class=\"wp-block-list\">\n<li>Sir Winston Churchill \u2013 stressz old\u00e1sra \u00e9s szellemi \u00e1ll\u00f3k\u00e9pess\u00e9ge n\u00f6vel\u00e9s\u00e9re haszn\u00e1lta a minisztereln\u00f6ks\u00e9ge idej\u00e9n<\/li>\n\n\n\n<li>John McAfee \u2013 munkat\u00e1rsai fejleszt\u00e9s\u00e9re<\/li>\n\n\n\n<li>Thomas Edison \u2013 rendszeresen relax\u00e1lt, \u00f6nhipn\u00f3zist alkalmazott mikor tal\u00e1lm\u00e1nyai t\u00f6k\u00e9letes\u00edt\u00e9s\u00e9n dolgozott<\/li>\n\n\n\n<li>Andre Agassi \u2013 koncentr\u00e1ci\u00f3k\u00e9szs\u00e9ge-, \u00e9s sportteljes\u00edtm\u00e9nye n\u00f6vel\u00e9s\u00e9re<\/li>\n\n\n\n<li>Phil Jackson \u2013 (a Chicago Bulls edz\u0151je) Michael Jordan, Kobe Bryant \u00e9s Saq O\u2019Neal sportteljes\u00edtm\u00e9nye n\u00f6vel\u00e9s\u00e9re<\/li>\n\n\n\n<li>Henry Ford \u2013 \u00f6nmaga fejleszt\u00e9s\u00e9re<\/li>\n\n\n\n<li>Nikola Tesla \u2013 \u00f6nmaga fejleszt\u00e9s\u00e9re<\/li>\n\n\n\n<li>Hollywood: Ben Affleck, Silvester Stallone, Matt Damon, Drew Barrymore, stb. stb. \u2013 stressz old\u00e1s, teljes\u00edtm\u00e9ny n\u00f6vel\u00e9s, szellemi \u00e1ll\u00f3k\u00e9pess\u00e9g n\u00f6vel\u00e9se<\/li>\n\n\n\n<li>A Wall street \u00e9s a Szil\u00edcium v\u00f6lgy munkat\u00e1rsai \u00e9s vezet\u0151i sz\u00e9les k\u00f6rben alkalmazz\u00e1k teljes\u00edtm\u00e9ny n\u00f6vel\u00e9s\u00e9re, kreativit\u00e1s \u00e9s alkot\u00f3k\u00e9szs\u00e9g fejleszt\u00e9s\u00e9re, stressz old\u00e1sra<\/li>\n<\/ul>\n\n\n\n<p>Praxisomban t\u00f6bb c\u00e9gvezet\u0151, \u00e9rt\u00e9kes\u00edt\u0151, p\u00e9nz\u00fcgyi-, \u00e9s egy\u00e9b szakember fordult meg, nev\u00fcket szem\u00e9lyis\u00e9gi jogok miatt ebben a felsorol\u00e1sban nem adhatom meg, de referencia k\u00e9r\u00e9sre beszerezhet\u0151.<\/p>\n\n\n\n<p><strong>Aj\u00e1nlat<\/strong><\/p>\n\n\n\n<p>Javaslom a hipnocoachingot azoknak a vezet\u0151knek, akik \u00fajak a poz\u00edci\u00f3jukban \u00e9s akad\u00e1lyokkal k\u00fczdenek a motiv\u00e1ci\u00f3, deleg\u00e1l\u00e1s, strat\u00e9giai gondolkod\u00e1s stb. ter\u00e9n, azaz ki kell alak\u00edtani vezet\u0151i szem\u00e9lyis\u00e9g\u00fcket. Aj\u00e1nlom azoknak is, akik r\u00e9g\u00f3ta t\u00f6ltik be a poz\u00edci\u00f3t, nem \u00e9rzik benne j\u00f3l magukat, hat\u00e9konys\u00e1guk cs\u00f6kkent, \u00e9s meg\u00fajul\u00e1sra van sz\u00fcks\u00e9g\u00fck.<\/p>\n\n\n\n<p>Tov\u00e1bb\u00e1 javaslom a m\u00f3dszert azon vezet\u0151 \u00e9s szak\u00e9rt\u0151 munkat\u00e1rsak r\u00e9sz\u00e9re, akiket a c\u00e9g tehets\u00e9gk\u00e9nt, esetleg leend\u0151 vezet\u0151k\u00e9nt tart sz\u00e1mon, hossz\u00fa t\u00e1von gondolkodik benn\u00fck, \u00e9s egy\u00e9ni teljes\u00edtm\u00e9ny\u00fck jelent\u0151sen meghat\u00e1rozza a csoport vagy szakmai egys\u00e9g siker\u00e9t.<\/p>\n\n\n\n<p><strong>F\u0151 t\u00e9m\u00e1k a teljess\u00e9g ig\u00e9nye n\u00e9lk\u00fcl:<\/strong><\/p>\n\n\n\n<ul class=\"wp-block-list\">\n<li>hat\u00e9kony vezet\u00e9s: vezet\u0151i strat\u00e9gi\u00e1k fel\u00e1ll\u00edt\u00e1sa \u00e9s v\u00e9grehajt\u00e1sa, m\u00e1sok motiv\u00e1l\u00f3 ir\u00e1ny\u00edt\u00e1sa, a vezet\u0151 egy\u00e9ni motiv\u00e1ci\u00f3j\u00e1nak fenntart\u00e1sa<\/li>\n\n\n\n<li>kommunik\u00e1ci\u00f3s k\u00e9szs\u00e9gek fejleszt\u00e9se a napi munk\u00e1ban<\/li>\n\n\n\n<li>publikus besz\u00e9d, prezent\u00e1ci\u00f3s k\u00e9szs\u00e9gek fejleszt\u00e9se<\/li>\n\n\n\n<li>stressz \u00e9s kudarckezel\u00e9s, motiv\u00e1ci\u00f3-demotiv\u00e1ci\u00f3, ki\u00e9g\u00e9s \u2013 visszat\u00e9r\u00e9s a bels\u0151 motiv\u00e1ci\u00f3hoz<\/li>\n\n\n\n<li>szakmai hat\u00e9konys\u00e1g n\u00f6vel\u00e9s<\/li>\n\n\n\n<li>sikeres id\u0151gazd\u00e1lkod\u00e1s<\/li>\n\n\n\n<li>\u00f6nbizalom, kezdem\u00e9nyez\u0151k\u00e9szs\u00e9g, \u00f6n\u00e1ll\u00f3s\u00e1g<\/li>\n<\/ul>","protected":false},"excerpt":{"rendered":"<p>Hipnocoaching a jobb munkahelyi teljes\u00edtm\u00e9ny\u00e9rt Eredm\u00e9nyes c\u00e9get csak eredm\u00e9nyes munkat\u00e1rsakkal lehet m\u0171k\u00f6dtetni. 20 \u00e9ves HR-es p\u00e1lyafut\u00e1som alatt t\u00f6bb olyan nagyv\u00e1llalatn\u00e1l siker\u00fclt tapasztalatot szereznem, ahol nagy hangs\u00falyt fektettek a munkat\u00e1rsak szakmai [&hellip;]<\/p>","protected":false},"author":1,"featured_media":0,"parent":0,"menu_order":0,"comment_status":"closed","ping_status":"closed","template":"template-page.php","meta":{"footnotes":""},"class_list":["post-23","page","type-page","status-publish","hentry"],"acf":[],"yoast_head":"<!-- This site is optimized with the Yoast SEO plugin v25.9 - https:\/\/yoast.com\/wordpress\/plugins\/seo\/ -->\n<title>Havasi Katalin<\/title>\n<meta name=\"robots\" content=\"noindex, follow, max-snippet:-1, max-image-preview:large, max-video-preview:-1\" \/>\n<meta property=\"og:locale\" content=\"en_GB\" \/>\n<meta property=\"og:type\" content=\"article\" \/>\n<meta property=\"og:description\" content=\"Gondolt\u00e1l m\u00e1r arra, hogy j\u00f3 lenne, ha valaki seg\u00edtene eligazodni az \u00e9letben \u00fagy, mint egy jelk\u00e9pes idegenvezet\u0151? Vannak helyzetek, melyeket k\u00f6nnyed\u00e9n siker\u00fcl megoldani az otthonr\u00f3l hozott, vagy id\u0151k\u00f6zben megszerzett megold\u00e1si mechanizmusokkal, de mindenki \u00e9let\u00e9ben ad\u00f3dnak olyan szitu\u00e1ci\u00f3k, melyeket a rendelkez\u00e9s\u00e9re \u00e1ll\u00f3 eszk\u00f6z\u00f6kkel nem tud sikeresen kezelni. S\u0151t, el\u0151fordul, hogy valaki \u00f6nsorsront\u00e1sban \u00e9li az \u00e9let\u00e9t, de nem veszi \u00e9szre addig, am\u00edg valaki nem seg\u00edt felismerni azokat a tudatalatti &quot;programokat&quot;, amelyekkel \u00fajra-, \u00e9s \u00fajra ism\u00e9tli a probl\u00e9m\u00e1t.\" \/>\n<meta property=\"og:url\" content=\"https:\/\/phpteszt.femstudio.hu\/en\/vezeto-kepzes\/\" \/>\n<meta property=\"og:site_name\" content=\"Havasi Katalin\" \/>\n<meta property=\"article:modified_time\" content=\"2023-06-05T14:07:08+00:00\" \/>\n<meta property=\"og:image\" content=\"https:\/\/phpteszt.femstudio.hu\/wp-content\/uploads\/2023\/03\/hero.webp\" \/>\n\t<meta property=\"og:image:width\" content=\"2000\" \/>\n\t<meta property=\"og:image:height\" content=\"1333\" \/>\n\t<meta property=\"og:image:type\" content=\"image\/webp\" \/>\n<meta name=\"twitter:card\" content=\"summary_large_image\" \/>\n<meta name=\"twitter:label1\" content=\"Estimated reading time\" \/>\n\t<meta name=\"twitter:data1\" content=\"5 minutes\" \/>\n<script type=\"application\/ld+json\" class=\"yoast-schema-graph\">{\"@context\":\"https:\/\/schema.org\",\"@graph\":[{\"@type\":\"WebPage\",\"@id\":\"https:\/\/phpteszt.femstudio.hu\/vezeto-kepzes\/\",\"url\":\"https:\/\/phpteszt.femstudio.hu\/vezeto-kepzes\/\",\"name\":\"\",\"isPartOf\":{\"@id\":\"https:\/\/phpteszt.femstudio.hu\/#website\"},\"primaryImageOfPage\":{\"@id\":\"https:\/\/phpteszt.femstudio.hu\/vezeto-kepzes\/#primaryimage\"},\"image\":{\"@id\":\"https:\/\/phpteszt.femstudio.hu\/vezeto-kepzes\/#primaryimage\"},\"thumbnailUrl\":\"https:\/\/phpteszt.femstudio.hu\/wp-content\/uploads\/2023\/04\/vezetoi_02-1024x576.jpg\",\"datePublished\":\"2022-07-27T13:24:53+00:00\",\"dateModified\":\"2023-06-05T14:07:08+00:00\",\"breadcrumb\":{\"@id\":\"https:\/\/phpteszt.femstudio.hu\/vezeto-kepzes\/#breadcrumb\"},\"inLanguage\":\"en-GB\",\"potentialAction\":[{\"@type\":\"ReadAction\",\"target\":[\"https:\/\/phpteszt.femstudio.hu\/vezeto-kepzes\/\"]}]},{\"@type\":\"ImageObject\",\"inLanguage\":\"en-GB\",\"@id\":\"https:\/\/phpteszt.femstudio.hu\/vezeto-kepzes\/#primaryimage\",\"url\":\"https:\/\/phpteszt.femstudio.hu\/wp-content\/uploads\/2023\/04\/vezetoi_02-1024x576.jpg\",\"contentUrl\":\"https:\/\/phpteszt.femstudio.hu\/wp-content\/uploads\/2023\/04\/vezetoi_02-1024x576.jpg\"},{\"@type\":\"BreadcrumbList\",\"@id\":\"https:\/\/phpteszt.femstudio.hu\/vezeto-kepzes\/#breadcrumb\",\"itemListElement\":[{\"@type\":\"ListItem\",\"position\":1,\"name\":\"Kezd\u0151lap\",\"item\":\"https:\/\/phpteszt.femstudio.hu\/\"},{\"@type\":\"ListItem\",\"position\":2,\"name\":\"Vezet\u0151 k\u00e9pz\u00e9s &#8211; Hipnocoaching\"}]},{\"@type\":\"WebSite\",\"@id\":\"https:\/\/phpteszt.femstudio.hu\/#website\",\"url\":\"https:\/\/phpteszt.femstudio.hu\/\",\"name\":\"Havasi Katalin\",\"description\":\"hipn\u00f3zis, \u00f6nismeret, coaching\",\"publisher\":{\"@id\":\"https:\/\/phpteszt.femstudio.hu\/#organization\"},\"potentialAction\":[{\"@type\":\"SearchAction\",\"target\":{\"@type\":\"EntryPoint\",\"urlTemplate\":\"https:\/\/phpteszt.femstudio.hu\/?s={search_term_string}\"},\"query-input\":{\"@type\":\"PropertyValueSpecification\",\"valueRequired\":true,\"valueName\":\"search_term_string\"}}],\"inLanguage\":\"en-GB\"},{\"@type\":\"Organization\",\"@id\":\"https:\/\/phpteszt.femstudio.hu\/#organization\",\"name\":\"Havasi Katalin\",\"url\":\"https:\/\/phpteszt.femstudio.hu\/\",\"logo\":{\"@type\":\"ImageObject\",\"inLanguage\":\"en-GB\",\"@id\":\"https:\/\/phpteszt.femstudio.hu\/#\/schema\/logo\/image\/\",\"url\":\"https:\/\/phpteszt.femstudio.hu\/wp-content\/uploads\/2023\/03\/hero.webp\",\"contentUrl\":\"https:\/\/phpteszt.femstudio.hu\/wp-content\/uploads\/2023\/03\/hero.webp\",\"width\":2000,\"height\":1333,\"caption\":\"Havasi Katalin\"},\"image\":{\"@id\":\"https:\/\/phpteszt.femstudio.hu\/#\/schema\/logo\/image\/\"}}]}<\/script>\n<!-- \/ Yoast SEO plugin. -->","yoast_head_json":{"title":"Katalin Havasi","robots":{"index":"noindex","follow":"follow","max-snippet":"max-snippet:-1","max-image-preview":"max-image-preview:large","max-video-preview":"max-video-preview:-1"},"og_locale":"en_GB","og_type":"article","og_description":"Gondolt\u00e1l m\u00e1r arra, hogy j\u00f3 lenne, ha valaki seg\u00edtene eligazodni az \u00e9letben \u00fagy, mint egy jelk\u00e9pes idegenvezet\u0151? Vannak helyzetek, melyeket k\u00f6nnyed\u00e9n siker\u00fcl megoldani az otthonr\u00f3l hozott, vagy id\u0151k\u00f6zben megszerzett megold\u00e1si mechanizmusokkal, de mindenki \u00e9let\u00e9ben ad\u00f3dnak olyan szitu\u00e1ci\u00f3k, melyeket a rendelkez\u00e9s\u00e9re \u00e1ll\u00f3 eszk\u00f6z\u00f6kkel nem tud sikeresen kezelni. S\u0151t, el\u0151fordul, hogy valaki \u00f6nsorsront\u00e1sban \u00e9li az \u00e9let\u00e9t, de nem veszi \u00e9szre addig, am\u00edg valaki nem seg\u00edt felismerni azokat a tudatalatti \"programokat\", amelyekkel \u00fajra-, \u00e9s \u00fajra ism\u00e9tli a probl\u00e9m\u00e1t.","og_url":"https:\/\/phpteszt.femstudio.hu\/en\/vezeto-kepzes\/","og_site_name":"Havasi Katalin","article_modified_time":"2023-06-05T14:07:08+00:00","og_image":[{"width":2000,"height":1333,"url":"https:\/\/phpteszt.femstudio.hu\/wp-content\/uploads\/2023\/03\/hero.webp","type":"image\/webp"}],"twitter_card":"summary_large_image","twitter_misc":{"Estimated reading time":"5 minutes"},"schema":{"@context":"https:\/\/schema.org","@graph":[{"@type":"WebPage","@id":"https:\/\/phpteszt.femstudio.hu\/vezeto-kepzes\/","url":"https:\/\/phpteszt.femstudio.hu\/vezeto-kepzes\/","name":"","isPartOf":{"@id":"https:\/\/phpteszt.femstudio.hu\/#website"},"primaryImageOfPage":{"@id":"https:\/\/phpteszt.femstudio.hu\/vezeto-kepzes\/#primaryimage"},"image":{"@id":"https:\/\/phpteszt.femstudio.hu\/vezeto-kepzes\/#primaryimage"},"thumbnailUrl":"https:\/\/phpteszt.femstudio.hu\/wp-content\/uploads\/2023\/04\/vezetoi_02-1024x576.jpg","datePublished":"2022-07-27T13:24:53+00:00","dateModified":"2023-06-05T14:07:08+00:00","breadcrumb":{"@id":"https:\/\/phpteszt.femstudio.hu\/vezeto-kepzes\/#breadcrumb"},"inLanguage":"en-GB","potentialAction":[{"@type":"ReadAction","target":["https:\/\/phpteszt.femstudio.hu\/vezeto-kepzes\/"]}]},{"@type":"ImageObject","inLanguage":"en-GB","@id":"https:\/\/phpteszt.femstudio.hu\/vezeto-kepzes\/#primaryimage","url":"https:\/\/phpteszt.femstudio.hu\/wp-content\/uploads\/2023\/04\/vezetoi_02-1024x576.jpg","contentUrl":"https:\/\/phpteszt.femstudio.hu\/wp-content\/uploads\/2023\/04\/vezetoi_02-1024x576.jpg"},{"@type":"BreadcrumbList","@id":"https:\/\/phpteszt.femstudio.hu\/vezeto-kepzes\/#breadcrumb","itemListElement":[{"@type":"ListItem","position":1,"name":"Kezd\u0151lap","item":"https:\/\/phpteszt.femstudio.hu\/"},{"@type":"ListItem","position":2,"name":"Vezet\u0151 k\u00e9pz\u00e9s &#8211; Hipnocoaching"}]},{"@type":"WebSite","@id":"https:\/\/phpteszt.femstudio.hu\/#website","url":"https:\/\/phpteszt.femstudio.hu\/","name":"Katalin Havasi","description":"hipn\u00f3zis, \u00f6nismeret, coaching","publisher":{"@id":"https:\/\/phpteszt.femstudio.hu\/#organization"},"potentialAction":[{"@type":"SearchAction","target":{"@type":"EntryPoint","urlTemplate":"https:\/\/phpteszt.femstudio.hu\/?s={search_term_string}"},"query-input":{"@type":"PropertyValueSpecification","valueRequired":true,"valueName":"search_term_string"}}],"inLanguage":"en-GB"},{"@type":"Organization","@id":"https:\/\/phpteszt.femstudio.hu\/#organization","name":"Katalin Havasi","url":"https:\/\/phpteszt.femstudio.hu\/","logo":{"@type":"ImageObject","inLanguage":"en-GB","@id":"https:\/\/phpteszt.femstudio.hu\/#\/schema\/logo\/image\/","url":"https:\/\/phpteszt.femstudio.hu\/wp-content\/uploads\/2023\/03\/hero.webp","contentUrl":"https:\/\/phpteszt.femstudio.hu\/wp-content\/uploads\/2023\/03\/hero.webp","width":2000,"height":1333,"caption":"Havasi Katalin"},"image":{"@id":"https:\/\/phpteszt.femstudio.hu\/#\/schema\/logo\/image\/"}}]}},"_links":{"self":[{"href":"https:\/\/phpteszt.femstudio.hu\/en\/wp-json\/wp\/v2\/pages\/23","targetHints":{"allow":["GET"]}}],"collection":[{"href":"https:\/\/phpteszt.femstudio.hu\/en\/wp-json\/wp\/v2\/pages"}],"about":[{"href":"https:\/\/phpteszt.femstudio.hu\/en\/wp-json\/wp\/v2\/types\/page"}],"author":[{"embeddable":true,"href":"https:\/\/phpteszt.femstudio.hu\/en\/wp-json\/wp\/v2\/users\/1"}],"replies":[{"embeddable":true,"href":"https:\/\/phpteszt.femstudio.hu\/en\/wp-json\/wp\/v2\/comments?post=23"}],"version-history":[{"count":1,"href":"https:\/\/phpteszt.femstudio.hu\/en\/wp-json\/wp\/v2\/pages\/23\/revisions"}],"predecessor-version":[{"id":507,"href":"https:\/\/phpteszt.femstudio.hu\/en\/wp-json\/wp\/v2\/pages\/23\/revisions\/507"}],"wp:attachment":[{"href":"https:\/\/phpteszt.femstudio.hu\/en\/wp-json\/wp\/v2\/media?parent=23"}],"curies":[{"name":"wp","href":"https:\/\/api.w.org\/{rel}","templated":true}]}}