{"id":25,"date":"2022-07-27T13:25:05","date_gmt":"2022-07-27T13:25:05","guid":{"rendered":"http:\/\/havasikatalin.timarweb.hu\/?page_id=25"},"modified":"2025-07-09T08:15:36","modified_gmt":"2025-07-09T08:15:36","slug":"kapcsolat","status":"publish","type":"page","link":"https:\/\/phpteszt.femstudio.hu\/en\/kapcsolat\/","title":{"rendered":"Kapcsolat"},"content":{"rendered":"<p>Nagyon sokan kerestek, aminek nagyon \u00f6r\u00fcl\u00f6k, \u00e9s fontosnak tartom, hogy jelezzem, hogyan \u00e9rtek el a leggyorsabban. Ha id\u0151pontot szeretn\u00e9l, vagy csak \u00e9rdekl\u0151dn\u00e9l a m\u00f3dszerekkel kapcsolatban, melyeket alkalmazok, k\u00e9rlek, els\u0151sorban telefonon h\u00edvj. <\/p>\n\n\n\n<p>Ha nem \u00e9rn\u00e9l el, biztos lehetsz benne, hogy amint tudlak, visszah\u00edvlak. N\u00e9ha ez beletelhet 2-3 napba is, leterhelts\u00e9gemt\u0151l f\u00fcgg\u0151en. <\/p>\n\n\n\n<p>Email (katalin.havasi@gmail.com) \u00e9s facebook \u00fczenetekre hosszabb \u00e1tfut\u00e1si id\u0151vel (7-10 nap) tudok reag\u00e1lni.<\/p>\n\n\n\n<p>K\u00f6sz\u00f6n\u00f6m meg\u00e9rt\u00e9sedet.<\/p>","protected":false},"excerpt":{"rendered":"<p>Nagyon sokan kerestek, aminek nagyon \u00f6r\u00fcl\u00f6k, \u00e9s fontosnak tartom, hogy jelezzem, hogyan \u00e9rtek el a leggyorsabban. Ha id\u0151pontot szeretn\u00e9l, vagy csak \u00e9rdekl\u0151dn\u00e9l a m\u00f3dszerekkel kapcsolatban, melyeket alkalmazok, k\u00e9rlek, els\u0151sorban telefonon [&hellip;]<\/p>","protected":false},"author":1,"featured_media":0,"parent":0,"menu_order":0,"comment_status":"closed","ping_status":"closed","template":"template-contact.php","meta":{"footnotes":""},"class_list":["post-25","page","type-page","status-publish","hentry"],"acf":[],"yoast_head":"<!-- This site is optimized with the Yoast SEO plugin v25.9 - https:\/\/yoast.com\/wordpress\/plugins\/seo\/ -->\n<title>Havasi Katalin<\/title>\n<meta name=\"robots\" content=\"noindex, follow, max-snippet:-1, max-image-preview:large, max-video-preview:-1\" \/>\n<meta property=\"og:locale\" content=\"en_GB\" \/>\n<meta property=\"og:type\" content=\"article\" \/>\n<meta property=\"og:description\" content=\"Gondolt\u00e1l m\u00e1r arra, hogy j\u00f3 lenne, ha valaki seg\u00edtene eligazodni az \u00e9letben \u00fagy, mint egy jelk\u00e9pes idegenvezet\u0151? Vannak helyzetek, melyeket k\u00f6nnyed\u00e9n siker\u00fcl megoldani az otthonr\u00f3l hozott, vagy id\u0151k\u00f6zben megszerzett megold\u00e1si mechanizmusokkal, de mindenki \u00e9let\u00e9ben ad\u00f3dnak olyan szitu\u00e1ci\u00f3k, melyeket a rendelkez\u00e9s\u00e9re \u00e1ll\u00f3 eszk\u00f6z\u00f6kkel nem tud sikeresen kezelni. S\u0151t, el\u0151fordul, hogy valaki \u00f6nsorsront\u00e1sban \u00e9li az \u00e9let\u00e9t, de nem veszi \u00e9szre addig, am\u00edg valaki nem seg\u00edt felismerni azokat a tudatalatti &quot;programokat&quot;, amelyekkel \u00fajra-, \u00e9s \u00fajra ism\u00e9tli a probl\u00e9m\u00e1t.\" \/>\n<meta property=\"og:url\" content=\"https:\/\/phpteszt.femstudio.hu\/en\/kapcsolat\/\" \/>\n<meta property=\"og:site_name\" content=\"Havasi Katalin\" \/>\n<meta property=\"article:modified_time\" content=\"2025-07-09T08:15:36+00:00\" \/>\n<meta property=\"og:image\" content=\"https:\/\/phpteszt.femstudio.hu\/wp-content\/uploads\/2023\/03\/hero.webp\" \/>\n\t<meta property=\"og:image:width\" content=\"2000\" \/>\n\t<meta property=\"og:image:height\" content=\"1333\" \/>\n\t<meta property=\"og:image:type\" content=\"image\/webp\" \/>\n<meta name=\"twitter:card\" content=\"summary_large_image\" \/>\n<meta name=\"twitter:label1\" content=\"Estimated reading time\" \/>\n\t<meta name=\"twitter:data1\" content=\"1 minute\" \/>\n<script type=\"application\/ld+json\" class=\"yoast-schema-graph\">{\"@context\":\"https:\/\/schema.org\",\"@graph\":[{\"@type\":\"WebPage\",\"@id\":\"https:\/\/phpteszt.femstudio.hu\/kapcsolat\/\",\"url\":\"https:\/\/phpteszt.femstudio.hu\/kapcsolat\/\",\"name\":\"\",\"isPartOf\":{\"@id\":\"https:\/\/phpteszt.femstudio.hu\/#website\"},\"datePublished\":\"2022-07-27T13:25:05+00:00\",\"dateModified\":\"2025-07-09T08:15:36+00:00\",\"breadcrumb\":{\"@id\":\"https:\/\/phpteszt.femstudio.hu\/kapcsolat\/#breadcrumb\"},\"inLanguage\":\"en-GB\",\"potentialAction\":[{\"@type\":\"ReadAction\",\"target\":[\"https:\/\/phpteszt.femstudio.hu\/kapcsolat\/\"]}]},{\"@type\":\"BreadcrumbList\",\"@id\":\"https:\/\/phpteszt.femstudio.hu\/kapcsolat\/#breadcrumb\",\"itemListElement\":[{\"@type\":\"ListItem\",\"position\":1,\"name\":\"Kezd\u0151lap\",\"item\":\"https:\/\/phpteszt.femstudio.hu\/\"},{\"@type\":\"ListItem\",\"position\":2,\"name\":\"Kapcsolat\"}]},{\"@type\":\"WebSite\",\"@id\":\"https:\/\/phpteszt.femstudio.hu\/#website\",\"url\":\"https:\/\/phpteszt.femstudio.hu\/\",\"name\":\"Havasi Katalin\",\"description\":\"hipn\u00f3zis, \u00f6nismeret, coaching\",\"publisher\":{\"@id\":\"https:\/\/phpteszt.femstudio.hu\/#organization\"},\"potentialAction\":[{\"@type\":\"SearchAction\",\"target\":{\"@type\":\"EntryPoint\",\"urlTemplate\":\"https:\/\/phpteszt.femstudio.hu\/?s={search_term_string}\"},\"query-input\":{\"@type\":\"PropertyValueSpecification\",\"valueRequired\":true,\"valueName\":\"search_term_string\"}}],\"inLanguage\":\"en-GB\"},{\"@type\":\"Organization\",\"@id\":\"https:\/\/phpteszt.femstudio.hu\/#organization\",\"name\":\"Havasi Katalin\",\"url\":\"https:\/\/phpteszt.femstudio.hu\/\",\"logo\":{\"@type\":\"ImageObject\",\"inLanguage\":\"en-GB\",\"@id\":\"https:\/\/phpteszt.femstudio.hu\/#\/schema\/logo\/image\/\",\"url\":\"https:\/\/phpteszt.femstudio.hu\/wp-content\/uploads\/2023\/03\/hero.webp\",\"contentUrl\":\"https:\/\/phpteszt.femstudio.hu\/wp-content\/uploads\/2023\/03\/hero.webp\",\"width\":2000,\"height\":1333,\"caption\":\"Havasi Katalin\"},\"image\":{\"@id\":\"https:\/\/phpteszt.femstudio.hu\/#\/schema\/logo\/image\/\"}}]}<\/script>\n<!-- \/ Yoast SEO plugin. -->","yoast_head_json":{"title":"Katalin Havasi","robots":{"index":"noindex","follow":"follow","max-snippet":"max-snippet:-1","max-image-preview":"max-image-preview:large","max-video-preview":"max-video-preview:-1"},"og_locale":"en_GB","og_type":"article","og_description":"Gondolt\u00e1l m\u00e1r arra, hogy j\u00f3 lenne, ha valaki seg\u00edtene eligazodni az \u00e9letben \u00fagy, mint egy jelk\u00e9pes idegenvezet\u0151? Vannak helyzetek, melyeket k\u00f6nnyed\u00e9n siker\u00fcl megoldani az otthonr\u00f3l hozott, vagy id\u0151k\u00f6zben megszerzett megold\u00e1si mechanizmusokkal, de mindenki \u00e9let\u00e9ben ad\u00f3dnak olyan szitu\u00e1ci\u00f3k, melyeket a rendelkez\u00e9s\u00e9re \u00e1ll\u00f3 eszk\u00f6z\u00f6kkel nem tud sikeresen kezelni. S\u0151t, el\u0151fordul, hogy valaki \u00f6nsorsront\u00e1sban \u00e9li az \u00e9let\u00e9t, de nem veszi \u00e9szre addig, am\u00edg valaki nem seg\u00edt felismerni azokat a tudatalatti \"programokat\", amelyekkel \u00fajra-, \u00e9s \u00fajra ism\u00e9tli a probl\u00e9m\u00e1t.","og_url":"https:\/\/phpteszt.femstudio.hu\/en\/kapcsolat\/","og_site_name":"Havasi Katalin","article_modified_time":"2025-07-09T08:15:36+00:00","og_image":[{"width":2000,"height":1333,"url":"https:\/\/phpteszt.femstudio.hu\/wp-content\/uploads\/2023\/03\/hero.webp","type":"image\/webp"}],"twitter_card":"summary_large_image","twitter_misc":{"Estimated reading time":"1 minute"},"schema":{"@context":"https:\/\/schema.org","@graph":[{"@type":"WebPage","@id":"https:\/\/phpteszt.femstudio.hu\/kapcsolat\/","url":"https:\/\/phpteszt.femstudio.hu\/kapcsolat\/","name":"","isPartOf":{"@id":"https:\/\/phpteszt.femstudio.hu\/#website"},"datePublished":"2022-07-27T13:25:05+00:00","dateModified":"2025-07-09T08:15:36+00:00","breadcrumb":{"@id":"https:\/\/phpteszt.femstudio.hu\/kapcsolat\/#breadcrumb"},"inLanguage":"en-GB","potentialAction":[{"@type":"ReadAction","target":["https:\/\/phpteszt.femstudio.hu\/kapcsolat\/"]}]},{"@type":"BreadcrumbList","@id":"https:\/\/phpteszt.femstudio.hu\/kapcsolat\/#breadcrumb","itemListElement":[{"@type":"ListItem","position":1,"name":"Kezd\u0151lap","item":"https:\/\/phpteszt.femstudio.hu\/"},{"@type":"ListItem","position":2,"name":"Kapcsolat"}]},{"@type":"WebSite","@id":"https:\/\/phpteszt.femstudio.hu\/#website","url":"https:\/\/phpteszt.femstudio.hu\/","name":"Katalin Havasi","description":"hipn\u00f3zis, \u00f6nismeret, coaching","publisher":{"@id":"https:\/\/phpteszt.femstudio.hu\/#organization"},"potentialAction":[{"@type":"SearchAction","target":{"@type":"EntryPoint","urlTemplate":"https:\/\/phpteszt.femstudio.hu\/?s={search_term_string}"},"query-input":{"@type":"PropertyValueSpecification","valueRequired":true,"valueName":"search_term_string"}}],"inLanguage":"en-GB"},{"@type":"Organization","@id":"https:\/\/phpteszt.femstudio.hu\/#organization","name":"Katalin Havasi","url":"https:\/\/phpteszt.femstudio.hu\/","logo":{"@type":"ImageObject","inLanguage":"en-GB","@id":"https:\/\/phpteszt.femstudio.hu\/#\/schema\/logo\/image\/","url":"https:\/\/phpteszt.femstudio.hu\/wp-content\/uploads\/2023\/03\/hero.webp","contentUrl":"https:\/\/phpteszt.femstudio.hu\/wp-content\/uploads\/2023\/03\/hero.webp","width":2000,"height":1333,"caption":"Havasi Katalin"},"image":{"@id":"https:\/\/phpteszt.femstudio.hu\/#\/schema\/logo\/image\/"}}]}},"_links":{"self":[{"href":"https:\/\/phpteszt.femstudio.hu\/en\/wp-json\/wp\/v2\/pages\/25","targetHints":{"allow":["GET"]}}],"collection":[{"href":"https:\/\/phpteszt.femstudio.hu\/en\/wp-json\/wp\/v2\/pages"}],"about":[{"href":"https:\/\/phpteszt.femstudio.hu\/en\/wp-json\/wp\/v2\/types\/page"}],"author":[{"embeddable":true,"href":"https:\/\/phpteszt.femstudio.hu\/en\/wp-json\/wp\/v2\/users\/1"}],"replies":[{"embeddable":true,"href":"https:\/\/phpteszt.femstudio.hu\/en\/wp-json\/wp\/v2\/comments?post=25"}],"version-history":[{"count":2,"href":"https:\/\/phpteszt.femstudio.hu\/en\/wp-json\/wp\/v2\/pages\/25\/revisions"}],"predecessor-version":[{"id":765,"href":"https:\/\/phpteszt.femstudio.hu\/en\/wp-json\/wp\/v2\/pages\/25\/revisions\/765"}],"wp:attachment":[{"href":"https:\/\/phpteszt.femstudio.hu\/en\/wp-json\/wp\/v2\/media?parent=25"}],"curies":[{"name":"wp","href":"https:\/\/api.w.org\/{rel}","templated":true}]}}