{"id":261,"date":"2023-03-20T09:51:59","date_gmt":"2023-03-20T09:51:59","guid":{"rendered":"http:\/\/havasikatalin.timarweb.hu\/?page_id=261"},"modified":"2023-05-22T17:53:58","modified_gmt":"2023-05-22T17:53:58","slug":"impresszum","status":"publish","type":"page","link":"https:\/\/phpteszt.femstudio.hu\/en\/impresszum\/","title":{"rendered":"Impresszum"},"content":{"rendered":"<h5 class=\"wp-block-heading\">V\u00e1llalkoz\u00e1s adatai<\/h5>\n\n\n\n<ul class=\"wp-block-list\">\n<li>C\u00e9gn\u00e9v: Havasi Katalin egy\u00e9ni v\u00e1llalkoz\u00f3<\/li>\n\n\n\n<li>Sz\u00e9khely: 2532 Tokodalt\u00e1r\u00f3, G\u00e9za u. 30.<\/li>\n\n\n\n<li>Levelez\u00e9si c\u00edm: 1122 Budapest XII., B\u00edr\u00f3 u. 12.<\/li>\n\n\n\n<li>Ad\u00f3sz\u00e1m: 66090555-1-31<\/li>\n\n\n\n<li>A c\u00e9get bejegyz\u0151 hat\u00f3s\u00e1g: Korm\u00e1nyhivatal Dorog<\/li>\n\n\n\n<li>Hat\u00f3s\u00e1gi enged\u00e9ly sz\u00e1ma: 31621287<\/li>\n\n\n\n<li>Kamara: Kom\u00e1rom-Esztergom Megyei Kereskedelmi \u00e9s Iparkamara<\/li>\n\n\n\n<li>Email: katalin.havasi@gmail.com<\/li>\n\n\n\n<li>Telefon: +36302356070<\/li>\n<\/ul>\n\n\n\n<h5 class=\"wp-block-heading\">T\u00e1rhely szolg\u00e1ltat\u00f3<\/h5>\n\n\n\n<ul class=\"wp-block-list\">\n<li>C\u00e9gn\u00e9v: BlazeArts Kft.<\/li>\n\n\n\n<li>Sz\u00e9khely: 1096 Budapest, Thaly K\u00e1lm\u00e1n utca 39.<\/li>\n\n\n\n<li>Levelez\u00e9si c\u00edm: 6090 Kunszentmikl\u00f3s, Szent Erzs\u00e9bet t\u00e9r 11.<\/li>\n\n\n\n<li>C\u00e9gjegyz\u00e9ksz\u00e1m: 01-09-389087<\/li>\n\n\n\n<li>Ad\u00f3sz\u00e1m: 12539833-2-43<\/li>\n\n\n\n<li>K\u00f6z\u00f6ss\u00e9gi ad\u00f3sz\u00e1m: HU12539833<\/li>\n\n\n\n<li>Telefonsz\u00e1m: (+36) 1 610 5506<\/li>\n\n\n\n<li>E-mail: admin@forpsi.hu<\/li>\n<\/ul>\n\n\n\n<h5 class=\"wp-block-heading\">Honlap fejleszt\u00e9s<\/h5>\n\n\n\n<ul class=\"wp-block-list\">\n<li>Tim\u00e1rWeb<\/li>\n\n\n\n<li>C\u00e9gn\u00e9v: Sambhu Hari Kft.<\/li>\n\n\n\n<li>C\u00e9gjegyz\u00e9ksz\u00e1m: 13-09-170219<\/li>\n\n\n\n<li>Ad\u00f3sz\u00e1m: 13050854-1-13<\/li>\n\n\n\n<li>E-mail: tim<!-- rnld@ -->arw<!-- @ertwert -->eb@gma<!-- .hu -->il.<!--  rbkd.-->com<\/li>\n\n\n\n<li>Web: timarweb.hu<\/li>\n<\/ul>","protected":false},"excerpt":{"rendered":"<p>V\u00e1llalkoz\u00e1s adatai T\u00e1rhely szolg\u00e1ltat\u00f3 Honlap fejleszt\u00e9s<\/p>","protected":false},"author":1,"featured_media":0,"parent":0,"menu_order":0,"comment_status":"closed","ping_status":"closed","template":"template-page.php","meta":{"footnotes":""},"class_list":["post-261","page","type-page","status-publish","hentry"],"acf":[],"yoast_head":"<!-- This site is optimized with the Yoast SEO plugin v25.9 - https:\/\/yoast.com\/wordpress\/plugins\/seo\/ -->\n<title>Havasi Katalin<\/title>\n<meta name=\"robots\" content=\"noindex, follow, max-snippet:-1, max-image-preview:large, max-video-preview:-1\" \/>\n<meta property=\"og:locale\" content=\"en_GB\" \/>\n<meta property=\"og:type\" content=\"article\" \/>\n<meta property=\"og:description\" content=\"V\u00e1llalkoz\u00e1s adatai T\u00e1rhely szolg\u00e1ltat\u00f3 Honlap fejleszt\u00e9s\" \/>\n<meta property=\"og:url\" content=\"https:\/\/phpteszt.femstudio.hu\/en\/impresszum\/\" \/>\n<meta property=\"og:site_name\" content=\"Havasi Katalin\" \/>\n<meta property=\"article:modified_time\" content=\"2023-05-22T17:53:58+00:00\" \/>\n<meta property=\"og:image\" content=\"https:\/\/phpteszt.femstudio.hu\/wp-content\/uploads\/2023\/03\/hero.webp\" \/>\n\t<meta property=\"og:image:width\" content=\"2000\" \/>\n\t<meta property=\"og:image:height\" content=\"1333\" \/>\n\t<meta property=\"og:image:type\" content=\"image\/webp\" \/>\n<meta name=\"twitter:card\" content=\"summary_large_image\" \/>\n<meta name=\"twitter:label1\" content=\"Estimated reading time\" \/>\n\t<meta name=\"twitter:data1\" content=\"1 minute\" \/>\n<script type=\"application\/ld+json\" class=\"yoast-schema-graph\">{\"@context\":\"https:\/\/schema.org\",\"@graph\":[{\"@type\":\"WebPage\",\"@id\":\"https:\/\/phpteszt.femstudio.hu\/impresszum\/\",\"url\":\"https:\/\/phpteszt.femstudio.hu\/impresszum\/\",\"name\":\"\",\"isPartOf\":{\"@id\":\"https:\/\/phpteszt.femstudio.hu\/#website\"},\"datePublished\":\"2023-03-20T09:51:59+00:00\",\"dateModified\":\"2023-05-22T17:53:58+00:00\",\"breadcrumb\":{\"@id\":\"https:\/\/phpteszt.femstudio.hu\/impresszum\/#breadcrumb\"},\"inLanguage\":\"en-GB\",\"potentialAction\":[{\"@type\":\"ReadAction\",\"target\":[\"https:\/\/phpteszt.femstudio.hu\/impresszum\/\"]}]},{\"@type\":\"BreadcrumbList\",\"@id\":\"https:\/\/phpteszt.femstudio.hu\/impresszum\/#breadcrumb\",\"itemListElement\":[{\"@type\":\"ListItem\",\"position\":1,\"name\":\"Kezd\u0151lap\",\"item\":\"https:\/\/phpteszt.femstudio.hu\/\"},{\"@type\":\"ListItem\",\"position\":2,\"name\":\"Impresszum\"}]},{\"@type\":\"WebSite\",\"@id\":\"https:\/\/phpteszt.femstudio.hu\/#website\",\"url\":\"https:\/\/phpteszt.femstudio.hu\/\",\"name\":\"Havasi Katalin\",\"description\":\"hipn\u00f3zis, \u00f6nismeret, coaching\",\"publisher\":{\"@id\":\"https:\/\/phpteszt.femstudio.hu\/#organization\"},\"potentialAction\":[{\"@type\":\"SearchAction\",\"target\":{\"@type\":\"EntryPoint\",\"urlTemplate\":\"https:\/\/phpteszt.femstudio.hu\/?s={search_term_string}\"},\"query-input\":{\"@type\":\"PropertyValueSpecification\",\"valueRequired\":true,\"valueName\":\"search_term_string\"}}],\"inLanguage\":\"en-GB\"},{\"@type\":\"Organization\",\"@id\":\"https:\/\/phpteszt.femstudio.hu\/#organization\",\"name\":\"Havasi Katalin\",\"url\":\"https:\/\/phpteszt.femstudio.hu\/\",\"logo\":{\"@type\":\"ImageObject\",\"inLanguage\":\"en-GB\",\"@id\":\"https:\/\/phpteszt.femstudio.hu\/#\/schema\/logo\/image\/\",\"url\":\"https:\/\/phpteszt.femstudio.hu\/wp-content\/uploads\/2023\/03\/hero.webp\",\"contentUrl\":\"https:\/\/phpteszt.femstudio.hu\/wp-content\/uploads\/2023\/03\/hero.webp\",\"width\":2000,\"height\":1333,\"caption\":\"Havasi Katalin\"},\"image\":{\"@id\":\"https:\/\/phpteszt.femstudio.hu\/#\/schema\/logo\/image\/\"}}]}<\/script>\n<!-- \/ Yoast SEO plugin. -->","yoast_head_json":{"title":"Katalin Havasi","robots":{"index":"noindex","follow":"follow","max-snippet":"max-snippet:-1","max-image-preview":"max-image-preview:large","max-video-preview":"max-video-preview:-1"},"og_locale":"en_GB","og_type":"article","og_description":"V\u00e1llalkoz\u00e1s adatai T\u00e1rhely szolg\u00e1ltat\u00f3 Honlap fejleszt\u00e9s","og_url":"https:\/\/phpteszt.femstudio.hu\/en\/impresszum\/","og_site_name":"Havasi Katalin","article_modified_time":"2023-05-22T17:53:58+00:00","og_image":[{"width":2000,"height":1333,"url":"https:\/\/phpteszt.femstudio.hu\/wp-content\/uploads\/2023\/03\/hero.webp","type":"image\/webp"}],"twitter_card":"summary_large_image","twitter_misc":{"Estimated reading time":"1 minute"},"schema":{"@context":"https:\/\/schema.org","@graph":[{"@type":"WebPage","@id":"https:\/\/phpteszt.femstudio.hu\/impresszum\/","url":"https:\/\/phpteszt.femstudio.hu\/impresszum\/","name":"","isPartOf":{"@id":"https:\/\/phpteszt.femstudio.hu\/#website"},"datePublished":"2023-03-20T09:51:59+00:00","dateModified":"2023-05-22T17:53:58+00:00","breadcrumb":{"@id":"https:\/\/phpteszt.femstudio.hu\/impresszum\/#breadcrumb"},"inLanguage":"en-GB","potentialAction":[{"@type":"ReadAction","target":["https:\/\/phpteszt.femstudio.hu\/impresszum\/"]}]},{"@type":"BreadcrumbList","@id":"https:\/\/phpteszt.femstudio.hu\/impresszum\/#breadcrumb","itemListElement":[{"@type":"ListItem","position":1,"name":"Kezd\u0151lap","item":"https:\/\/phpteszt.femstudio.hu\/"},{"@type":"ListItem","position":2,"name":"Impresszum"}]},{"@type":"WebSite","@id":"https:\/\/phpteszt.femstudio.hu\/#website","url":"https:\/\/phpteszt.femstudio.hu\/","name":"Katalin Havasi","description":"hipn\u00f3zis, \u00f6nismeret, coaching","publisher":{"@id":"https:\/\/phpteszt.femstudio.hu\/#organization"},"potentialAction":[{"@type":"SearchAction","target":{"@type":"EntryPoint","urlTemplate":"https:\/\/phpteszt.femstudio.hu\/?s={search_term_string}"},"query-input":{"@type":"PropertyValueSpecification","valueRequired":true,"valueName":"search_term_string"}}],"inLanguage":"en-GB"},{"@type":"Organization","@id":"https:\/\/phpteszt.femstudio.hu\/#organization","name":"Katalin Havasi","url":"https:\/\/phpteszt.femstudio.hu\/","logo":{"@type":"ImageObject","inLanguage":"en-GB","@id":"https:\/\/phpteszt.femstudio.hu\/#\/schema\/logo\/image\/","url":"https:\/\/phpteszt.femstudio.hu\/wp-content\/uploads\/2023\/03\/hero.webp","contentUrl":"https:\/\/phpteszt.femstudio.hu\/wp-content\/uploads\/2023\/03\/hero.webp","width":2000,"height":1333,"caption":"Havasi Katalin"},"image":{"@id":"https:\/\/phpteszt.femstudio.hu\/#\/schema\/logo\/image\/"}}]}},"_links":{"self":[{"href":"https:\/\/phpteszt.femstudio.hu\/en\/wp-json\/wp\/v2\/pages\/261","targetHints":{"allow":["GET"]}}],"collection":[{"href":"https:\/\/phpteszt.femstudio.hu\/en\/wp-json\/wp\/v2\/pages"}],"about":[{"href":"https:\/\/phpteszt.femstudio.hu\/en\/wp-json\/wp\/v2\/types\/page"}],"author":[{"embeddable":true,"href":"https:\/\/phpteszt.femstudio.hu\/en\/wp-json\/wp\/v2\/users\/1"}],"replies":[{"embeddable":true,"href":"https:\/\/phpteszt.femstudio.hu\/en\/wp-json\/wp\/v2\/comments?post=261"}],"version-history":[{"count":1,"href":"https:\/\/phpteszt.femstudio.hu\/en\/wp-json\/wp\/v2\/pages\/261\/revisions"}],"predecessor-version":[{"id":396,"href":"https:\/\/phpteszt.femstudio.hu\/en\/wp-json\/wp\/v2\/pages\/261\/revisions\/396"}],"wp:attachment":[{"href":"https:\/\/phpteszt.femstudio.hu\/en\/wp-json\/wp\/v2\/media?parent=261"}],"curies":[{"name":"wp","href":"https:\/\/api.w.org\/{rel}","templated":true}]}}