{"id":83,"date":"2022-10-20T14:56:36","date_gmt":"2022-10-20T14:56:36","guid":{"rendered":"http:\/\/havasikatalin.timarweb.hu\/?page_id=83"},"modified":"2025-09-08T07:28:23","modified_gmt":"2025-09-08T07:28:23","slug":"lelkunk-utja-michael-newton","status":"publish","type":"page","link":"https:\/\/phpteszt.femstudio.hu\/en\/lelkunk-utja-michael-newton\/","title":{"rendered":"Lelk\u00fcnk \u00fatja hipn\u00f3zis"},"content":{"rendered":"<p><strong>Life between lives, azaz \u00e9letek k\u00f6zti hipn\u00f3zis, az eredeti Dr. Michael Newton m\u00f3dszer\u00ae<\/strong><\/p>\n\n\n<div class=\"wp-block-image\">\n<figure class=\"aligncenter size-full is-resized\"><img loading=\"lazy\" decoding=\"async\" width=\"1000\" height=\"750\" src=\"https:\/\/phpteszt.femstudio.hu\/wp-content\/uploads\/2025\/09\/Depositphotos_39139631_S.jpg\" alt=\"\" class=\"wp-image-793\" style=\"width:384px;height:auto\" srcset=\"https:\/\/phpteszt.femstudio.hu\/wp-content\/uploads\/2025\/09\/Depositphotos_39139631_S.jpg 1000w, https:\/\/phpteszt.femstudio.hu\/wp-content\/uploads\/2025\/09\/Depositphotos_39139631_S-300x225.jpg 300w, https:\/\/phpteszt.femstudio.hu\/wp-content\/uploads\/2025\/09\/Depositphotos_39139631_S-768x576.jpg 768w\" sizes=\"auto, (max-width: 1000px) 100vw, 1000px\" \/><\/figure>\n<\/div>\n\n\n<p><\/p>\n\n\n\n<p><em><strong>&#8222;Nincs lelked, te magad vagy a l\u00e9lek. Tested van.&#8221; (C.S. Lewis)<\/strong><\/em><\/p>\n\n\n\n<p>Dr. Michael Newton amerikai pszichol\u00f3gus-hipnoterapeuta szkeptikus volt a L\u00e9lek l\u00e9tez\u00e9s\u00e9vel kapcsolatban, de praxisa egy pontj\u00e1n megtapasztalta m\u00e9gis, hogy egyes kliensei egy \u00fagynevezett &#8222;l\u00e9tk\u00f6zi vil\u00e1gba&#8221; jutnak a hipn\u00f3zis seg\u00edts\u00e9g\u00e9vel, \u00e9s egym\u00e1st\u00f3l f\u00fcggetlen\u00fcl ugyanazt mes\u00e9lik el az &#8222;oda\u00e1tr\u00f3l&#8221;.<\/p>\n\n\n\n<p>Michael egy speci\u00e1lis hipn\u00f3zis technik\u00e1t kidolgozva kutatni kezdte a L\u00e9lek fogalm\u00e1t, \u00e9s t\u00f6bb ezer, hanganyaggal dokument\u00e1lt hipn\u00f3zis \u00fcl\u00e9ssel bebizony\u00edtotta, hogy minden emberben lakik egy olyan fels\u0151bb tudatoss\u00e1g, amely f\u00fcggetlen a gyarl\u00f3 emberi term\u00e9szett\u0151l, \u00e9s el\u0151re meghat\u00e1rozott c\u00e9llal \u00e9rkezett a F\u00f6ldre. A kutat\u00e1sai sor\u00e1n felfedezte a f\u00e9nyfolyos\u00f3n t\u00fali l\u00e9tk\u00f6zi vil\u00e1g k\u00fcl\u00f6nb\u00f6z\u0151 \u00e1llom\u00e1shelyeit, illetve tapasztalta, hogy a L\u00e9lek akkur\u00e1tusan v\u00e1lasztotta ki az adott \u00e9lethez a sz\u00fcleit-, az orsz\u00e1got, ahol \u00e9lni fog-, a testet amelyben megval\u00f3s\u00edtja \u00f6nmag\u00e1t-, ill. megannyi m\u00e1s szem\u00e9lyt \u00e9s k\u00f6r\u00fclm\u00e9nyt. Mindezt az\u00e9rt, hogy v\u00e9grehajthassa k\u00fcldet\u00e9s\u00e9t, mely \u00e1ltal emberi tapasztalatokat szerezve mint L\u00e9lek fejl\u0151dhet. Ha \u00e9rdekelnek Michael kutat\u00e1sai \u00e9s a hipn\u00f3zisban k\u00e9sz\u00fclt interj\u00fai a Lelkekkel, akkor aj\u00e1nlom figyelmedbe a Lelk\u00fcnk \u00fatja k\u00f6nyveket, melyek t\u00f6bb online web\u00e1ruh\u00e1zban \u00e9s a nagyobb k\u00f6nyv\u00e1ruh\u00e1zakban is kaphat\u00f3k.<\/p>\n\n\n\n<figure class=\"wp-block-gallery has-nested-images columns-default is-cropped wp-block-gallery-1 is-layout-flex wp-block-gallery-is-layout-flex\">\n<figure class=\"wp-block-image size-large is-style-default\"><img loading=\"lazy\" decoding=\"async\" width=\"324\" height=\"500\" data-id=\"798\" src=\"https:\/\/phpteszt.femstudio.hu\/wp-content\/uploads\/2025\/09\/1-2.jpeg\" alt=\"\" class=\"wp-image-798\" srcset=\"https:\/\/phpteszt.femstudio.hu\/wp-content\/uploads\/2025\/09\/1-2.jpeg 324w, https:\/\/phpteszt.femstudio.hu\/wp-content\/uploads\/2025\/09\/1-2-194x300.jpeg 194w\" sizes=\"auto, (max-width: 324px) 100vw, 324px\" \/><\/figure>\n\n\n\n<figure class=\"wp-block-image size-large\"><img loading=\"lazy\" decoding=\"async\" width=\"327\" height=\"500\" data-id=\"796\" src=\"https:\/\/phpteszt.femstudio.hu\/wp-content\/uploads\/2025\/09\/2-1.jpeg\" alt=\"\" class=\"wp-image-796\" srcset=\"https:\/\/phpteszt.femstudio.hu\/wp-content\/uploads\/2025\/09\/2-1.jpeg 327w, https:\/\/phpteszt.femstudio.hu\/wp-content\/uploads\/2025\/09\/2-1-196x300.jpeg 196w\" sizes=\"auto, (max-width: 327px) 100vw, 327px\" \/><\/figure>\n\n\n\n<figure class=\"wp-block-image size-large\"><img loading=\"lazy\" decoding=\"async\" width=\"330\" height=\"500\" data-id=\"797\" src=\"https:\/\/phpteszt.femstudio.hu\/wp-content\/uploads\/2025\/09\/3.jpeg\" alt=\"\" class=\"wp-image-797\" srcset=\"https:\/\/phpteszt.femstudio.hu\/wp-content\/uploads\/2025\/09\/3.jpeg 330w, https:\/\/phpteszt.femstudio.hu\/wp-content\/uploads\/2025\/09\/3-198x300.jpeg 198w\" sizes=\"auto, (max-width: 330px) 100vw, 330px\" \/><\/figure>\n<\/figure>\n\n\n\n<p>Ha m\u00e1r olvastad a k\u00f6nyveket, vagy egyszer\u0171en ez a n\u00e9h\u00e1ny sor \u00e9rdekess\u00e9 tette sz\u00e1modra, hogy megismerkedj a L\u00e9lekkel, aki a te identit\u00e1sodban van most jelen a F\u00f6ld\u00f6n, akkor szeretettel l\u00e1tlak egy Lelk\u00fcnk \u00fatja hipn\u00f3zis \u00fcl\u00e9sen, melyet az angol r\u00f6vid\u00edt\u00e9s alapj\u00e1n LBL\u00ae-nek nevez\u00fcnk. \u00c9n magam t\u00f6bbsz\u00f6r is \u00e1t\u00e9ltem m\u00e1r, m\u00e9gis neh\u00e9z szavakba \u00f6ntenem azt a k\u00fcl\u00f6nleges \u00e9lm\u00e9nyt, amit ez a lelki utaz\u00e1s ad. Hatalmas megtiszteltet\u00e9s sz\u00e1momra, hogy az els\u0151 lehetek, aki haz\u00e1nkb\u00f3l ezt a csod\u00e1latos m\u00f3dszert megtanulhatta, \u00e9s megismertetheti a magyarorsz\u00e1gi Lelkekkel.<\/p>\n\n\n\n<p>Az \u00fcl\u00e9s pontos menet\u00e9r\u0151l k\u00e9rlek, telefonon \u00e9rdekl\u0151dj a lentebb megadott el\u00e9rhet\u0151s\u00e9gemen, de el\u00f6lj\u00e1r\u00f3ban sz\u00edvesen adok n\u00e9h\u00e1ny t\u00e1mpontot, hogy felk\u00e9sz\u00fclhess:<\/p>\n\n\n\n<p>Az estetek t\u00f6bbs\u00e9g\u00e9ben az LBL\u00ae \u00fcl\u00e9st megel\u0151zi egy felk\u00e9sz\u00edt\u0151 spiritu\u00e1lis hipn\u00f3zis, 2-3 \u00f3ra hossz\u00fa id\u0151tartamban. Maga az LBL\u00ae 3-4 \u00f3ra, emiatt sz\u00fcks\u00e9ges az elm\u00e9det tren\u00edrozni arra, hogy egy ilyen hossz\u00fa \u00e9s m\u00e9ly tudati utaz\u00e1son r\u00e9szt tudjon venni. Ha kr\u00edzisben vagy \u00e9s sok a neh\u00e9zs\u00e9g a jelenedben vagy a m\u00faltadban, akkor el\u0151fordulhat, hogy az LBL\u00ae \u00fcl\u00e9st meg kell el\u0151znie n\u00e9h\u00e1ny hipnoter\u00e1pi\u00e1s \u00fcl\u00e9snek ahhoz, hogy a traum\u00e1id ne akad\u00e1lyozzanak abban, hogy Lelked k\u00fcldet\u00e9s\u00e9t megismerd. A m\u00f3dszer, -ahogyan a hagyom\u00e1nyos hipnoter\u00e1pia-, online is el\u00e9rhet\u0151. Ennek technikai r\u00e9szleteir\u0151l is t\u00e1j\u00e9koztatlak, amikor megkeresel.<\/p>\n\n\n\n<p>Amikor bejelentkezel, akkor a sz\u00e1modra legmegfelel\u0151bb m\u00f3dot fogom javasolni ahhoz, hogy ezt a csod\u00e1latos utaz\u00e1st \u00e1t\u00e9lhesd. Tapasztalataim szerint a lelk\u00fcnk \u00fatja hipn\u00f3zis olyan megk\u00f6nnyebb\u00fcl\u00e9st \u00e9s szeml\u00e9letv\u00e1lt\u00e1st ad a f\u00f6ldi l\u00e9thez, mely egyed\u00fcl\u00e1ll\u00f3 m\u00f3don t\u00e1mogat mindenkit a kapcsolataihoz-, test\u00e9hez-, neh\u00e9zs\u00e9geihez-, a nem \u00e9rtett esem\u00e9nyekhez-, azaz az eg\u00e9sz \u00e9lethez val\u00f3 viszonyul\u00e1s\u00e1ban. Ak\u00e1r \u00f6r\u00f6mteli, ak\u00e1r neh\u00e9z szakasz\u00e1t \u00e9led az \u00e9letednek, a L\u00e9lek, aki vagy ir\u00e1nymutat\u00e1st adhat neked azzal kapcsolatban, hogy mi a val\u00f3di c\u00e9l, ami\u00e9rt itt vagy a F\u00f6ld\u00f6n.<\/p>\n\n\n\n<p><\/p>\n\n\n\n<p><strong>Ha szeretn\u00e9d \u00e1t\u00e9lni az LBL\u00ae hipn\u00f3zist, akkor h\u00edvj ezen a telefonsz\u00e1mon: +36302356070. <\/strong>Ha nem \u00e9rn\u00e9l el, term\u00e9szetesen visszah\u00edvlak. Munk\u00e1m \u00e9s leterhelts\u00e9gem ok\u00e1n el\u0151fordulhat n\u00e9h\u00e1ny napos \u00e1tfut\u00e1s a te h\u00edv\u00e1sod \u00e9s az \u00e9n h\u00edv\u00e1som k\u00f6zt, ehhez t\u00fcrelmedet k\u00e9rem. K\u00f6sz\u00f6n\u00f6m!  <\/p>","protected":false},"excerpt":{"rendered":"<p>Life between lives, azaz \u00e9letek k\u00f6zti hipn\u00f3zis, az eredeti Dr. Michael Newton m\u00f3dszer\u00ae &#8222;Nincs lelked, te magad vagy a l\u00e9lek. Tested van.&#8221; (C.S. Lewis) Dr. Michael Newton amerikai pszichol\u00f3gus-hipnoterapeuta szkeptikus [&hellip;]<\/p>","protected":false},"author":1,"featured_media":789,"parent":0,"menu_order":2,"comment_status":"closed","ping_status":"closed","template":"template-page.php","meta":{"footnotes":""},"class_list":["post-83","page","type-page","status-publish","has-post-thumbnail","hentry"],"acf":[],"yoast_head":"<!-- This site is optimized with the Yoast SEO plugin v25.9 - https:\/\/yoast.com\/wordpress\/plugins\/seo\/ -->\n<title>Havasi Katalin<\/title>\n<meta name=\"robots\" content=\"noindex, follow, max-snippet:-1, max-image-preview:large, max-video-preview:-1\" \/>\n<meta property=\"og:locale\" content=\"en_GB\" \/>\n<meta property=\"og:type\" content=\"article\" \/>\n<meta property=\"og:description\" content=\"Gondolt\u00e1l m\u00e1r arra, hogy j\u00f3 lenne, ha valaki seg\u00edtene eligazodni az \u00e9letben \u00fagy, mint egy jelk\u00e9pes idegenvezet\u0151? Vannak helyzetek, melyeket k\u00f6nnyed\u00e9n siker\u00fcl megoldani az otthonr\u00f3l hozott, vagy id\u0151k\u00f6zben megszerzett megold\u00e1si mechanizmusokkal, de mindenki \u00e9let\u00e9ben ad\u00f3dnak olyan szitu\u00e1ci\u00f3k, melyeket a rendelkez\u00e9s\u00e9re \u00e1ll\u00f3 eszk\u00f6z\u00f6kkel nem tud sikeresen kezelni. S\u0151t, el\u0151fordul, hogy valaki \u00f6nsorsront\u00e1sban \u00e9li az \u00e9let\u00e9t, de nem veszi \u00e9szre addig, am\u00edg valaki nem seg\u00edt felismerni azokat a tudatalatti &quot;programokat&quot;, amelyekkel \u00fajra-, \u00e9s \u00fajra ism\u00e9tli a probl\u00e9m\u00e1t.\" \/>\n<meta property=\"og:url\" content=\"https:\/\/phpteszt.femstudio.hu\/en\/lelkunk-utja-michael-newton\/\" \/>\n<meta property=\"og:site_name\" content=\"Havasi Katalin\" \/>\n<meta property=\"article:modified_time\" content=\"2025-09-08T07:28:23+00:00\" \/>\n<meta property=\"og:image\" content=\"https:\/\/phpteszt.femstudio.hu\/wp-content\/uploads\/2023\/03\/hero.webp\" \/>\n\t<meta property=\"og:image:width\" content=\"2000\" \/>\n\t<meta property=\"og:image:height\" content=\"1333\" \/>\n\t<meta property=\"og:image:type\" content=\"image\/webp\" \/>\n<meta name=\"twitter:card\" content=\"summary_large_image\" \/>\n<meta name=\"twitter:label1\" content=\"Estimated reading time\" \/>\n\t<meta name=\"twitter:data1\" content=\"4 minutes\" \/>\n<script type=\"application\/ld+json\" class=\"yoast-schema-graph\">{\"@context\":\"https:\/\/schema.org\",\"@graph\":[{\"@type\":\"WebPage\",\"@id\":\"https:\/\/phpteszt.femstudio.hu\/lelkunk-utja-michael-newton\/\",\"url\":\"https:\/\/phpteszt.femstudio.hu\/lelkunk-utja-michael-newton\/\",\"name\":\"\",\"isPartOf\":{\"@id\":\"https:\/\/phpteszt.femstudio.hu\/#website\"},\"primaryImageOfPage\":{\"@id\":\"https:\/\/phpteszt.femstudio.hu\/lelkunk-utja-michael-newton\/#primaryimage\"},\"image\":{\"@id\":\"https:\/\/phpteszt.femstudio.hu\/lelkunk-utja-michael-newton\/#primaryimage\"},\"thumbnailUrl\":\"https:\/\/phpteszt.femstudio.hu\/wp-content\/uploads\/2025\/09\/1.jpeg\",\"datePublished\":\"2022-10-20T14:56:36+00:00\",\"dateModified\":\"2025-09-08T07:28:23+00:00\",\"breadcrumb\":{\"@id\":\"https:\/\/phpteszt.femstudio.hu\/lelkunk-utja-michael-newton\/#breadcrumb\"},\"inLanguage\":\"en-GB\",\"potentialAction\":[{\"@type\":\"ReadAction\",\"target\":[\"https:\/\/phpteszt.femstudio.hu\/lelkunk-utja-michael-newton\/\"]}]},{\"@type\":\"ImageObject\",\"inLanguage\":\"en-GB\",\"@id\":\"https:\/\/phpteszt.femstudio.hu\/lelkunk-utja-michael-newton\/#primaryimage\",\"url\":\"https:\/\/phpteszt.femstudio.hu\/wp-content\/uploads\/2025\/09\/1.jpeg\",\"contentUrl\":\"https:\/\/phpteszt.femstudio.hu\/wp-content\/uploads\/2025\/09\/1.jpeg\",\"width\":324,\"height\":500},{\"@type\":\"BreadcrumbList\",\"@id\":\"https:\/\/phpteszt.femstudio.hu\/lelkunk-utja-michael-newton\/#breadcrumb\",\"itemListElement\":[{\"@type\":\"ListItem\",\"position\":1,\"name\":\"Kezd\u0151lap\",\"item\":\"https:\/\/phpteszt.femstudio.hu\/\"},{\"@type\":\"ListItem\",\"position\":2,\"name\":\"Lelk\u00fcnk \u00fatja hipn\u00f3zis\"}]},{\"@type\":\"WebSite\",\"@id\":\"https:\/\/phpteszt.femstudio.hu\/#website\",\"url\":\"https:\/\/phpteszt.femstudio.hu\/\",\"name\":\"Havasi Katalin\",\"description\":\"hipn\u00f3zis, \u00f6nismeret, coaching\",\"publisher\":{\"@id\":\"https:\/\/phpteszt.femstudio.hu\/#organization\"},\"potentialAction\":[{\"@type\":\"SearchAction\",\"target\":{\"@type\":\"EntryPoint\",\"urlTemplate\":\"https:\/\/phpteszt.femstudio.hu\/?s={search_term_string}\"},\"query-input\":{\"@type\":\"PropertyValueSpecification\",\"valueRequired\":true,\"valueName\":\"search_term_string\"}}],\"inLanguage\":\"en-GB\"},{\"@type\":\"Organization\",\"@id\":\"https:\/\/phpteszt.femstudio.hu\/#organization\",\"name\":\"Havasi Katalin\",\"url\":\"https:\/\/phpteszt.femstudio.hu\/\",\"logo\":{\"@type\":\"ImageObject\",\"inLanguage\":\"en-GB\",\"@id\":\"https:\/\/phpteszt.femstudio.hu\/#\/schema\/logo\/image\/\",\"url\":\"https:\/\/phpteszt.femstudio.hu\/wp-content\/uploads\/2023\/03\/hero.webp\",\"contentUrl\":\"https:\/\/phpteszt.femstudio.hu\/wp-content\/uploads\/2023\/03\/hero.webp\",\"width\":2000,\"height\":1333,\"caption\":\"Havasi Katalin\"},\"image\":{\"@id\":\"https:\/\/phpteszt.femstudio.hu\/#\/schema\/logo\/image\/\"}}]}<\/script>\n<!-- \/ Yoast SEO plugin. -->","yoast_head_json":{"title":"Katalin Havasi","robots":{"index":"noindex","follow":"follow","max-snippet":"max-snippet:-1","max-image-preview":"max-image-preview:large","max-video-preview":"max-video-preview:-1"},"og_locale":"en_GB","og_type":"article","og_description":"Gondolt\u00e1l m\u00e1r arra, hogy j\u00f3 lenne, ha valaki seg\u00edtene eligazodni az \u00e9letben \u00fagy, mint egy jelk\u00e9pes idegenvezet\u0151? Vannak helyzetek, melyeket k\u00f6nnyed\u00e9n siker\u00fcl megoldani az otthonr\u00f3l hozott, vagy id\u0151k\u00f6zben megszerzett megold\u00e1si mechanizmusokkal, de mindenki \u00e9let\u00e9ben ad\u00f3dnak olyan szitu\u00e1ci\u00f3k, melyeket a rendelkez\u00e9s\u00e9re \u00e1ll\u00f3 eszk\u00f6z\u00f6kkel nem tud sikeresen kezelni. S\u0151t, el\u0151fordul, hogy valaki \u00f6nsorsront\u00e1sban \u00e9li az \u00e9let\u00e9t, de nem veszi \u00e9szre addig, am\u00edg valaki nem seg\u00edt felismerni azokat a tudatalatti \"programokat\", amelyekkel \u00fajra-, \u00e9s \u00fajra ism\u00e9tli a probl\u00e9m\u00e1t.","og_url":"https:\/\/phpteszt.femstudio.hu\/en\/lelkunk-utja-michael-newton\/","og_site_name":"Havasi Katalin","article_modified_time":"2025-09-08T07:28:23+00:00","og_image":[{"width":2000,"height":1333,"url":"https:\/\/phpteszt.femstudio.hu\/wp-content\/uploads\/2023\/03\/hero.webp","type":"image\/webp"}],"twitter_card":"summary_large_image","twitter_misc":{"Estimated reading time":"4 minutes"},"schema":{"@context":"https:\/\/schema.org","@graph":[{"@type":"WebPage","@id":"https:\/\/phpteszt.femstudio.hu\/lelkunk-utja-michael-newton\/","url":"https:\/\/phpteszt.femstudio.hu\/lelkunk-utja-michael-newton\/","name":"","isPartOf":{"@id":"https:\/\/phpteszt.femstudio.hu\/#website"},"primaryImageOfPage":{"@id":"https:\/\/phpteszt.femstudio.hu\/lelkunk-utja-michael-newton\/#primaryimage"},"image":{"@id":"https:\/\/phpteszt.femstudio.hu\/lelkunk-utja-michael-newton\/#primaryimage"},"thumbnailUrl":"https:\/\/phpteszt.femstudio.hu\/wp-content\/uploads\/2025\/09\/1.jpeg","datePublished":"2022-10-20T14:56:36+00:00","dateModified":"2025-09-08T07:28:23+00:00","breadcrumb":{"@id":"https:\/\/phpteszt.femstudio.hu\/lelkunk-utja-michael-newton\/#breadcrumb"},"inLanguage":"en-GB","potentialAction":[{"@type":"ReadAction","target":["https:\/\/phpteszt.femstudio.hu\/lelkunk-utja-michael-newton\/"]}]},{"@type":"ImageObject","inLanguage":"en-GB","@id":"https:\/\/phpteszt.femstudio.hu\/lelkunk-utja-michael-newton\/#primaryimage","url":"https:\/\/phpteszt.femstudio.hu\/wp-content\/uploads\/2025\/09\/1.jpeg","contentUrl":"https:\/\/phpteszt.femstudio.hu\/wp-content\/uploads\/2025\/09\/1.jpeg","width":324,"height":500},{"@type":"BreadcrumbList","@id":"https:\/\/phpteszt.femstudio.hu\/lelkunk-utja-michael-newton\/#breadcrumb","itemListElement":[{"@type":"ListItem","position":1,"name":"Kezd\u0151lap","item":"https:\/\/phpteszt.femstudio.hu\/"},{"@type":"ListItem","position":2,"name":"Lelk\u00fcnk \u00fatja hipn\u00f3zis"}]},{"@type":"WebSite","@id":"https:\/\/phpteszt.femstudio.hu\/#website","url":"https:\/\/phpteszt.femstudio.hu\/","name":"Katalin Havasi","description":"hipn\u00f3zis, \u00f6nismeret, coaching","publisher":{"@id":"https:\/\/phpteszt.femstudio.hu\/#organization"},"potentialAction":[{"@type":"SearchAction","target":{"@type":"EntryPoint","urlTemplate":"https:\/\/phpteszt.femstudio.hu\/?s={search_term_string}"},"query-input":{"@type":"PropertyValueSpecification","valueRequired":true,"valueName":"search_term_string"}}],"inLanguage":"en-GB"},{"@type":"Organization","@id":"https:\/\/phpteszt.femstudio.hu\/#organization","name":"Katalin Havasi","url":"https:\/\/phpteszt.femstudio.hu\/","logo":{"@type":"ImageObject","inLanguage":"en-GB","@id":"https:\/\/phpteszt.femstudio.hu\/#\/schema\/logo\/image\/","url":"https:\/\/phpteszt.femstudio.hu\/wp-content\/uploads\/2023\/03\/hero.webp","contentUrl":"https:\/\/phpteszt.femstudio.hu\/wp-content\/uploads\/2023\/03\/hero.webp","width":2000,"height":1333,"caption":"Havasi Katalin"},"image":{"@id":"https:\/\/phpteszt.femstudio.hu\/#\/schema\/logo\/image\/"}}]}},"_links":{"self":[{"href":"https:\/\/phpteszt.femstudio.hu\/en\/wp-json\/wp\/v2\/pages\/83","targetHints":{"allow":["GET"]}}],"collection":[{"href":"https:\/\/phpteszt.femstudio.hu\/en\/wp-json\/wp\/v2\/pages"}],"about":[{"href":"https:\/\/phpteszt.femstudio.hu\/en\/wp-json\/wp\/v2\/types\/page"}],"author":[{"embeddable":true,"href":"https:\/\/phpteszt.femstudio.hu\/en\/wp-json\/wp\/v2\/users\/1"}],"replies":[{"embeddable":true,"href":"https:\/\/phpteszt.femstudio.hu\/en\/wp-json\/wp\/v2\/comments?post=83"}],"version-history":[{"count":19,"href":"https:\/\/phpteszt.femstudio.hu\/en\/wp-json\/wp\/v2\/pages\/83\/revisions"}],"predecessor-version":[{"id":851,"href":"https:\/\/phpteszt.femstudio.hu\/en\/wp-json\/wp\/v2\/pages\/83\/revisions\/851"}],"wp:featuredmedia":[{"embeddable":true,"href":"https:\/\/phpteszt.femstudio.hu\/en\/wp-json\/wp\/v2\/media\/789"}],"wp:attachment":[{"href":"https:\/\/phpteszt.femstudio.hu\/en\/wp-json\/wp\/v2\/media?parent=83"}],"curies":[{"name":"wp","href":"https:\/\/api.w.org\/{rel}","templated":true}]}}